{"id":19050,"date":"2025-10-24T15:54:28","date_gmt":"2025-10-24T12:54:28","guid":{"rendered":"https:\/\/ceoparts.com\/?post_type=product&#038;p=19050"},"modified":"2026-05-02T19:22:02","modified_gmt":"2026-05-02T16:22:02","slug":"jungheinrich-denge-mekanizmasi-50019785","status":"publish","type":"product","link":"https:\/\/ceoparts.com\/fr\/urun\/jungheinrich-denge-mekanizmasi-50019785\/","title":{"rendered":"M\u00e9canisme d&#8217;\u00e9quilibrage Jungheinrich \u2013 50019785"},"content":{"rendered":"<p>M\u00e9canisme d&#8217;\u00e9quilibrage Jungheinrich \u2013 50019785<\/p>\n<p>Jungheinrich 51100613, 50019785<\/p>\n<p>&nbsp;<\/p>\n<table dir=\"ltr\" border=\"0\" width=\"268\" cellspacing=\"0\" cellpadding=\"2\">\n<tbody>\n<tr>\n<td width=\"62%\" height=\"19\">\n<p align=\"left\"><span style=\"font-family: Calibri; font-size: medium;\">EJD 20-3<\/span><\/p>\n<\/td>\n<td width=\"38%\" height=\"19\">\n<p align=\"left\"><span style=\"font-family: Calibri; font-size: medium;\">6.98 &#8211; 7.05<\/span><\/p>\n<\/td>\n<\/tr>\n<tr>\n<td width=\"62%\" height=\"19\">\n<p align=\"left\"><span style=\"font-family: Calibri; font-size: medium;\">EJD 20-3 XL<\/span><\/p>\n<\/td>\n<td width=\"38%\" height=\"19\">\n<p align=\"left\"><span style=\"font-family: Calibri; font-size: medium;\">5.05 &#8211;<\/span><\/p>\n<\/td>\n<\/tr>\n<tr>\n<td width=\"62%\" height=\"19\">\n<p align=\"left\"><span style=\"font-family: Calibri; font-size: medium;\">EJD 220<\/span><\/p>\n<\/td>\n<td width=\"38%\" height=\"19\">\n<p align=\"left\"><span style=\"font-family: Calibri; font-size: medium;\">6.05 &#8211; 3.10<\/span><\/p>\n<\/td>\n<\/tr>\n<tr>\n<td width=\"62%\" height=\"19\">\n<p align=\"left\"><span style=\"font-family: Calibri; font-size: medium;\">WP 20 D (MIC)<\/span><\/p>\n<\/td>\n<td width=\"38%\" height=\"19\">\n<p align=\"left\"><span style=\"font-family: Calibri; font-size: medium;\">8.02 &#8211; 4.08<\/span><\/p>\n<\/td>\n<\/tr>\n<tr>\n<td width=\"62%\" height=\"19\">\n<p align=\"left\"><span style=\"font-family: Calibri; font-size: medium;\">WP 20 D (MIC)<\/span><\/p>\n<\/td>\n<td width=\"38%\" height=\"19\">\n<p align=\"left\"><span style=\"font-family: Calibri; font-size: medium;\">11.00 &#8211; 7.0<\/span><\/p>\n<\/td>\n<\/tr>\n<\/tbody>\n<\/table>","protected":false},"excerpt":{"rendered":"<p data-start=\"2830\" data-end=\"3014\">Le <strong data-start=\"2833\" data-end=\"2884\">M\u00e9canisme d\u2019\u00c9quilibrage Jungheinrich \u2013 50019785<\/strong> est une pi\u00e8ce d\u2019origine utilis\u00e9e pour stabiliser et r\u00e9partir les charges dans les syst\u00e8mes de levage des chariots Jungheinrich.<\/p>\n<p data-start=\"3016\" data-end=\"3040\"><strong data-start=\"3016\" data-end=\"3038\">Caract\u00e9ristiques :<\/strong><\/p>\n<ul data-start=\"3041\" data-end=\"3240\">\n<li data-start=\"3041\" data-end=\"3102\">\n<p data-start=\"3043\" data-end=\"3102\"><strong data-start=\"3043\" data-end=\"3063\">Nom du produit :<\/strong> M\u00e9canisme d\u2019\u00c9quilibrage Jungheinrich<\/p>\n<\/li>\n<li data-start=\"3103\" data-end=\"3132\">\n<p data-start=\"3105\" data-end=\"3132\"><strong data-start=\"3105\" data-end=\"3121\">Code pi\u00e8ce :<\/strong> 50019785<\/p>\n<\/li>\n<li data-start=\"3133\" data-end=\"3180\">\n<p data-start=\"3135\" data-end=\"3180\"><strong data-start=\"3135\" data-end=\"3149\">Mat\u00e9riau :<\/strong> Acier forg\u00e9 haute r\u00e9sistance<\/p>\n<\/li>\n<li data-start=\"3181\" data-end=\"3240\">\n<p data-start=\"3183\" data-end=\"3240\"><strong data-start=\"3183\" data-end=\"3197\">Avantage :<\/strong> Stabilit\u00e9, durabilit\u00e9, compatibilit\u00e9 OEM<\/p>\n<\/li>\n<\/ul>\n<p>&nbsp;<\/p>\n","protected":false},"featured_media":19059,"template":"","meta":[],"product_brand":[],"product_cat":[420,422],"product_tag":[],"class_list":{"0":"post-19050","1":"product","2":"type-product","3":"status-publish","4":"has-post-thumbnail","6":"product_cat-denge-mekanizmalar","7":"product_cat-jungheinrich-denge-mekanizma","9":"first","10":"instock","11":"taxable","12":"shipping-taxable","13":"purchasable","14":"product-type-simple"},"_links":{"self":[{"href":"https:\/\/ceoparts.com\/fr\/wp-json\/wp\/v2\/product\/19050","targetHints":{"allow":["GET"]}}],"collection":[{"href":"https:\/\/ceoparts.com\/fr\/wp-json\/wp\/v2\/product"}],"about":[{"href":"https:\/\/ceoparts.com\/fr\/wp-json\/wp\/v2\/types\/product"}],"wp:featuredmedia":[{"embeddable":true,"href":"https:\/\/ceoparts.com\/fr\/wp-json\/wp\/v2\/media\/19059"}],"wp:attachment":[{"href":"https:\/\/ceoparts.com\/fr\/wp-json\/wp\/v2\/media?parent=19050"}],"wp:term":[{"taxonomy":"product_brand","embeddable":true,"href":"https:\/\/ceoparts.com\/fr\/wp-json\/wp\/v2\/product_brand?post=19050"},{"taxonomy":"product_cat","embeddable":true,"href":"https:\/\/ceoparts.com\/fr\/wp-json\/wp\/v2\/product_cat?post=19050"},{"taxonomy":"product_tag","embeddable":true,"href":"https:\/\/ceoparts.com\/fr\/wp-json\/wp\/v2\/product_tag?post=19050"}],"curies":[{"name":"wp","href":"https:\/\/api.w.org\/{rel}","templated":true}]}}