{"id":19261,"date":"2025-10-28T09:08:35","date_gmt":"2025-10-28T06:08:35","guid":{"rendered":"https:\/\/ceoparts.com\/?post_type=product&#038;p=19261"},"modified":"2026-05-16T18:33:42","modified_gmt":"2026-05-16T15:33:42","slug":"still-fmx-fren-merkezi-1135045405","status":"publish","type":"product","link":"https:\/\/ceoparts.com\/fr\/urun\/still-fmx-fren-merkezi-1135045405\/","title":{"rendered":"Ma\u00eetre-cylindre de frein Still FMX \u2013 1135045405"},"content":{"rendered":"<p>Ma\u00eetre-cylindre de frein Still FMX \u2013 1135045405<\/p>","protected":false},"excerpt":{"rendered":"<p data-start=\"2736\" data-end=\"2925\">Le <strong data-start=\"2739\" data-end=\"2793\">Cylindre de Frein Principal Still FMX \u2013 1135045405<\/strong> est une pi\u00e8ce d\u2019origine utilis\u00e9e dans les syst\u00e8mes hydrauliques des chariots Still FMX. Il garantit un freinage stable et pr\u00e9cis.<\/p>\n<p data-start=\"2927\" data-end=\"2951\"><strong data-start=\"2927\" data-end=\"2949\">Caract\u00e9ristiques :<\/strong><\/p>\n<ul data-start=\"2952\" data-end=\"3196\">\n<li data-start=\"2952\" data-end=\"3014\">\n<p data-start=\"2954\" data-end=\"3014\"><strong data-start=\"2954\" data-end=\"2974\">Nom du produit :<\/strong> Cylindre de Frein Principal Still FMX<\/p>\n<\/li>\n<li data-start=\"3015\" data-end=\"3046\">\n<p data-start=\"3017\" data-end=\"3046\"><strong data-start=\"3017\" data-end=\"3033\">Code pi\u00e8ce :<\/strong> 1135045405<\/p>\n<\/li>\n<li data-start=\"3047\" data-end=\"3092\">\n<p data-start=\"3049\" data-end=\"3092\"><strong data-start=\"3049\" data-end=\"3074\">Mod\u00e8les compatibles :<\/strong> S\u00e9rie Still FMX<\/p>\n<\/li>\n<li data-start=\"3093\" data-end=\"3136\">\n<p data-start=\"3095\" data-end=\"3136\"><strong data-start=\"3095\" data-end=\"3109\">Mat\u00e9riau :<\/strong> Aluminium ou acier moul\u00e9<\/p>\n<\/li>\n<li data-start=\"3137\" data-end=\"3196\">\n<p data-start=\"3139\" data-end=\"3196\"><strong data-start=\"3139\" data-end=\"3153\">Avantage :<\/strong> S\u00e9curit\u00e9, performance, compatibilit\u00e9 OEM<\/p>\n<\/li>\n<\/ul>\n","protected":false},"featured_media":19266,"template":"","meta":[],"product_brand":[],"product_cat":[449,241,246,523,524],"product_tag":[],"class_list":{"0":"post-19261","1":"product","2":"type-product","3":"status-publish","4":"has-post-thumbnail","6":"product_cat-fren-sistem-parcalari","7":"product_cat-still","8":"product_cat-linde","9":"product_cat-yedek-parca-linde","10":"product_cat-yedek-parca-still","12":"first","13":"instock","14":"taxable","15":"shipping-taxable","16":"purchasable","17":"product-type-simple"},"_links":{"self":[{"href":"https:\/\/ceoparts.com\/fr\/wp-json\/wp\/v2\/product\/19261","targetHints":{"allow":["GET"]}}],"collection":[{"href":"https:\/\/ceoparts.com\/fr\/wp-json\/wp\/v2\/product"}],"about":[{"href":"https:\/\/ceoparts.com\/fr\/wp-json\/wp\/v2\/types\/product"}],"wp:featuredmedia":[{"embeddable":true,"href":"https:\/\/ceoparts.com\/fr\/wp-json\/wp\/v2\/media\/19266"}],"wp:attachment":[{"href":"https:\/\/ceoparts.com\/fr\/wp-json\/wp\/v2\/media?parent=19261"}],"wp:term":[{"taxonomy":"product_brand","embeddable":true,"href":"https:\/\/ceoparts.com\/fr\/wp-json\/wp\/v2\/product_brand?post=19261"},{"taxonomy":"product_cat","embeddable":true,"href":"https:\/\/ceoparts.com\/fr\/wp-json\/wp\/v2\/product_cat?post=19261"},{"taxonomy":"product_tag","embeddable":true,"href":"https:\/\/ceoparts.com\/fr\/wp-json\/wp\/v2\/product_tag?post=19261"}],"curies":[{"name":"wp","href":"https:\/\/api.w.org\/{rel}","templated":true}]}}