{"id":19267,"date":"2025-10-28T09:21:58","date_gmt":"2025-10-28T06:21:58","guid":{"rendered":"https:\/\/ceoparts.com\/?post_type=product&#038;p=19267"},"modified":"2026-05-16T18:47:32","modified_gmt":"2026-05-16T15:47:32","slug":"still-kart-koruyucu-kapak","status":"publish","type":"product","link":"https:\/\/ceoparts.com\/fr\/urun\/still-kart-koruyucu-kapak\/","title":{"rendered":"Couvercle de protection de carte Still"},"content":{"rendered":"<p>Couvercle de protection de carte Still<\/p>","protected":false},"excerpt":{"rendered":"<p data-start=\"2657\" data-end=\"2813\">Le <strong data-start=\"2660\" data-end=\"2702\">Couvercle de Protection de Carte Still<\/strong> prot\u00e8ge les cartes \u00e9lectroniques des chariots Still contre la poussi\u00e8re, l\u2019humidit\u00e9 et les chocs m\u00e9caniques.<\/p>\n<p data-start=\"2815\" data-end=\"2839\"><strong data-start=\"2815\" data-end=\"2837\">Caract\u00e9ristiques :<\/strong><\/p>\n<ul data-start=\"2840\" data-end=\"3077\">\n<li data-start=\"2840\" data-end=\"2903\">\n<p data-start=\"2842\" data-end=\"2903\"><strong data-start=\"2842\" data-end=\"2862\">Nom du produit :<\/strong> Couvercle de Protection de Carte Still<\/p>\n<\/li>\n<li data-start=\"2904\" data-end=\"2956\">\n<p data-start=\"2906\" data-end=\"2956\"><strong data-start=\"2906\" data-end=\"2923\">Application :<\/strong> Unit\u00e9 \u00e9lectronique de commande<\/p>\n<\/li>\n<li data-start=\"2957\" data-end=\"3018\">\n<p data-start=\"2959\" data-end=\"3018\"><strong data-start=\"2959\" data-end=\"2973\">Mat\u00e9riau :<\/strong> ABS \/ polycarbonate r\u00e9sistant \u00e0 la chaleur<\/p>\n<\/li>\n<li data-start=\"3019\" data-end=\"3077\">\n<p data-start=\"3021\" data-end=\"3077\"><strong data-start=\"3021\" data-end=\"3035\">Avantage :<\/strong> S\u00e9curit\u00e9, durabilit\u00e9, compatibilit\u00e9 OEM<\/p>\n<\/li>\n<\/ul>\n","protected":false},"featured_media":19271,"template":"","meta":[],"product_brand":[],"product_cat":[472,241,524],"product_tag":[],"class_list":{"0":"post-19267","1":"product","2":"type-product","3":"status-publish","4":"has-post-thumbnail","6":"product_cat-kaporta-aksami","7":"product_cat-still","8":"product_cat-yedek-parca-still","10":"first","11":"instock","12":"taxable","13":"shipping-taxable","14":"purchasable","15":"product-type-simple"},"_links":{"self":[{"href":"https:\/\/ceoparts.com\/fr\/wp-json\/wp\/v2\/product\/19267","targetHints":{"allow":["GET"]}}],"collection":[{"href":"https:\/\/ceoparts.com\/fr\/wp-json\/wp\/v2\/product"}],"about":[{"href":"https:\/\/ceoparts.com\/fr\/wp-json\/wp\/v2\/types\/product"}],"wp:featuredmedia":[{"embeddable":true,"href":"https:\/\/ceoparts.com\/fr\/wp-json\/wp\/v2\/media\/19271"}],"wp:attachment":[{"href":"https:\/\/ceoparts.com\/fr\/wp-json\/wp\/v2\/media?parent=19267"}],"wp:term":[{"taxonomy":"product_brand","embeddable":true,"href":"https:\/\/ceoparts.com\/fr\/wp-json\/wp\/v2\/product_brand?post=19267"},{"taxonomy":"product_cat","embeddable":true,"href":"https:\/\/ceoparts.com\/fr\/wp-json\/wp\/v2\/product_cat?post=19267"},{"taxonomy":"product_tag","embeddable":true,"href":"https:\/\/ceoparts.com\/fr\/wp-json\/wp\/v2\/product_tag?post=19267"}],"curies":[{"name":"wp","href":"https:\/\/api.w.org\/{rel}","templated":true}]}}