{"id":19272,"date":"2025-10-28T11:30:49","date_gmt":"2025-10-28T08:30:49","guid":{"rendered":"https:\/\/ceoparts.com\/?post_type=product&#038;p=19272"},"modified":"2026-05-16T15:08:17","modified_gmt":"2026-05-16T12:08:17","slug":"bt-catal-kilidi","status":"publish","type":"product","link":"https:\/\/ceoparts.com\/fr\/urun\/bt-catal-kilidi\/","title":{"rendered":"Verrou de fourche BT"},"content":{"rendered":"<p>Verrou de fourche BT<\/p>","protected":false},"excerpt":{"rendered":"<p data-start=\"2308\" data-end=\"2478\">Le <strong data-start=\"2311\" data-end=\"2335\">Verrou de Fourche BT<\/strong> est un composant de s\u00e9curit\u00e9 d\u2019origine utilis\u00e9 sur les chariots BT. Il maintient les fourches solidement verrouill\u00e9es pendant l\u2019utilisation.<\/p>\n<p data-start=\"2480\" data-end=\"2504\"><strong data-start=\"2480\" data-end=\"2502\">Caract\u00e9ristiques :<\/strong><\/p>\n<ul data-start=\"2505\" data-end=\"2695\">\n<li data-start=\"2505\" data-end=\"2550\">\n<p data-start=\"2507\" data-end=\"2550\"><strong data-start=\"2507\" data-end=\"2527\">Nom du produit :<\/strong> Verrou de Fourche BT<\/p>\n<\/li>\n<li data-start=\"2551\" data-end=\"2595\">\n<p data-start=\"2553\" data-end=\"2595\"><strong data-start=\"2553\" data-end=\"2570\">Application :<\/strong> Chariots \u00e9l\u00e9vateurs BT<\/p>\n<\/li>\n<li data-start=\"2596\" data-end=\"2637\">\n<p data-start=\"2598\" data-end=\"2637\"><strong data-start=\"2598\" data-end=\"2612\">Mat\u00e9riau :<\/strong> Acier haute r\u00e9sistance<\/p>\n<\/li>\n<li data-start=\"2638\" data-end=\"2695\">\n<p data-start=\"2640\" data-end=\"2695\"><strong data-start=\"2640\" data-end=\"2654\">Avantage :<\/strong> S\u00e9curit\u00e9, fiabilit\u00e9, compatibilit\u00e9 OEM<\/p>\n<\/li>\n<\/ul>\n","protected":false},"featured_media":19273,"template":"","meta":[],"product_brand":[],"product_cat":[470,251,518],"product_tag":[],"class_list":{"0":"post-19272","1":"product","2":"type-product","3":"status-publish","4":"has-post-thumbnail","6":"product_cat-diger-yedek-parcalar","7":"product_cat-bt","8":"product_cat-yedek-parca-bt","10":"first","11":"instock","12":"taxable","13":"shipping-taxable","14":"purchasable","15":"product-type-simple"},"_links":{"self":[{"href":"https:\/\/ceoparts.com\/fr\/wp-json\/wp\/v2\/product\/19272","targetHints":{"allow":["GET"]}}],"collection":[{"href":"https:\/\/ceoparts.com\/fr\/wp-json\/wp\/v2\/product"}],"about":[{"href":"https:\/\/ceoparts.com\/fr\/wp-json\/wp\/v2\/types\/product"}],"wp:featuredmedia":[{"embeddable":true,"href":"https:\/\/ceoparts.com\/fr\/wp-json\/wp\/v2\/media\/19273"}],"wp:attachment":[{"href":"https:\/\/ceoparts.com\/fr\/wp-json\/wp\/v2\/media?parent=19272"}],"wp:term":[{"taxonomy":"product_brand","embeddable":true,"href":"https:\/\/ceoparts.com\/fr\/wp-json\/wp\/v2\/product_brand?post=19272"},{"taxonomy":"product_cat","embeddable":true,"href":"https:\/\/ceoparts.com\/fr\/wp-json\/wp\/v2\/product_cat?post=19272"},{"taxonomy":"product_tag","embeddable":true,"href":"https:\/\/ceoparts.com\/fr\/wp-json\/wp\/v2\/product_tag?post=19272"}],"curies":[{"name":"wp","href":"https:\/\/api.w.org\/{rel}","templated":true}]}}