{"id":19277,"date":"2025-10-30T08:56:44","date_gmt":"2025-10-30T05:56:44","guid":{"rendered":"https:\/\/ceoparts.com\/?post_type=product&#038;p=19277"},"modified":"2026-05-16T12:10:26","modified_gmt":"2026-05-16T09:10:26","slug":"jungheinrich-kontrol-kafasi-51730050","status":"publish","type":"product","link":"https:\/\/ceoparts.com\/fr\/urun\/jungheinrich-kontrol-kafasi-51730050\/","title":{"rendered":"Connecteur de batterie Rema SRE 320 Noir"},"content":{"rendered":"<p>Connecteur de batterie Rema SRE 320 Noir<\/p>\n<p><span dir=\"auto\">Jungheinrich 51730050<\/span><\/p>\n<p><span dir=\"auto\">ERE 225 KP 7.08 &#8211;<\/span><br \/>\n<span dir=\"auto\">ERE 120n 9.09 &#8211; 1.18<\/span><br \/>\n<span dir=\"auto\">ECE 118 4.10 &#8211; 2.13<\/span><br \/>\n<span dir=\"auto\">ERE 120 5.12 &#8211;<\/span><br \/>\n<span dir=\"auto\">ERE 120n (NICHIYU) 1.11 &#8211; 2.20<\/span><br \/>\n<span dir=\"auto\">ECE 118 4.13 &#8211;<\/span><br \/>\n<span dir=\"auto\">ERE 120 \/ 125 \/ 225 10.16 &#8211;<\/span><br \/>\n<span dir=\"auto\">ERE 120 \/ 125 \/ 225 (ABD) 10.16 &#8211;<\/span><br \/>\n<span dir=\"auto\">ERE 120n 1.18 &#8211; 4.23<\/span><br \/>\n<span dir=\"auto\">EZS MB 230 7.20 &#8211; 4.23<\/span><br \/>\n<span dir=\"auto\">ERE MB 220\/225 2.23 &#8211;<\/span><br \/>\n<span dir=\"auto\">EZS MB 230 2.23 &#8211;<\/span><\/p>","protected":false},"excerpt":{"rendered":"<p data-start=\"2936\" data-end=\"3172\">La <strong data-start=\"2939\" data-end=\"2983\">T\u00eate de Commande Jungheinrich \u2013 51730050<\/strong> est le module de commande d\u2019origine utilis\u00e9 sur les chariots \u00e9lectriques et transpalettes Jungheinrich. Elle g\u00e8re toutes les fonctions de conduite et de levage avec une grande pr\u00e9cision.<\/p>\n<p data-start=\"3174\" data-end=\"3198\"><strong data-start=\"3174\" data-end=\"3196\">Caract\u00e9ristiques :<\/strong><\/p>\n<ul data-start=\"3199\" data-end=\"3520\">\n<li data-start=\"3199\" data-end=\"3264\">\n<p data-start=\"3201\" data-end=\"3264\"><strong data-start=\"3201\" data-end=\"3221\">Nom du produit :<\/strong> T\u00eate de Commande Jungheinrich \u2013 51730050<\/p>\n<\/li>\n<li data-start=\"3265\" data-end=\"3294\">\n<p data-start=\"3267\" data-end=\"3294\"><strong data-start=\"3267\" data-end=\"3283\">Code pi\u00e8ce :<\/strong> 51730050<\/p>\n<\/li>\n<li data-start=\"3295\" data-end=\"3377\">\n<p data-start=\"3297\" data-end=\"3377\"><strong data-start=\"3297\" data-end=\"3311\">Mat\u00e9riau :<\/strong> Circuit \u00e9lectronique industriel avec bo\u00eetier plastique renforc\u00e9<\/p>\n<\/li>\n<li data-start=\"3378\" data-end=\"3460\">\n<p data-start=\"3380\" data-end=\"3460\"><strong data-start=\"3380\" data-end=\"3397\">Application :<\/strong> Syst\u00e8mes de commande et direction pour chariots Jungheinrich<\/p>\n<\/li>\n<li data-start=\"3461\" data-end=\"3520\">\n<p data-start=\"3463\" data-end=\"3520\"><strong data-start=\"3463\" data-end=\"3477\">Avantage :<\/strong> Pr\u00e9cision, durabilit\u00e9, compatibilit\u00e9 OEM<\/p>\n<\/li>\n<\/ul>\n","protected":false},"featured_media":19441,"template":"","meta":[],"product_brand":[],"product_cat":[450,236,522],"product_tag":[],"class_list":{"0":"post-19277","1":"product","2":"type-product","3":"status-publish","4":"has-post-thumbnail","6":"product_cat-direksiyon-sistemleri","7":"product_cat-jungheinrich","8":"product_cat-yedek-parca-jungheinrich","10":"first","11":"instock","12":"taxable","13":"shipping-taxable","14":"purchasable","15":"product-type-simple"},"_links":{"self":[{"href":"https:\/\/ceoparts.com\/fr\/wp-json\/wp\/v2\/product\/19277","targetHints":{"allow":["GET"]}}],"collection":[{"href":"https:\/\/ceoparts.com\/fr\/wp-json\/wp\/v2\/product"}],"about":[{"href":"https:\/\/ceoparts.com\/fr\/wp-json\/wp\/v2\/types\/product"}],"wp:featuredmedia":[{"embeddable":true,"href":"https:\/\/ceoparts.com\/fr\/wp-json\/wp\/v2\/media\/19441"}],"wp:attachment":[{"href":"https:\/\/ceoparts.com\/fr\/wp-json\/wp\/v2\/media?parent=19277"}],"wp:term":[{"taxonomy":"product_brand","embeddable":true,"href":"https:\/\/ceoparts.com\/fr\/wp-json\/wp\/v2\/product_brand?post=19277"},{"taxonomy":"product_cat","embeddable":true,"href":"https:\/\/ceoparts.com\/fr\/wp-json\/wp\/v2\/product_cat?post=19277"},{"taxonomy":"product_tag","embeddable":true,"href":"https:\/\/ceoparts.com\/fr\/wp-json\/wp\/v2\/product_tag?post=19277"}],"curies":[{"name":"wp","href":"https:\/\/api.w.org\/{rel}","templated":true}]}}