{"id":19291,"date":"2025-10-30T15:04:33","date_gmt":"2025-10-30T12:04:33","guid":{"rendered":"https:\/\/ceoparts.com\/?post_type=product&#038;p=19291"},"modified":"2026-05-16T21:02:50","modified_gmt":"2026-05-16T18:02:50","slug":"jungheinrich-kelepce","status":"publish","type":"product","link":"https:\/\/ceoparts.com\/fr\/urun\/jungheinrich-kelepce\/","title":{"rendered":"Collier Jungheinrich"},"content":{"rendered":"<p>Collier Jungheinrich<\/p>","protected":false},"excerpt":{"rendered":"<p data-start=\"2392\" data-end=\"2733\">Le collier Jungheinrich est utilis\u00e9 pour fixer solidement les flexibles hydrauliques, c\u00e2bles ou connexions m\u00e9caniques sur les chariots et \u00e9quipements de magasinage. Il emp\u00eache le desserrage d\u00fb aux vibrations et assure une stabilit\u00e9 optimale du syst\u00e8me.<br data-start=\"2706\" data-end=\"2709\" \/><strong data-start=\"2709\" data-end=\"2731\">Caract\u00e9ristiques :<\/strong><\/p>\n<ul data-start=\"2734\" data-end=\"2892\">\n<li data-start=\"2734\" data-end=\"2775\">\n<p data-start=\"2736\" data-end=\"2775\">Compatible avec mat\u00e9riel Jungheinrich<\/p>\n<\/li>\n<li data-start=\"2776\" data-end=\"2805\">\n<p data-start=\"2778\" data-end=\"2805\">Maintien solide et fiable<\/p>\n<\/li>\n<li data-start=\"2806\" data-end=\"2842\">\n<p data-start=\"2808\" data-end=\"2842\">R\u00e9sistance \u00e9lev\u00e9e aux vibrations<\/p>\n<\/li>\n<li data-start=\"2843\" data-end=\"2892\">\n<p data-start=\"2845\" data-end=\"2892\">Adapt\u00e9 aux circuits hydrauliques et \u00e9lectriques<\/p>\n<\/li>\n<\/ul>\n","protected":false},"featured_media":19294,"template":"","meta":[],"product_brand":[],"product_cat":[470,236,522],"product_tag":[],"class_list":{"0":"post-19291","1":"product","2":"type-product","3":"status-publish","4":"has-post-thumbnail","6":"product_cat-diger-yedek-parcalar","7":"product_cat-jungheinrich","8":"product_cat-yedek-parca-jungheinrich","10":"first","11":"instock","12":"taxable","13":"shipping-taxable","14":"purchasable","15":"product-type-simple"},"_links":{"self":[{"href":"https:\/\/ceoparts.com\/fr\/wp-json\/wp\/v2\/product\/19291","targetHints":{"allow":["GET"]}}],"collection":[{"href":"https:\/\/ceoparts.com\/fr\/wp-json\/wp\/v2\/product"}],"about":[{"href":"https:\/\/ceoparts.com\/fr\/wp-json\/wp\/v2\/types\/product"}],"wp:featuredmedia":[{"embeddable":true,"href":"https:\/\/ceoparts.com\/fr\/wp-json\/wp\/v2\/media\/19294"}],"wp:attachment":[{"href":"https:\/\/ceoparts.com\/fr\/wp-json\/wp\/v2\/media?parent=19291"}],"wp:term":[{"taxonomy":"product_brand","embeddable":true,"href":"https:\/\/ceoparts.com\/fr\/wp-json\/wp\/v2\/product_brand?post=19291"},{"taxonomy":"product_cat","embeddable":true,"href":"https:\/\/ceoparts.com\/fr\/wp-json\/wp\/v2\/product_cat?post=19291"},{"taxonomy":"product_tag","embeddable":true,"href":"https:\/\/ceoparts.com\/fr\/wp-json\/wp\/v2\/product_tag?post=19291"}],"curies":[{"name":"wp","href":"https:\/\/api.w.org\/{rel}","templated":true}]}}