{"id":19296,"date":"2025-10-30T16:32:06","date_gmt":"2025-10-30T13:32:06","guid":{"rendered":"https:\/\/ceoparts.com\/?post_type=product&#038;p=19296"},"modified":"2026-05-16T20:15:34","modified_gmt":"2026-05-16T17:15:34","slug":"toyota-dizel-mars-motoru-281002366071","status":"publish","type":"product","link":"https:\/\/ceoparts.com\/fr\/urun\/toyota-dizel-mars-motoru-281002366071\/","title":{"rendered":"D\u00e9marreur diesel Toyota &#8211; 281002366071"},"content":{"rendered":"<p>D\u00e9marreur diesel Toyota &#8211; 281002366071<\/p>","protected":false},"excerpt":{"rendered":"<p data-start=\"2264\" data-end=\"2578\">Le d\u00e9marreur 281002366071 pour moteurs diesel Toyota assure une mise en route puissante et fiable. Con\u00e7u pour r\u00e9sister aux environnements de travail exigeants et conforme aux sp\u00e9cifications d\u2019origine Toyota.<br data-start=\"2551\" data-end=\"2554\" \/><strong data-start=\"2554\" data-end=\"2576\">Caract\u00e9ristiques :<\/strong><\/p>\n<ul data-start=\"2579\" data-end=\"2723\">\n<li data-start=\"2579\" data-end=\"2607\">\n<p data-start=\"2581\" data-end=\"2607\">R\u00e9f\u00e9rence : 281002366071<\/p>\n<\/li>\n<li data-start=\"2608\" data-end=\"2649\">\n<p data-start=\"2610\" data-end=\"2649\">Compatible avec moteurs diesel Toyota<\/p>\n<\/li>\n<li data-start=\"2650\" data-end=\"2691\">\n<p data-start=\"2652\" data-end=\"2691\">Couple \u00e9lev\u00e9 pour un d\u00e9marrage rapide<\/p>\n<\/li>\n<li data-start=\"2692\" data-end=\"2723\">\n<p data-start=\"2694\" data-end=\"2723\">Conception robuste et durable<\/p>\n<\/li>\n<\/ul>\n","protected":false},"featured_media":19302,"template":"","meta":[],"product_brand":[],"product_cat":[470,521,530],"product_tag":[],"class_list":{"0":"post-19296","1":"product","2":"type-product","3":"status-publish","4":"has-post-thumbnail","6":"product_cat-diger-yedek-parcalar","7":"product_cat-toyota","8":"product_cat-yedek-parca-toyota","10":"first","11":"instock","12":"taxable","13":"shipping-taxable","14":"purchasable","15":"product-type-simple"},"_links":{"self":[{"href":"https:\/\/ceoparts.com\/fr\/wp-json\/wp\/v2\/product\/19296","targetHints":{"allow":["GET"]}}],"collection":[{"href":"https:\/\/ceoparts.com\/fr\/wp-json\/wp\/v2\/product"}],"about":[{"href":"https:\/\/ceoparts.com\/fr\/wp-json\/wp\/v2\/types\/product"}],"wp:featuredmedia":[{"embeddable":true,"href":"https:\/\/ceoparts.com\/fr\/wp-json\/wp\/v2\/media\/19302"}],"wp:attachment":[{"href":"https:\/\/ceoparts.com\/fr\/wp-json\/wp\/v2\/media?parent=19296"}],"wp:term":[{"taxonomy":"product_brand","embeddable":true,"href":"https:\/\/ceoparts.com\/fr\/wp-json\/wp\/v2\/product_brand?post=19296"},{"taxonomy":"product_cat","embeddable":true,"href":"https:\/\/ceoparts.com\/fr\/wp-json\/wp\/v2\/product_cat?post=19296"},{"taxonomy":"product_tag","embeddable":true,"href":"https:\/\/ceoparts.com\/fr\/wp-json\/wp\/v2\/product_tag?post=19296"}],"curies":[{"name":"wp","href":"https:\/\/api.w.org\/{rel}","templated":true}]}}