{"id":19303,"date":"2025-10-31T10:36:26","date_gmt":"2025-10-31T07:36:26","guid":{"rendered":"https:\/\/ceoparts.com\/?post_type=product&#038;p=19303"},"modified":"2026-05-16T16:34:13","modified_gmt":"2026-05-16T13:34:13","slug":"linde-piston-tamir-takimi-0009608129","status":"publish","type":"product","link":"https:\/\/ceoparts.com\/fr\/urun\/linde-piston-tamir-takimi-0009608129\/","title":{"rendered":"Kit de r\u00e9paration piston Linde &#8211; 0009608129"},"content":{"rendered":"<p>Kit de r\u00e9paration piston Linde &#8211; 0009608129<\/p>","protected":false},"excerpt":{"rendered":"<p data-start=\"2457\" data-end=\"2799\">Le kit de r\u00e9paration de piston pour chariots \u00e9l\u00e9vateurs Linde permet de renouveler l\u2019\u00e9tanch\u00e9it\u00e9 et la performance du piston hydraulique. Il comprend joints, O-rings et ensembles d\u2019\u00e9tanch\u00e9it\u00e9 pour \u00e9viter pertes de pression et fuites d\u2019huile.<br data-start=\"2772\" data-end=\"2775\" \/><strong data-start=\"2775\" data-end=\"2797\">Caract\u00e9ristiques :<\/strong><\/p>\n<ul data-start=\"2800\" data-end=\"2949\">\n<li data-start=\"2800\" data-end=\"2833\">\n<p data-start=\"2802\" data-end=\"2833\">Compatible avec pistons Linde<\/p>\n<\/li>\n<li data-start=\"2834\" data-end=\"2869\">\n<p data-start=\"2836\" data-end=\"2869\">Remplacement complet des joints<\/p>\n<\/li>\n<li data-start=\"2870\" data-end=\"2914\">\n<p data-start=\"2872\" data-end=\"2914\">Emp\u00eache les fuites et pertes de pression<\/p>\n<\/li>\n<li data-start=\"2915\" data-end=\"2949\">\n<p data-start=\"2917\" data-end=\"2949\">Mat\u00e9riaux r\u00e9sistants et durables<\/p>\n<\/li>\n<\/ul>\n","protected":false},"featured_media":19305,"template":"","meta":[],"product_brand":[],"product_cat":[470,246,523],"product_tag":[],"class_list":{"0":"post-19303","1":"product","2":"type-product","3":"status-publish","4":"has-post-thumbnail","6":"product_cat-diger-yedek-parcalar","7":"product_cat-linde","8":"product_cat-yedek-parca-linde","10":"first","11":"instock","12":"taxable","13":"shipping-taxable","14":"purchasable","15":"product-type-simple"},"_links":{"self":[{"href":"https:\/\/ceoparts.com\/fr\/wp-json\/wp\/v2\/product\/19303","targetHints":{"allow":["GET"]}}],"collection":[{"href":"https:\/\/ceoparts.com\/fr\/wp-json\/wp\/v2\/product"}],"about":[{"href":"https:\/\/ceoparts.com\/fr\/wp-json\/wp\/v2\/types\/product"}],"wp:featuredmedia":[{"embeddable":true,"href":"https:\/\/ceoparts.com\/fr\/wp-json\/wp\/v2\/media\/19305"}],"wp:attachment":[{"href":"https:\/\/ceoparts.com\/fr\/wp-json\/wp\/v2\/media?parent=19303"}],"wp:term":[{"taxonomy":"product_brand","embeddable":true,"href":"https:\/\/ceoparts.com\/fr\/wp-json\/wp\/v2\/product_brand?post=19303"},{"taxonomy":"product_cat","embeddable":true,"href":"https:\/\/ceoparts.com\/fr\/wp-json\/wp\/v2\/product_cat?post=19303"},{"taxonomy":"product_tag","embeddable":true,"href":"https:\/\/ceoparts.com\/fr\/wp-json\/wp\/v2\/product_tag?post=19303"}],"curies":[{"name":"wp","href":"https:\/\/api.w.org\/{rel}","templated":true}]}}