{"id":19306,"date":"2025-10-31T10:54:22","date_gmt":"2025-10-31T07:54:22","guid":{"rendered":"https:\/\/ceoparts.com\/?post_type=product&#038;p=19306"},"modified":"2026-05-16T16:33:12","modified_gmt":"2026-05-16T13:33:12","slug":"linde-t16-tesisat-kablosu-3093810431","status":"publish","type":"product","link":"https:\/\/ceoparts.com\/fr\/urun\/linde-t16-tesisat-kablosu-3093810431\/","title":{"rendered":"Faisceau de c\u00e2bles Linde T16 \u2013 3093810431"},"content":{"rendered":"<p>Faisceau de c\u00e2bles Linde T16 \u2013 3093810431<\/p>","protected":false},"excerpt":{"rendered":"<p data-start=\"2349\" data-end=\"2699\">Le faisceau de c\u00e2bles 3093810431 pour les transpalettes Linde T16 assure une transmission \u00e9lectrique stable entre le syst\u00e8me de commande, la traction et les capteurs. Con\u00e7u selon les sp\u00e9cifications d\u2019origine pour une compatibilit\u00e9 parfaite.<br data-start=\"2672\" data-end=\"2675\" \/><strong data-start=\"2675\" data-end=\"2697\">Caract\u00e9ristiques :<\/strong><\/p>\n<ul data-start=\"2700\" data-end=\"2854\">\n<li data-start=\"2700\" data-end=\"2726\">\n<p data-start=\"2702\" data-end=\"2726\">R\u00e9f\u00e9rence : 3093810431<\/p>\n<\/li>\n<li data-start=\"2727\" data-end=\"2756\">\n<p data-start=\"2729\" data-end=\"2756\">Compatible avec Linde T16<\/p>\n<\/li>\n<li data-start=\"2757\" data-end=\"2792\">\n<p data-start=\"2759\" data-end=\"2792\">Transmission fiable des signaux<\/p>\n<\/li>\n<li data-start=\"2793\" data-end=\"2831\">\n<p data-start=\"2795\" data-end=\"2831\">Connecteurs conformes \u00e0 l\u2019original<\/p>\n<\/li>\n<li data-start=\"2832\" data-end=\"2854\">\n<p data-start=\"2834\" data-end=\"2854\">Construction durable<\/p>\n<\/li>\n<\/ul>\n","protected":false},"featured_media":19309,"template":"","meta":[],"product_brand":[],"product_cat":[469,246,523],"product_tag":[],"class_list":{"0":"post-19306","1":"product","2":"type-product","3":"status-publish","4":"has-post-thumbnail","6":"product_cat-elektrik-ve-sistem-parcalari","7":"product_cat-linde","8":"product_cat-yedek-parca-linde","10":"first","11":"instock","12":"taxable","13":"shipping-taxable","14":"purchasable","15":"product-type-simple"},"_links":{"self":[{"href":"https:\/\/ceoparts.com\/fr\/wp-json\/wp\/v2\/product\/19306","targetHints":{"allow":["GET"]}}],"collection":[{"href":"https:\/\/ceoparts.com\/fr\/wp-json\/wp\/v2\/product"}],"about":[{"href":"https:\/\/ceoparts.com\/fr\/wp-json\/wp\/v2\/types\/product"}],"wp:featuredmedia":[{"embeddable":true,"href":"https:\/\/ceoparts.com\/fr\/wp-json\/wp\/v2\/media\/19309"}],"wp:attachment":[{"href":"https:\/\/ceoparts.com\/fr\/wp-json\/wp\/v2\/media?parent=19306"}],"wp:term":[{"taxonomy":"product_brand","embeddable":true,"href":"https:\/\/ceoparts.com\/fr\/wp-json\/wp\/v2\/product_brand?post=19306"},{"taxonomy":"product_cat","embeddable":true,"href":"https:\/\/ceoparts.com\/fr\/wp-json\/wp\/v2\/product_cat?post=19306"},{"taxonomy":"product_tag","embeddable":true,"href":"https:\/\/ceoparts.com\/fr\/wp-json\/wp\/v2\/product_tag?post=19306"}],"curies":[{"name":"wp","href":"https:\/\/api.w.org\/{rel}","templated":true}]}}