{"id":19310,"date":"2025-10-31T11:09:57","date_gmt":"2025-10-31T08:09:57","guid":{"rendered":"https:\/\/ceoparts.com\/?post_type=product&#038;p=19310"},"modified":"2026-05-03T02:34:02","modified_gmt":"2026-05-02T23:34:02","slug":"jungheinrich-camurluk-50040374","status":"publish","type":"product","link":"https:\/\/ceoparts.com\/fr\/urun\/jungheinrich-camurluk-50040374\/","title":{"rendered":"Garde-boue Jungheinrich \u2013 50040374"},"content":{"rendered":"<p>Garde-boue Jungheinrich \u2013 50040374<\/p>","protected":false},"excerpt":{"rendered":"<p data-start=\"2405\" data-end=\"2793\">Le contacteur Albright SW280 \u2013 54VCO est con\u00e7u pour les applications DC intensives telles que les chariots \u00e9lectriques et les syst\u00e8mes de commande moteur. Sa bobine 54V garantit une performance stable et une commutation fiable. Construction robuste adapt\u00e9e aux environnements exigeants.<br data-start=\"2766\" data-end=\"2769\" \/><strong data-start=\"2769\" data-end=\"2791\">Caract\u00e9ristiques :<\/strong><\/p>\n<ul data-start=\"2794\" data-end=\"2919\">\n<li data-start=\"2794\" data-end=\"2820\">\n<p data-start=\"2796\" data-end=\"2820\">Mod\u00e8le : SW280 \u2013 54VCO<\/p>\n<\/li>\n<li data-start=\"2821\" data-end=\"2835\">\n<p data-start=\"2823\" data-end=\"2835\">Bobine 54V<\/p>\n<\/li>\n<li data-start=\"2836\" data-end=\"2865\">\n<p data-start=\"2838\" data-end=\"2865\">Haute capacit\u00e9 de courant<\/p>\n<\/li>\n<li data-start=\"2866\" data-end=\"2898\">\n<p data-start=\"2868\" data-end=\"2898\">Pour applications DC lourdes<\/p>\n<\/li>\n<li data-start=\"2899\" data-end=\"2919\">\n<p data-start=\"2901\" data-end=\"2919\">Conception durable<\/p>\n<\/li>\n<\/ul>\n","protected":false},"featured_media":19313,"template":"","meta":[],"product_brand":[],"product_cat":[472,236,522],"product_tag":[],"class_list":{"0":"post-19310","1":"product","2":"type-product","3":"status-publish","4":"has-post-thumbnail","6":"product_cat-kaporta-aksami","7":"product_cat-jungheinrich","8":"product_cat-yedek-parca-jungheinrich","10":"first","11":"instock","12":"taxable","13":"shipping-taxable","14":"purchasable","15":"product-type-simple"},"_links":{"self":[{"href":"https:\/\/ceoparts.com\/fr\/wp-json\/wp\/v2\/product\/19310","targetHints":{"allow":["GET"]}}],"collection":[{"href":"https:\/\/ceoparts.com\/fr\/wp-json\/wp\/v2\/product"}],"about":[{"href":"https:\/\/ceoparts.com\/fr\/wp-json\/wp\/v2\/types\/product"}],"wp:featuredmedia":[{"embeddable":true,"href":"https:\/\/ceoparts.com\/fr\/wp-json\/wp\/v2\/media\/19313"}],"wp:attachment":[{"href":"https:\/\/ceoparts.com\/fr\/wp-json\/wp\/v2\/media?parent=19310"}],"wp:term":[{"taxonomy":"product_brand","embeddable":true,"href":"https:\/\/ceoparts.com\/fr\/wp-json\/wp\/v2\/product_brand?post=19310"},{"taxonomy":"product_cat","embeddable":true,"href":"https:\/\/ceoparts.com\/fr\/wp-json\/wp\/v2\/product_cat?post=19310"},{"taxonomy":"product_tag","embeddable":true,"href":"https:\/\/ceoparts.com\/fr\/wp-json\/wp\/v2\/product_tag?post=19310"}],"curies":[{"name":"wp","href":"https:\/\/api.w.org\/{rel}","templated":true}]}}