{"id":19315,"date":"2025-10-31T11:36:40","date_gmt":"2025-10-31T08:36:40","guid":{"rendered":"https:\/\/ceoparts.com\/?post_type=product&#038;p=19315"},"modified":"2026-05-03T03:02:08","modified_gmt":"2026-05-03T00:02:08","slug":"albright-kontaktor-sw280-54vco","status":"publish","type":"product","link":"https:\/\/ceoparts.com\/fr\/urun\/albright-kontaktor-sw280-54vco\/","title":{"rendered":"Contacteur Albright SW280 &#8211; 54VCO"},"content":{"rendered":"<p>Contacteur Albright SW280 &#8211; 54VCO<\/p>","protected":false},"excerpt":{"rendered":"<p data-start=\"2305\" data-end=\"2619\">Le contacteur Albright SW280 \u2013 54VCO est con\u00e7u pour les applications DC intensives telles que les chariots \u00e9l\u00e9vateurs et les syst\u00e8mes de commande moteur. Sa bobine de 54V assure une commutation stable et durable.<br data-start=\"2592\" data-end=\"2595\" \/><strong data-start=\"2595\" data-end=\"2617\">Caract\u00e9ristiques :<\/strong><\/p>\n<ul data-start=\"2620\" data-end=\"2758\">\n<li data-start=\"2620\" data-end=\"2646\">\n<p data-start=\"2622\" data-end=\"2646\">Mod\u00e8le : SW280 \u2013 54VCO<\/p>\n<\/li>\n<li data-start=\"2647\" data-end=\"2661\">\n<p data-start=\"2649\" data-end=\"2661\">Bobine 54V<\/p>\n<\/li>\n<li data-start=\"2662\" data-end=\"2691\">\n<p data-start=\"2664\" data-end=\"2691\">Haute capacit\u00e9 de courant<\/p>\n<\/li>\n<li data-start=\"2692\" data-end=\"2737\">\n<p data-start=\"2694\" data-end=\"2737\">Adapt\u00e9 aux environnements de forte charge<\/p>\n<\/li>\n<li data-start=\"2738\" data-end=\"2758\">\n<p data-start=\"2740\" data-end=\"2758\">Conception robuste<\/p>\n<\/li>\n<\/ul>\n","protected":false},"featured_media":19320,"template":"","meta":[],"product_brand":[],"product_cat":[462],"product_tag":[],"class_list":{"0":"post-19315","1":"product","2":"type-product","3":"status-publish","4":"has-post-thumbnail","6":"product_cat-kontaktorler","8":"first","9":"instock","10":"taxable","11":"shipping-taxable","12":"purchasable","13":"product-type-simple"},"_links":{"self":[{"href":"https:\/\/ceoparts.com\/fr\/wp-json\/wp\/v2\/product\/19315","targetHints":{"allow":["GET"]}}],"collection":[{"href":"https:\/\/ceoparts.com\/fr\/wp-json\/wp\/v2\/product"}],"about":[{"href":"https:\/\/ceoparts.com\/fr\/wp-json\/wp\/v2\/types\/product"}],"wp:featuredmedia":[{"embeddable":true,"href":"https:\/\/ceoparts.com\/fr\/wp-json\/wp\/v2\/media\/19320"}],"wp:attachment":[{"href":"https:\/\/ceoparts.com\/fr\/wp-json\/wp\/v2\/media?parent=19315"}],"wp:term":[{"taxonomy":"product_brand","embeddable":true,"href":"https:\/\/ceoparts.com\/fr\/wp-json\/wp\/v2\/product_brand?post=19315"},{"taxonomy":"product_cat","embeddable":true,"href":"https:\/\/ceoparts.com\/fr\/wp-json\/wp\/v2\/product_cat?post=19315"},{"taxonomy":"product_tag","embeddable":true,"href":"https:\/\/ceoparts.com\/fr\/wp-json\/wp\/v2\/product_tag?post=19315"}],"curies":[{"name":"wp","href":"https:\/\/api.w.org\/{rel}","templated":true}]}}