{"id":19321,"date":"2025-10-31T13:55:27","date_gmt":"2025-10-31T10:55:27","guid":{"rendered":"https:\/\/ceoparts.com\/?post_type=product&#038;p=19321"},"modified":"2026-05-03T03:09:37","modified_gmt":"2026-05-03T00:09:37","slug":"still-fmx-fren-manyetigi-11205000500","status":"publish","type":"product","link":"https:\/\/ceoparts.com\/fr\/urun\/still-fmx-fren-manyetigi-11205000500\/","title":{"rendered":"Aimant de frein Still FMX \u2013 11205000500"},"content":{"rendered":"<p>Aimant de frein Still FMX \u2013 11205000500<\/p>","protected":false},"excerpt":{"rendered":"<p data-start=\"2285\" data-end=\"2643\">L\u2019aimant de frein 11205000500 pour chariots \u00e9l\u00e9vateurs Still FMX active le syst\u00e8me de freinage via un signal \u00e9lectrique, offrant une performance stable m\u00eame en utilisation intensive. Pi\u00e8ce de rechange durable et conforme aux sp\u00e9cifications d\u2019origine.<br data-start=\"2616\" data-end=\"2619\" \/><strong data-start=\"2619\" data-end=\"2641\">Caract\u00e9ristiques :<\/strong><\/p>\n<ul data-start=\"2644\" data-end=\"2780\">\n<li data-start=\"2644\" data-end=\"2671\">\n<p data-start=\"2646\" data-end=\"2671\">R\u00e9f\u00e9rence : 11205000500<\/p>\n<\/li>\n<li data-start=\"2672\" data-end=\"2703\">\n<p data-start=\"2674\" data-end=\"2703\">Compatible avec mod\u00e8les FMX<\/p>\n<\/li>\n<li data-start=\"2704\" data-end=\"2745\">\n<p data-start=\"2706\" data-end=\"2745\">Activation de frein \u00e9lectromagn\u00e9tique<\/p>\n<\/li>\n<li data-start=\"2746\" data-end=\"2780\">\n<p data-start=\"2748\" data-end=\"2780\">Conception r\u00e9sistante et durable<\/p>\n<\/li>\n<\/ul>\n","protected":false},"featured_media":19326,"template":"","meta":[],"product_brand":[],"product_cat":[449,524,241],"product_tag":[],"class_list":{"0":"post-19321","1":"product","2":"type-product","3":"status-publish","4":"has-post-thumbnail","6":"product_cat-fren-sistem-parcalari","7":"product_cat-yedek-parca-still","8":"product_cat-still","10":"first","11":"instock","12":"taxable","13":"shipping-taxable","14":"purchasable","15":"product-type-simple"},"_links":{"self":[{"href":"https:\/\/ceoparts.com\/fr\/wp-json\/wp\/v2\/product\/19321","targetHints":{"allow":["GET"]}}],"collection":[{"href":"https:\/\/ceoparts.com\/fr\/wp-json\/wp\/v2\/product"}],"about":[{"href":"https:\/\/ceoparts.com\/fr\/wp-json\/wp\/v2\/types\/product"}],"wp:featuredmedia":[{"embeddable":true,"href":"https:\/\/ceoparts.com\/fr\/wp-json\/wp\/v2\/media\/19326"}],"wp:attachment":[{"href":"https:\/\/ceoparts.com\/fr\/wp-json\/wp\/v2\/media?parent=19321"}],"wp:term":[{"taxonomy":"product_brand","embeddable":true,"href":"https:\/\/ceoparts.com\/fr\/wp-json\/wp\/v2\/product_brand?post=19321"},{"taxonomy":"product_cat","embeddable":true,"href":"https:\/\/ceoparts.com\/fr\/wp-json\/wp\/v2\/product_cat?post=19321"},{"taxonomy":"product_tag","embeddable":true,"href":"https:\/\/ceoparts.com\/fr\/wp-json\/wp\/v2\/product_tag?post=19321"}],"curies":[{"name":"wp","href":"https:\/\/api.w.org\/{rel}","templated":true}]}}