{"id":19327,"date":"2025-11-01T09:20:37","date_gmt":"2025-11-01T06:20:37","guid":{"rendered":"https:\/\/ceoparts.com\/?post_type=product&#038;p=19327"},"modified":"2026-05-03T03:39:39","modified_gmt":"2026-05-03T00:39:39","slug":"jungheinrich-ere-karin-butonu-51283905","status":"publish","type":"product","link":"https:\/\/ceoparts.com\/fr\/urun\/jungheinrich-ere-karin-butonu-51283905\/","title":{"rendered":"Bouton de s\u00e9curit\u00e9 abdominal Jungheinrich ERE \u2013 51283905"},"content":{"rendered":"<p>Bouton de s\u00e9curit\u00e9 abdominal Jungheinrich ERE \u2013 51283905<\/p>\n<table border=\"0\" width=\"279\" cellspacing=\"0\" cellpadding=\"0\">\n<colgroup>\n<col width=\"191\" \/>\n<col width=\"88\" \/><\/colgroup>\n<tbody>\n<tr>\n<td width=\"191\" height=\"19\"><span style=\"font-family: Calibri;\">ERE 120<\/span><\/td>\n<td width=\"88\"><span style=\"font-family: Calibri;\">6.08 &#8211;\u00a0<\/span><\/td>\n<\/tr>\n<tr>\n<td height=\"19\"><span style=\"font-family: Calibri;\">ERE 225 KP<\/span><\/td>\n<td><span style=\"font-family: Calibri;\">7.08 &#8211;\u00a0<\/span><\/td>\n<\/tr>\n<tr>\n<td height=\"19\"><span style=\"font-family: Calibri;\">ERC 212 \/ 214 \/ 216<\/span><\/td>\n<td><span style=\"font-family: Calibri;\">4.09 &#8211;\u00a0<\/span><\/td>\n<\/tr>\n<tr>\n<td height=\"19\"><span style=\"font-family: Calibri;\">ERD 220<\/span><\/td>\n<td><span style=\"font-family: Calibri;\">6.10 &#8211;\u00a0<\/span><\/td>\n<\/tr>\n<tr>\n<td height=\"19\"><span style=\"font-family: Calibri;\">ERE 120 (Qingpu)<\/span><\/td>\n<td><span style=\"font-family: Calibri;\">1.09 &#8211; 8.09<\/span><\/td>\n<\/tr>\n<tr>\n<td height=\"19\"><span style=\"font-family: Calibri;\">ERE 120n<\/span><\/td>\n<td><span style=\"font-family: Calibri;\">9.09 &#8211; 1.18<\/span><\/td>\n<\/tr>\n<tr>\n<td height=\"19\"><span style=\"font-family: Calibri;\">ECE 118<\/span><\/td>\n<td><span style=\"font-family: Calibri;\">4.10 &#8211; 2.13<\/span><\/td>\n<\/tr>\n<tr>\n<td height=\"19\"><span style=\"font-family: Calibri;\">ERC 212z \/ 214z \/ 216z<\/span><\/td>\n<td><span style=\"font-family: Calibri;\">2.11 &#8211;\u00a0<\/span><\/td>\n<\/tr>\n<tr>\n<td height=\"19\"><span style=\"font-family: Calibri;\">ERE 120<\/span><\/td>\n<td><span style=\"font-family: Calibri;\">5.12 &#8211;\u00a0<\/span><\/td>\n<\/tr>\n<tr>\n<td height=\"19\"><span style=\"font-family: Calibri;\">ERE 120n (NICHIYU)<\/span><\/td>\n<td><span style=\"font-family: Calibri;\">1.11 &#8211; 2.20<\/span><\/td>\n<\/tr>\n<tr>\n<td height=\"19\"><span style=\"font-family: Calibri;\">ERC 215a<\/span><\/td>\n<td><span style=\"font-family: Calibri;\">11.12 &#8211;\u00a0<\/span><\/td>\n<\/tr>\n<tr>\n<td height=\"19\"><span style=\"font-family: Calibri;\">ERE 225a<\/span><\/td>\n<td><span style=\"font-family: Calibri;\">7.13 &#8211;\u00a0<\/span><\/td>\n<\/tr>\n<tr>\n<td height=\"19\"><span style=\"font-family: Calibri;\">ECE 118<\/span><\/td>\n<td><span style=\"font-family: Calibri;\">4.13 &#8211;\u00a0<\/span><\/td>\n<\/tr>\n<tr>\n<td height=\"19\"><span style=\"font-family: Calibri;\">ERV 308<\/span><\/td>\n<td><span style=\"font-family: Calibri;\">7.13 &#8211;\u00a0<\/span><\/td>\n<\/tr>\n<tr>\n<td height=\"19\"><span style=\"font-family: Calibri;\">ERC 214 \/ 216 (US)<\/span><\/td>\n<td><span style=\"font-family: Calibri;\">8.14 &#8211;\u00a0<\/span><\/td>\n<\/tr>\n<tr>\n<td height=\"19\"><span style=\"font-family: Calibri;\">ERC 220<\/span><\/td>\n<td><span style=\"font-family: Calibri;\">1.16 &#8211;\u00a0<\/span><\/td>\n<\/tr>\n<tr>\n<td height=\"19\"><span style=\"font-family: Calibri;\">ERE 120 \/ 125 \/ 225<\/span><\/td>\n<td><span style=\"font-family: Calibri;\">10.16 &#8211;\u00a0<\/span><\/td>\n<\/tr>\n<tr>\n<td height=\"19\"><span style=\"font-family: Calibri;\">ERE 120 \/ 125 \/ 225 (US)<\/span><\/td>\n<td><span style=\"font-family: Calibri;\">10.16 &#8211;\u00a0<\/span><\/td>\n<\/tr>\n<tr>\n<td height=\"19\"><span style=\"font-family: Calibri;\">ERD 120 \/ 220<\/span><\/td>\n<td><span style=\"font-family: Calibri;\">11.17 &#8211;\u00a0<\/span><\/td>\n<\/tr>\n<tr>\n<td height=\"19\"><span style=\"font-family: Calibri;\">ERE 120n<\/span><\/td>\n<td><span style=\"font-family: Calibri;\">1.18 &#8211;\u00a0<\/span><\/td>\n<\/tr>\n<tr>\n<td height=\"19\"><span style=\"font-family: Calibri;\">ERC\/ERC-B 212 \/ 214 \/ 216<\/span><\/td>\n<td><span style=\"font-family: Calibri;\">9.18 &#8211;\u00a0<\/span><\/td>\n<\/tr>\n<tr>\n<td height=\"19\"><span style=\"font-family: Calibri;\">ERC\/ERC-B 212 \/ 214 \/ 216 US<\/span><\/td>\n<td><span style=\"font-family: Calibri;\">9.18 &#8211;\u00a0<\/span><\/td>\n<\/tr>\n<tr>\n<td height=\"19\"><span style=\"font-family: Calibri;\">ERC 212z \/ 214z \/ 216z<\/span><\/td>\n<td><span style=\"font-family: Calibri;\">11.18 &#8211;\u00a0<\/span><\/td>\n<\/tr>\n<tr>\n<td height=\"19\"><span style=\"font-family: Calibri;\">ERC 214z \/ 216z US<\/span><\/td>\n<td><span style=\"font-family: Calibri;\">11.18 &#8211;\u00a0<\/span><\/td>\n<\/tr>\n<tr>\n<td height=\"19\"><span style=\"font-family: Calibri;\">ERC 213a<\/span><\/td>\n<td><span style=\"font-family: Calibri;\">5.19 &#8211;\u00a0<\/span><\/td>\n<\/tr>\n<tr>\n<td height=\"19\"><span style=\"font-family: Calibri;\">EZS MB 230<\/span><\/td>\n<td><span style=\"font-family: Calibri;\">7.20 &#8211;\u00a0<\/span><\/td>\n<\/tr>\n<\/tbody>\n<\/table>","protected":false},"excerpt":{"rendered":"<p data-start=\"2279\" data-end=\"2662\">Le bouton de s\u00e9curit\u00e9 51283905 pour la s\u00e9rie Jungheinrich ERE permet un arr\u00eat d\u2019urgence imm\u00e9diat en cas de choc, pincement ou perte de contr\u00f4le. Con\u00e7u pour une protection maximale de l\u2019op\u00e9rateur, durable et parfaitement compatible avec les dimensions d\u2019origine.<br data-start=\"2636\" data-end=\"2639\" \/><strong data-start=\"2639\" data-end=\"2660\">Caract\u00e9ristiques:<\/strong><\/p>\n<ul data-start=\"2663\" data-end=\"2795\">\n<li data-start=\"2663\" data-end=\"2687\">\n<p data-start=\"2665\" data-end=\"2687\">R\u00e9f\u00e9rence : 51283905<\/p>\n<\/li>\n<li data-start=\"2688\" data-end=\"2719\">\n<p data-start=\"2690\" data-end=\"2719\">Compatible avec mod\u00e8les ERE<\/p>\n<\/li>\n<li data-start=\"2720\" data-end=\"2748\">\n<p data-start=\"2722\" data-end=\"2748\">Bouton d\u2019arr\u00eat d\u2019urgence<\/p>\n<\/li>\n<li data-start=\"2749\" data-end=\"2795\">\n<p data-start=\"2751\" data-end=\"2795\">Conception robuste et r\u00e9sistante aux impacts<\/p>\n<\/li>\n<\/ul>\n<p>&nbsp;<\/p>\n","protected":false},"featured_media":19331,"template":"","meta":[],"product_brand":[],"product_cat":[454,236,522],"product_tag":[],"class_list":{"0":"post-19327","1":"product","2":"type-product","3":"status-publish","4":"has-post-thumbnail","6":"product_cat-switch-ve-buton","7":"product_cat-jungheinrich","8":"product_cat-yedek-parca-jungheinrich","10":"first","11":"instock","12":"taxable","13":"shipping-taxable","14":"purchasable","15":"product-type-simple"},"_links":{"self":[{"href":"https:\/\/ceoparts.com\/fr\/wp-json\/wp\/v2\/product\/19327","targetHints":{"allow":["GET"]}}],"collection":[{"href":"https:\/\/ceoparts.com\/fr\/wp-json\/wp\/v2\/product"}],"about":[{"href":"https:\/\/ceoparts.com\/fr\/wp-json\/wp\/v2\/types\/product"}],"wp:featuredmedia":[{"embeddable":true,"href":"https:\/\/ceoparts.com\/fr\/wp-json\/wp\/v2\/media\/19331"}],"wp:attachment":[{"href":"https:\/\/ceoparts.com\/fr\/wp-json\/wp\/v2\/media?parent=19327"}],"wp:term":[{"taxonomy":"product_brand","embeddable":true,"href":"https:\/\/ceoparts.com\/fr\/wp-json\/wp\/v2\/product_brand?post=19327"},{"taxonomy":"product_cat","embeddable":true,"href":"https:\/\/ceoparts.com\/fr\/wp-json\/wp\/v2\/product_cat?post=19327"},{"taxonomy":"product_tag","embeddable":true,"href":"https:\/\/ceoparts.com\/fr\/wp-json\/wp\/v2\/product_tag?post=19327"}],"curies":[{"name":"wp","href":"https:\/\/api.w.org\/{rel}","templated":true}]}}