{"id":19332,"date":"2025-11-01T09:58:55","date_gmt":"2025-11-01T06:58:55","guid":{"rendered":"https:\/\/ceoparts.com\/?post_type=product&#038;p=19332"},"modified":"2026-05-16T13:00:55","modified_gmt":"2026-05-16T10:00:55","slug":"still-havalandirma-filtresi-0735620","status":"publish","type":"product","link":"https:\/\/ceoparts.com\/fr\/urun\/still-havalandirma-filtresi-0735620\/","title":{"rendered":"Filtre de ventilation Still \u2013 0735620"},"content":{"rendered":"<p>Filtre de ventilation Still \u2013 0735620<\/p>","protected":false},"excerpt":{"rendered":"<p data-start=\"2240\" data-end=\"2637\">Le filtre de ventilation 0735620 pour chariots \u00e9l\u00e9vateurs Still assure une admission d\u2019air propre, am\u00e9liorant la performance du moteur et l\u2019efficacit\u00e9 du carburant. Il emp\u00eache l\u2019entr\u00e9e de poussi\u00e8res et prolonge la dur\u00e9e de vie du moteur. Pi\u00e8ce de rechange compatible aux dimensions d\u2019origine.<br data-start=\"2611\" data-end=\"2614\" \/><strong data-start=\"2614\" data-end=\"2635\">Caract\u00e9ristiques:<\/strong><\/p>\n<ul data-start=\"2638\" data-end=\"2789\">\n<li data-start=\"2638\" data-end=\"2661\">\n<p data-start=\"2640\" data-end=\"2661\">R\u00e9f\u00e9rence : 0735620<\/p>\n<\/li>\n<li data-start=\"2662\" data-end=\"2699\">\n<p data-start=\"2664\" data-end=\"2699\">Filtration d\u2019air haute efficacit\u00e9<\/p>\n<\/li>\n<li data-start=\"2700\" data-end=\"2745\">\n<p data-start=\"2702\" data-end=\"2745\">Protection du moteur contre les impuret\u00e9s<\/p>\n<\/li>\n<li data-start=\"2746\" data-end=\"2789\">\n<p data-start=\"2748\" data-end=\"2789\">Compatible avec chariots \u00e9l\u00e9vateurs Still<\/p>\n<\/li>\n<\/ul>\n","protected":false},"featured_media":19333,"template":"","meta":[],"product_brand":[],"product_cat":[498,241,524],"product_tag":[],"class_list":{"0":"post-19332","1":"product","2":"type-product","3":"status-publish","4":"has-post-thumbnail","6":"product_cat-filtre-cesitleri","7":"product_cat-still","8":"product_cat-yedek-parca-still","10":"first","11":"instock","12":"taxable","13":"shipping-taxable","14":"purchasable","15":"product-type-simple"},"_links":{"self":[{"href":"https:\/\/ceoparts.com\/fr\/wp-json\/wp\/v2\/product\/19332","targetHints":{"allow":["GET"]}}],"collection":[{"href":"https:\/\/ceoparts.com\/fr\/wp-json\/wp\/v2\/product"}],"about":[{"href":"https:\/\/ceoparts.com\/fr\/wp-json\/wp\/v2\/types\/product"}],"wp:featuredmedia":[{"embeddable":true,"href":"https:\/\/ceoparts.com\/fr\/wp-json\/wp\/v2\/media\/19333"}],"wp:attachment":[{"href":"https:\/\/ceoparts.com\/fr\/wp-json\/wp\/v2\/media?parent=19332"}],"wp:term":[{"taxonomy":"product_brand","embeddable":true,"href":"https:\/\/ceoparts.com\/fr\/wp-json\/wp\/v2\/product_brand?post=19332"},{"taxonomy":"product_cat","embeddable":true,"href":"https:\/\/ceoparts.com\/fr\/wp-json\/wp\/v2\/product_cat?post=19332"},{"taxonomy":"product_tag","embeddable":true,"href":"https:\/\/ceoparts.com\/fr\/wp-json\/wp\/v2\/product_tag?post=19332"}],"curies":[{"name":"wp","href":"https:\/\/api.w.org\/{rel}","templated":true}]}}