{"id":19336,"date":"2025-11-01T10:17:41","date_gmt":"2025-11-01T07:17:41","guid":{"rendered":"https:\/\/ceoparts.com\/?post_type=product&#038;p=19336"},"modified":"2026-05-16T11:51:16","modified_gmt":"2026-05-16T08:51:16","slug":"still-hidrolik-filtre-0174164","status":"publish","type":"product","link":"https:\/\/ceoparts.com\/fr\/urun\/still-hidrolik-filtre-0174164\/","title":{"rendered":"Filtre hydraulique Still \u2013 0174164"},"content":{"rendered":"<p>Filtre hydraulique Still \u2013 0174164<\/p>","protected":false},"excerpt":{"rendered":"<p data-start=\"2407\" data-end=\"2773\">Le filtre hydraulique 0174164 pour chariots \u00e9l\u00e9vateurs Still assure une huile propre et prot\u00e8ge la pompe, les valves et les conduites hydrauliques. Sa r\u00e9sistance haute pression garantit des performances stables. Pi\u00e8ce de rechange conforme aux dimensions d\u2019origine.<br data-start=\"2747\" data-end=\"2750\" \/><strong data-start=\"2750\" data-end=\"2771\">Caract\u00e9ristiques:<\/strong><\/p>\n<ul data-start=\"2774\" data-end=\"2906\">\n<li data-start=\"2774\" data-end=\"2796\">\n<p data-start=\"2776\" data-end=\"2796\">R\u00e9f\u00e9rence: 0174164<\/p>\n<\/li>\n<li data-start=\"2797\" data-end=\"2831\">\n<p data-start=\"2799\" data-end=\"2831\">Haute efficacit\u00e9 de filtration<\/p>\n<\/li>\n<li data-start=\"2832\" data-end=\"2869\">\n<p data-start=\"2834\" data-end=\"2869\">Protection du syst\u00e8me hydraulique<\/p>\n<\/li>\n<li data-start=\"2870\" data-end=\"2906\">\n<p data-start=\"2872\" data-end=\"2906\">Compatible avec les chariots Still<\/p>\n<\/li>\n<\/ul>\n","protected":false},"featured_media":19341,"template":"","meta":[],"product_brand":[],"product_cat":[498,241,524],"product_tag":[],"class_list":{"0":"post-19336","1":"product","2":"type-product","3":"status-publish","4":"has-post-thumbnail","6":"product_cat-filtre-cesitleri","7":"product_cat-still","8":"product_cat-yedek-parca-still","10":"first","11":"instock","12":"taxable","13":"shipping-taxable","14":"purchasable","15":"product-type-simple"},"_links":{"self":[{"href":"https:\/\/ceoparts.com\/fr\/wp-json\/wp\/v2\/product\/19336","targetHints":{"allow":["GET"]}}],"collection":[{"href":"https:\/\/ceoparts.com\/fr\/wp-json\/wp\/v2\/product"}],"about":[{"href":"https:\/\/ceoparts.com\/fr\/wp-json\/wp\/v2\/types\/product"}],"wp:featuredmedia":[{"embeddable":true,"href":"https:\/\/ceoparts.com\/fr\/wp-json\/wp\/v2\/media\/19341"}],"wp:attachment":[{"href":"https:\/\/ceoparts.com\/fr\/wp-json\/wp\/v2\/media?parent=19336"}],"wp:term":[{"taxonomy":"product_brand","embeddable":true,"href":"https:\/\/ceoparts.com\/fr\/wp-json\/wp\/v2\/product_brand?post=19336"},{"taxonomy":"product_cat","embeddable":true,"href":"https:\/\/ceoparts.com\/fr\/wp-json\/wp\/v2\/product_cat?post=19336"},{"taxonomy":"product_tag","embeddable":true,"href":"https:\/\/ceoparts.com\/fr\/wp-json\/wp\/v2\/product_tag?post=19336"}],"curies":[{"name":"wp","href":"https:\/\/api.w.org\/{rel}","templated":true}]}}