{"id":19687,"date":"2025-11-21T13:03:49","date_gmt":"2025-11-21T10:03:49","guid":{"rendered":"https:\/\/ceoparts.com\/?post_type=product&#038;p=19687"},"modified":"2026-04-12T00:08:52","modified_gmt":"2026-04-11T21:08:52","slug":"16x6-8-noturque-segmanli-iz-birakmayan-dolgu-lastik","status":"publish","type":"product","link":"https:\/\/ceoparts.com\/fr\/urun\/16x6-8-noturque-segmanli-iz-birakmayan-dolgu-lastik\/","title":{"rendered":"16\u00d76-8 (150\/75-8) Pneu plein Nutorque avec jante \u00e0 segment, non marquant"},"content":{"rendered":"<p>16\u00d76-8 (150\/75-8) Pneu plein Nutorque avec jante \u00e0 segment, non marquant<\/p>","protected":false},"excerpt":{"rendered":"<p data-start=\"2521\" data-end=\"3148\">Les <strong data-start=\"2525\" data-end=\"2553\">bandages pleins Nutorque<\/strong> sont con\u00e7us avec une technologie de bande de roulement \u00e0 trois couches pour offrir des performances maximales dans les environnements industriels les plus exigeants. Le m\u00e9lange de gomme premium et la carcasse renforc\u00e9e augmentent la r\u00e9sistance \u00e0 l&#8217;usure et assurent une continuit\u00e9 op\u00e9rationnelle.<br data-start=\"2850\" data-end=\"2853\" \/>Optimis\u00e9 pour des rythmes de travail intensifs de plus de 12 heures par jour, Nutorque offre une longue dur\u00e9e de vie gr\u00e2ce \u00e0 sa bande de roulement profonde. Ces caract\u00e9ristiques permettent de r\u00e9duire les co\u00fbts li\u00e9s aux pneus tout en contribuant strat\u00e9giquement \u00e0 la fluidit\u00e9 de votre production.<\/p>\n","protected":false},"featured_media":19691,"template":"","meta":[],"product_brand":[],"product_cat":[516],"product_tag":[],"class_list":{"0":"post-19687","1":"product","2":"type-product","3":"status-publish","4":"has-post-thumbnail","6":"product_cat-dolgu-lastikler","8":"first","9":"instock","10":"taxable","11":"shipping-taxable","12":"purchasable","13":"product-type-simple"},"_links":{"self":[{"href":"https:\/\/ceoparts.com\/fr\/wp-json\/wp\/v2\/product\/19687","targetHints":{"allow":["GET"]}}],"collection":[{"href":"https:\/\/ceoparts.com\/fr\/wp-json\/wp\/v2\/product"}],"about":[{"href":"https:\/\/ceoparts.com\/fr\/wp-json\/wp\/v2\/types\/product"}],"wp:featuredmedia":[{"embeddable":true,"href":"https:\/\/ceoparts.com\/fr\/wp-json\/wp\/v2\/media\/19691"}],"wp:attachment":[{"href":"https:\/\/ceoparts.com\/fr\/wp-json\/wp\/v2\/media?parent=19687"}],"wp:term":[{"taxonomy":"product_brand","embeddable":true,"href":"https:\/\/ceoparts.com\/fr\/wp-json\/wp\/v2\/product_brand?post=19687"},{"taxonomy":"product_cat","embeddable":true,"href":"https:\/\/ceoparts.com\/fr\/wp-json\/wp\/v2\/product_cat?post=19687"},{"taxonomy":"product_tag","embeddable":true,"href":"https:\/\/ceoparts.com\/fr\/wp-json\/wp\/v2\/product_tag?post=19687"}],"curies":[{"name":"wp","href":"https:\/\/api.w.org\/{rel}","templated":true}]}}