{"id":19697,"date":"2025-11-21T14:44:31","date_gmt":"2025-11-21T11:44:31","guid":{"rendered":"https:\/\/ceoparts.com\/?post_type=product&#038;p=19697"},"modified":"2026-04-11T21:09:35","modified_gmt":"2026-04-11T18:09:35","slug":"linde-still-t16-denge-mekanizmasi-11524505505","status":"publish","type":"product","link":"https:\/\/ceoparts.com\/fr\/urun\/linde-still-t16-denge-mekanizmasi-11524505505\/","title":{"rendered":"M\u00e9canisme de stabilisation Linde\/Still \u2013 11524505505"},"content":{"rendered":"<p>M\u00e9canisme de stabilisation Linde\/Still \u2013 11524505505<\/p>","protected":false},"excerpt":{"rendered":"<p>Le <strong data-start=\"2151\" data-end=\"2199\">m\u00e9canisme de stabilisation Linde \/ Still T16<\/strong> est un m\u00e9canisme \u00e0 roues utilis\u00e9 sur les chariots \u00e9l\u00e9vateurs. Il assure la stabilit\u00e9 de la charge et am\u00e9liore la stabilit\u00e9 g\u00e9n\u00e9rale du chariot. Con\u00e7u en alliage m\u00e9tallique durable pour une longue dur\u00e9e de vie.<br data-start=\"2409\" data-end=\"2412\" \/><strong data-start=\"2412\" data-end=\"2434\">Caract\u00e9ristiques :<\/strong><br data-start=\"2434\" data-end=\"2437\" \/>\u2022 Nom du produit : M\u00e9canisme de stabilisation Linde \/ Still T16<br data-start=\"2500\" data-end=\"2503\" \/>\u2022 Code pi\u00e8ce : 11524505505<br data-start=\"2529\" data-end=\"2532\" \/>\u2022 Mat\u00e9riau : Alliage m\u00e9tallique durable<br data-start=\"2571\" data-end=\"2574\" \/>\u2022 Domaine d&#8217;utilisation : M\u00e9canisme de stabilisation \u00e0 roues pour chariot \u00e9l\u00e9vateur<br data-start=\"2657\" data-end=\"2660\" \/>\u2022 Avantages : Stabilit\u00e9 de charge, durabilit\u00e9, longue dur\u00e9e de vie<\/p>\n","protected":false},"featured_media":19706,"template":"","meta":[],"product_brand":[],"product_cat":[420,523,246,423,425],"product_tag":[],"class_list":{"0":"post-19697","1":"product","2":"type-product","3":"status-publish","4":"has-post-thumbnail","6":"product_cat-denge-mekanizmalar","7":"product_cat-yedek-parca-linde","8":"product_cat-linde","9":"product_cat-still-denge-mekanizma","10":"product_cat-linde-denge-mekanizma","12":"first","13":"instock","14":"taxable","15":"shipping-taxable","16":"purchasable","17":"product-type-simple"},"_links":{"self":[{"href":"https:\/\/ceoparts.com\/fr\/wp-json\/wp\/v2\/product\/19697","targetHints":{"allow":["GET"]}}],"collection":[{"href":"https:\/\/ceoparts.com\/fr\/wp-json\/wp\/v2\/product"}],"about":[{"href":"https:\/\/ceoparts.com\/fr\/wp-json\/wp\/v2\/types\/product"}],"wp:featuredmedia":[{"embeddable":true,"href":"https:\/\/ceoparts.com\/fr\/wp-json\/wp\/v2\/media\/19706"}],"wp:attachment":[{"href":"https:\/\/ceoparts.com\/fr\/wp-json\/wp\/v2\/media?parent=19697"}],"wp:term":[{"taxonomy":"product_brand","embeddable":true,"href":"https:\/\/ceoparts.com\/fr\/wp-json\/wp\/v2\/product_brand?post=19697"},{"taxonomy":"product_cat","embeddable":true,"href":"https:\/\/ceoparts.com\/fr\/wp-json\/wp\/v2\/product_cat?post=19697"},{"taxonomy":"product_tag","embeddable":true,"href":"https:\/\/ceoparts.com\/fr\/wp-json\/wp\/v2\/product_tag?post=19697"}],"curies":[{"name":"wp","href":"https:\/\/api.w.org\/{rel}","templated":true}]}}