{"id":19816,"date":"2025-12-01T10:19:46","date_gmt":"2025-12-01T07:19:46","guid":{"rendered":"https:\/\/ceoparts.com\/?post_type=product&#038;p=19816"},"modified":"2026-05-03T19:29:11","modified_gmt":"2026-05-03T16:29:11","slug":"ic-kilit-karsiligi","status":"publish","type":"product","link":"https:\/\/ceoparts.com\/fr\/urun\/ic-kilit-karsiligi\/","title":{"rendered":"G\u00e2che de verrouillage int\u00e9rieur"},"content":{"rendered":"<p>G\u00e2che de verrouillage int\u00e9rieur<\/p>","protected":false},"excerpt":{"rendered":"<p>G\u00e2che de verrouillage int\u00e9rieur<\/p>\n","protected":false},"featured_media":19820,"template":"","meta":[],"product_brand":[],"product_cat":[470],"product_tag":[],"class_list":{"0":"post-19816","1":"product","2":"type-product","3":"status-publish","4":"has-post-thumbnail","6":"product_cat-diger-yedek-parcalar","8":"first","9":"instock","10":"taxable","11":"shipping-taxable","12":"purchasable","13":"product-type-simple"},"_links":{"self":[{"href":"https:\/\/ceoparts.com\/fr\/wp-json\/wp\/v2\/product\/19816","targetHints":{"allow":["GET"]}}],"collection":[{"href":"https:\/\/ceoparts.com\/fr\/wp-json\/wp\/v2\/product"}],"about":[{"href":"https:\/\/ceoparts.com\/fr\/wp-json\/wp\/v2\/types\/product"}],"wp:featuredmedia":[{"embeddable":true,"href":"https:\/\/ceoparts.com\/fr\/wp-json\/wp\/v2\/media\/19820"}],"wp:attachment":[{"href":"https:\/\/ceoparts.com\/fr\/wp-json\/wp\/v2\/media?parent=19816"}],"wp:term":[{"taxonomy":"product_brand","embeddable":true,"href":"https:\/\/ceoparts.com\/fr\/wp-json\/wp\/v2\/product_brand?post=19816"},{"taxonomy":"product_cat","embeddable":true,"href":"https:\/\/ceoparts.com\/fr\/wp-json\/wp\/v2\/product_cat?post=19816"},{"taxonomy":"product_tag","embeddable":true,"href":"https:\/\/ceoparts.com\/fr\/wp-json\/wp\/v2\/product_tag?post=19816"}],"curies":[{"name":"wp","href":"https:\/\/api.w.org\/{rel}","templated":true}]}}