{"id":19878,"date":"2025-12-01T15:06:47","date_gmt":"2025-12-01T12:06:47","guid":{"rendered":"https:\/\/ceoparts.com\/?post_type=product&#038;p=19878"},"modified":"2026-05-02T20:01:41","modified_gmt":"2026-05-02T17:01:41","slug":"ep-akulu-transpalet-el-gazi-potansiyometre-0501000286","status":"publish","type":"product","link":"https:\/\/ceoparts.com\/fr\/urun\/ep-akulu-transpalet-el-gazi-potansiyometre-0501000286\/","title":{"rendered":"Acc\u00e9l\u00e9rateur manuel transpalette \u00e9lectrique EP (potentiom\u00e8tre) \u2013 0501000286"},"content":{"rendered":"<p>Acc\u00e9l\u00e9rateur manuel transpalette \u00e9lectrique EP (potentiom\u00e8tre) \u2013 0501000286<\/p>","protected":false},"excerpt":{"rendered":"<p><strong data-start=\"1737\" data-end=\"1757\">Nom du produit :<\/strong> M\u00e9canisme d&#8217;acc\u00e9l\u00e9rateur manuel<br data-start=\"1789\" data-end=\"1792\" \/><strong data-start=\"1792\" data-end=\"1819\">R\u00e9f\u00e9rence OEM \/ Pi\u00e8ce :<\/strong> 0501000286<br data-start=\"1830\" data-end=\"1833\" \/><strong data-start=\"1833\" data-end=\"1856\">Marque compatible :<\/strong> EP<br data-start=\"1859\" data-end=\"1862\" \/><strong data-start=\"1862\" data-end=\"1888\">Structure du bo\u00eetier :<\/strong> Cadre m\u00e9tallique, bas\u00e9 sur un potentiom\u00e8tre<br data-start=\"1932\" data-end=\"1935\" \/><strong data-start=\"1935\" data-end=\"1958\">Type de connexion :<\/strong> Connecteur m\u00e2le<br data-start=\"1974\" data-end=\"1977\" \/><strong data-start=\"1977\" data-end=\"2002\">Champ d&#8217;application :<\/strong> Contr\u00f4le manuel de la vitesse \/ commande de conduite<br data-start=\"2055\" data-end=\"2058\" \/><strong data-start=\"2058\" data-end=\"2072\">Fonction :<\/strong> R\u00e9glage pr\u00e9cis de la vitesse en marche avant et arri\u00e8re<br data-start=\"2128\" data-end=\"2131\" \/><strong data-start=\"2131\" data-end=\"2144\">Montage :<\/strong> Fixation par vis du bo\u00eetier<\/p>\n","protected":false},"featured_media":19884,"template":"","meta":[],"product_brand":[],"product_cat":[469],"product_tag":[],"class_list":{"0":"post-19878","1":"product","2":"type-product","3":"status-publish","4":"has-post-thumbnail","6":"product_cat-elektrik-ve-sistem-parcalari","8":"first","9":"instock","10":"taxable","11":"shipping-taxable","12":"purchasable","13":"product-type-simple"},"_links":{"self":[{"href":"https:\/\/ceoparts.com\/fr\/wp-json\/wp\/v2\/product\/19878","targetHints":{"allow":["GET"]}}],"collection":[{"href":"https:\/\/ceoparts.com\/fr\/wp-json\/wp\/v2\/product"}],"about":[{"href":"https:\/\/ceoparts.com\/fr\/wp-json\/wp\/v2\/types\/product"}],"wp:featuredmedia":[{"embeddable":true,"href":"https:\/\/ceoparts.com\/fr\/wp-json\/wp\/v2\/media\/19884"}],"wp:attachment":[{"href":"https:\/\/ceoparts.com\/fr\/wp-json\/wp\/v2\/media?parent=19878"}],"wp:term":[{"taxonomy":"product_brand","embeddable":true,"href":"https:\/\/ceoparts.com\/fr\/wp-json\/wp\/v2\/product_brand?post=19878"},{"taxonomy":"product_cat","embeddable":true,"href":"https:\/\/ceoparts.com\/fr\/wp-json\/wp\/v2\/product_cat?post=19878"},{"taxonomy":"product_tag","embeddable":true,"href":"https:\/\/ceoparts.com\/fr\/wp-json\/wp\/v2\/product_tag?post=19878"}],"curies":[{"name":"wp","href":"https:\/\/api.w.org\/{rel}","templated":true}]}}