{"id":20081,"date":"2025-12-03T16:43:59","date_gmt":"2025-12-03T13:43:59","guid":{"rendered":"https:\/\/ceoparts.com\/?post_type=product&#038;p=20081"},"modified":"2026-05-03T17:50:42","modified_gmt":"2026-05-03T14:50:42","slug":"bt-direksiyon-potansi-7580602","status":"publish","type":"product","link":"https:\/\/ceoparts.com\/fr\/urun\/bt-direksiyon-potansi-7580602\/","title":{"rendered":"Potentiom\u00e8tre de direction BT &#8211; 7580602"},"content":{"rendered":"<p>Potentiom\u00e8tre de direction BT &#8211; 7580602<\/p>","protected":false},"excerpt":{"rendered":"<p data-start=\"2618\" data-end=\"2880\">Le <strong data-start=\"2621\" data-end=\"2664\">potentiom\u00e8tre de direction BT \u2013 7580602<\/strong> est un composant essentiel dans les syst\u00e8mes de direction des chariots \u00e9l\u00e9vateurs BT pour ajuster la sensibilit\u00e9 et la r\u00e9ponse de la direction. Il am\u00e9liore le contr\u00f4le du conducteur et assure une performance fiable.<\/p>\n<p data-start=\"2882\" data-end=\"2906\"><strong data-start=\"2882\" data-end=\"2904\">Caract\u00e9ristiques :<\/strong><\/p>\n<ul data-start=\"2907\" data-end=\"3236\">\n<li data-start=\"2907\" data-end=\"2966\">\n<p data-start=\"2909\" data-end=\"2966\">Nom du produit: Potentiom\u00e8tre de direction BT \u2013 7580602<\/p>\n<\/li>\n<li data-start=\"2967\" data-end=\"2990\">\n<p data-start=\"2969\" data-end=\"2990\">R\u00e9f\u00e9rence : 7580602<\/p>\n<\/li>\n<li data-start=\"2991\" data-end=\"3049\">\n<p data-start=\"2993\" data-end=\"3049\">Type : Potentiom\u00e8tre de direction \/ module de commande<\/p>\n<\/li>\n<li data-start=\"3050\" data-end=\"3115\">\n<p data-start=\"3052\" data-end=\"3115\">Mat\u00e9riau : Composants \u00e9lectroniques et m\u00e9caniques industriels<\/p>\n<\/li>\n<li data-start=\"3116\" data-end=\"3167\">\n<p data-start=\"3118\" data-end=\"3167\">Domaine d\u2019utilisation: Syst\u00e8mes de direction BT<\/p>\n<\/li>\n<li data-start=\"3168\" data-end=\"3236\">\n<p data-start=\"3170\" data-end=\"3236\">Avantages: R\u00e9ponse pr\u00e9cise, contr\u00f4le stable, longue dur\u00e9e de vie<\/p>\n<\/li>\n<\/ul>\n","protected":false},"featured_media":20084,"template":"","meta":[],"product_brand":[],"product_cat":[469,251,518],"product_tag":[],"class_list":{"0":"post-20081","1":"product","2":"type-product","3":"status-publish","4":"has-post-thumbnail","6":"product_cat-elektrik-ve-sistem-parcalari","7":"product_cat-bt","8":"product_cat-yedek-parca-bt","10":"first","11":"instock","12":"taxable","13":"shipping-taxable","14":"purchasable","15":"product-type-simple"},"_links":{"self":[{"href":"https:\/\/ceoparts.com\/fr\/wp-json\/wp\/v2\/product\/20081","targetHints":{"allow":["GET"]}}],"collection":[{"href":"https:\/\/ceoparts.com\/fr\/wp-json\/wp\/v2\/product"}],"about":[{"href":"https:\/\/ceoparts.com\/fr\/wp-json\/wp\/v2\/types\/product"}],"wp:featuredmedia":[{"embeddable":true,"href":"https:\/\/ceoparts.com\/fr\/wp-json\/wp\/v2\/media\/20084"}],"wp:attachment":[{"href":"https:\/\/ceoparts.com\/fr\/wp-json\/wp\/v2\/media?parent=20081"}],"wp:term":[{"taxonomy":"product_brand","embeddable":true,"href":"https:\/\/ceoparts.com\/fr\/wp-json\/wp\/v2\/product_brand?post=20081"},{"taxonomy":"product_cat","embeddable":true,"href":"https:\/\/ceoparts.com\/fr\/wp-json\/wp\/v2\/product_cat?post=20081"},{"taxonomy":"product_tag","embeddable":true,"href":"https:\/\/ceoparts.com\/fr\/wp-json\/wp\/v2\/product_tag?post=20081"}],"curies":[{"name":"wp","href":"https:\/\/api.w.org\/{rel}","templated":true}]}}