{"id":20085,"date":"2025-12-03T17:35:44","date_gmt":"2025-12-03T14:35:44","guid":{"rendered":"https:\/\/ceoparts.com\/?post_type=product&#038;p=20085"},"modified":"2026-05-03T18:29:30","modified_gmt":"2026-05-03T15:29:30","slug":"bt-lpe200-tutamak-on-kapak-167822","status":"publish","type":"product","link":"https:\/\/ceoparts.com\/fr\/urun\/bt-lpe200-tutamak-on-kapak-167822\/","title":{"rendered":"Couvercle avant de poign\u00e9e BT LPE200 &#8211; 167822"},"content":{"rendered":"<p>Couvercle avant de poign\u00e9e BT LPE200 &#8211; 167822<\/p>","protected":false},"excerpt":{"rendered":"<p data-start=\"2335\" data-end=\"2576\">La <strong data-start=\"2338\" data-end=\"2383\">coque avant de poign\u00e9e BT LPE200 \u2013 167822<\/strong> est une pi\u00e8ce de protection et d\u2019esth\u00e9tique pour la poign\u00e9e avant des v\u00e9hicules de la s\u00e9rie BT LPE200. Sa structure durable assure une longue dur\u00e9e de vie et am\u00e9liore le confort de pr\u00e9hension.<\/p>\n<p data-start=\"2578\" data-end=\"2602\"><strong data-start=\"2578\" data-end=\"2600\">Caract\u00e9ristiques :<\/strong><\/p>\n<ul data-start=\"2603\" data-end=\"2889\">\n<li data-start=\"2603\" data-end=\"2664\">\n<p data-start=\"2605\" data-end=\"2664\">Nom du produit: Coque avant de poign\u00e9e BT LPE200 \u2013 167822<\/p>\n<\/li>\n<li data-start=\"2665\" data-end=\"2687\">\n<p data-start=\"2667\" data-end=\"2687\">R\u00e9f\u00e9rence : 167822<\/p>\n<\/li>\n<li data-start=\"2688\" data-end=\"2719\">\n<p data-start=\"2690\" data-end=\"2719\">S\u00e9rie compatible: BT LPE200<\/p>\n<\/li>\n<li data-start=\"2720\" data-end=\"2763\">\n<p data-start=\"2722\" data-end=\"2763\">Mat\u00e9riau: Plastique \/ composite durable<\/p>\n<\/li>\n<li data-start=\"2764\" data-end=\"2815\">\n<p data-start=\"2766\" data-end=\"2815\">Utilisation: V\u00e9hicules de manutention BT LPE200<\/p>\n<\/li>\n<li data-start=\"2816\" data-end=\"2889\">\n<p data-start=\"2818\" data-end=\"2889\">Avantages: Construction robuste, facile \u00e0 monter, longue dur\u00e9e de vie<\/p>\n<\/li>\n<\/ul>\n","protected":false},"featured_media":20090,"template":"","meta":[],"product_brand":[],"product_cat":[472,251,518],"product_tag":[],"class_list":{"0":"post-20085","1":"product","2":"type-product","3":"status-publish","4":"has-post-thumbnail","6":"product_cat-kaporta-aksami","7":"product_cat-bt","8":"product_cat-yedek-parca-bt","10":"first","11":"instock","12":"taxable","13":"shipping-taxable","14":"purchasable","15":"product-type-simple"},"_links":{"self":[{"href":"https:\/\/ceoparts.com\/fr\/wp-json\/wp\/v2\/product\/20085","targetHints":{"allow":["GET"]}}],"collection":[{"href":"https:\/\/ceoparts.com\/fr\/wp-json\/wp\/v2\/product"}],"about":[{"href":"https:\/\/ceoparts.com\/fr\/wp-json\/wp\/v2\/types\/product"}],"wp:featuredmedia":[{"embeddable":true,"href":"https:\/\/ceoparts.com\/fr\/wp-json\/wp\/v2\/media\/20090"}],"wp:attachment":[{"href":"https:\/\/ceoparts.com\/fr\/wp-json\/wp\/v2\/media?parent=20085"}],"wp:term":[{"taxonomy":"product_brand","embeddable":true,"href":"https:\/\/ceoparts.com\/fr\/wp-json\/wp\/v2\/product_brand?post=20085"},{"taxonomy":"product_cat","embeddable":true,"href":"https:\/\/ceoparts.com\/fr\/wp-json\/wp\/v2\/product_cat?post=20085"},{"taxonomy":"product_tag","embeddable":true,"href":"https:\/\/ceoparts.com\/fr\/wp-json\/wp\/v2\/product_tag?post=20085"}],"curies":[{"name":"wp","href":"https:\/\/api.w.org\/{rel}","templated":true}]}}