{"id":20092,"date":"2025-12-04T11:19:44","date_gmt":"2025-12-04T08:19:44","guid":{"rendered":"https:\/\/ceoparts.com\/?post_type=product&#038;p=20092"},"modified":"2026-05-03T18:15:55","modified_gmt":"2026-05-03T15:15:55","slug":"linde-sensor-0039730001","status":"publish","type":"product","link":"https:\/\/ceoparts.com\/fr\/urun\/linde-sensor-0039730001\/","title":{"rendered":"Linde Sens\u00f6r &#8211; 0039730001"},"content":{"rendered":"<p>Linde Sens\u00f6r &#8211; 0039730001<\/p>","protected":false},"excerpt":{"rendered":"<p data-start=\"2528\" data-end=\"2851\">Le <strong data-start=\"2531\" data-end=\"2561\">capteur Linde \u2013 0039730001<\/strong> est un capteur industriel de haute pr\u00e9cision utilis\u00e9 sur chariots \u00e9l\u00e9vateurs et v\u00e9hicules industriels pour d\u00e9tecter des param\u00e8tres critiques du syst\u00e8me et transmettre des donn\u00e9es pr\u00e9cises \u00e0 l\u2019unit\u00e9 de contr\u00f4le. Sa structure robuste assure une performance fiable et une longue dur\u00e9e de vie.<\/p>\n<p data-start=\"2853\" data-end=\"2877\"><strong data-start=\"2853\" data-end=\"2875\">Caract\u00e9ristiques :<\/strong><\/p>\n<ul data-start=\"2878\" data-end=\"3195\">\n<li data-start=\"2878\" data-end=\"2924\">\n<p data-start=\"2880\" data-end=\"2924\">Nom du produit: Capteur Linde \u2013 0039730001<\/p>\n<\/li>\n<li data-start=\"2925\" data-end=\"2951\">\n<p data-start=\"2927\" data-end=\"2951\">R\u00e9f\u00e9rence : 0039730001<\/p>\n<\/li>\n<li data-start=\"2952\" data-end=\"2993\">\n<p data-start=\"2954\" data-end=\"2993\">Type : Capteur industriel \/ d\u00e9tecteur<\/p>\n<\/li>\n<li data-start=\"2994\" data-end=\"3045\">\n<p data-start=\"2996\" data-end=\"3045\">Mat\u00e9riau : Composants \u00e9lectroniques industriels<\/p>\n<\/li>\n<li data-start=\"3046\" data-end=\"3126\">\n<p data-start=\"3048\" data-end=\"3126\">Domaine d\u2019utilisation : Syst\u00e8mes de contr\u00f4le et de mesure des chariots Linde<\/p>\n<\/li>\n<li data-start=\"3127\" data-end=\"3195\">\n<p data-start=\"3129\" data-end=\"3195\">Avantages : Haute pr\u00e9cision, signal fiable, construction robuste<\/p>\n<\/li>\n<\/ul>\n","protected":false},"featured_media":20095,"template":"","meta":[],"product_brand":[],"product_cat":[469,246,523],"product_tag":[],"class_list":{"0":"post-20092","1":"product","2":"type-product","3":"status-publish","4":"has-post-thumbnail","6":"product_cat-elektrik-ve-sistem-parcalari","7":"product_cat-linde","8":"product_cat-yedek-parca-linde","10":"first","11":"instock","12":"taxable","13":"shipping-taxable","14":"purchasable","15":"product-type-simple"},"_links":{"self":[{"href":"https:\/\/ceoparts.com\/fr\/wp-json\/wp\/v2\/product\/20092","targetHints":{"allow":["GET"]}}],"collection":[{"href":"https:\/\/ceoparts.com\/fr\/wp-json\/wp\/v2\/product"}],"about":[{"href":"https:\/\/ceoparts.com\/fr\/wp-json\/wp\/v2\/types\/product"}],"wp:featuredmedia":[{"embeddable":true,"href":"https:\/\/ceoparts.com\/fr\/wp-json\/wp\/v2\/media\/20095"}],"wp:attachment":[{"href":"https:\/\/ceoparts.com\/fr\/wp-json\/wp\/v2\/media?parent=20092"}],"wp:term":[{"taxonomy":"product_brand","embeddable":true,"href":"https:\/\/ceoparts.com\/fr\/wp-json\/wp\/v2\/product_brand?post=20092"},{"taxonomy":"product_cat","embeddable":true,"href":"https:\/\/ceoparts.com\/fr\/wp-json\/wp\/v2\/product_cat?post=20092"},{"taxonomy":"product_tag","embeddable":true,"href":"https:\/\/ceoparts.com\/fr\/wp-json\/wp\/v2\/product_tag?post=20092"}],"curies":[{"name":"wp","href":"https:\/\/api.w.org\/{rel}","templated":true}]}}