{"id":20101,"date":"2025-12-04T12:00:58","date_gmt":"2025-12-04T09:00:58","guid":{"rendered":"https:\/\/ceoparts.com\/?post_type=product&#038;p=20101"},"modified":"2026-05-03T17:03:08","modified_gmt":"2026-05-03T14:03:08","slug":"jungheinrich-side-shift-tutucu-cascade-c204186","status":"publish","type":"product","link":"https:\/\/ceoparts.com\/fr\/urun\/jungheinrich-side-shift-tutucu-cascade-c204186\/","title":{"rendered":"Support de d\u00e9placement lat\u00e9ral Jungheinrich Cascade &#8211; C204186"},"content":{"rendered":"<p>Support de d\u00e9placement lat\u00e9ral Jungheinrich Cascade &#8211; C204186<\/p>","protected":false},"excerpt":{"rendered":"<p data-start=\"2804\" data-end=\"3107\">Le <strong data-start=\"2807\" data-end=\"2868\">support lat\u00e9ral Jungheinrich Side Shift Cascade \u2013 C204186<\/strong> est un composant de fixation essentiel utilis\u00e9 pour attacher solidement une unit\u00e9 de d\u00e9calage lat\u00e9ral Cascade au ch\u00e2ssis d\u2019un chariot \u00e9l\u00e9vateur Jungheinrich. Il am\u00e9liore la stabilit\u00e9 lors des op\u00e9rations de d\u00e9placement lat\u00e9ral des charges.<\/p>\n<p data-start=\"3109\" data-end=\"3133\"><strong data-start=\"3109\" data-end=\"3131\">Caract\u00e9ristiques :<\/strong><\/p>\n<ul data-start=\"3134\" data-end=\"3456\">\n<li data-start=\"3134\" data-end=\"3211\">\n<p data-start=\"3136\" data-end=\"3211\">Nom du produit: Support lat\u00e9ral Jungheinrich Side Shift Cascade \u2013 C204186<\/p>\n<\/li>\n<li data-start=\"3212\" data-end=\"3235\">\n<p data-start=\"3214\" data-end=\"3235\">R\u00e9f\u00e9rence : C204186<\/p>\n<\/li>\n<li data-start=\"3236\" data-end=\"3293\">\n<p data-start=\"3238\" data-end=\"3293\">Syst\u00e8me compatible: Jungheinrich + Side Shift Cascade<\/p>\n<\/li>\n<li data-start=\"3294\" data-end=\"3340\">\n<p data-start=\"3296\" data-end=\"3340\">Mat\u00e9riau: Alliage d\u2019acier haute r\u00e9sistance<\/p>\n<\/li>\n<li data-start=\"3341\" data-end=\"3387\">\n<p data-start=\"3343\" data-end=\"3387\">Domaine d\u2019utilisation: Syst\u00e8mes Side Shift<\/p>\n<\/li>\n<li data-start=\"3388\" data-end=\"3456\">\n<p data-start=\"3390\" data-end=\"3456\">Avantages: Fixation s\u00fbre, structure robuste, longue dur\u00e9e de vie<\/p>\n<\/li>\n<\/ul>\n","protected":false},"featured_media":20104,"template":"","meta":[],"product_brand":[],"product_cat":[470,522,236],"product_tag":[],"class_list":{"0":"post-20101","1":"product","2":"type-product","3":"status-publish","4":"has-post-thumbnail","6":"product_cat-diger-yedek-parcalar","7":"product_cat-yedek-parca-jungheinrich","8":"product_cat-jungheinrich","10":"first","11":"instock","12":"taxable","13":"shipping-taxable","14":"purchasable","15":"product-type-simple"},"_links":{"self":[{"href":"https:\/\/ceoparts.com\/fr\/wp-json\/wp\/v2\/product\/20101","targetHints":{"allow":["GET"]}}],"collection":[{"href":"https:\/\/ceoparts.com\/fr\/wp-json\/wp\/v2\/product"}],"about":[{"href":"https:\/\/ceoparts.com\/fr\/wp-json\/wp\/v2\/types\/product"}],"wp:featuredmedia":[{"embeddable":true,"href":"https:\/\/ceoparts.com\/fr\/wp-json\/wp\/v2\/media\/20104"}],"wp:attachment":[{"href":"https:\/\/ceoparts.com\/fr\/wp-json\/wp\/v2\/media?parent=20101"}],"wp:term":[{"taxonomy":"product_brand","embeddable":true,"href":"https:\/\/ceoparts.com\/fr\/wp-json\/wp\/v2\/product_brand?post=20101"},{"taxonomy":"product_cat","embeddable":true,"href":"https:\/\/ceoparts.com\/fr\/wp-json\/wp\/v2\/product_cat?post=20101"},{"taxonomy":"product_tag","embeddable":true,"href":"https:\/\/ceoparts.com\/fr\/wp-json\/wp\/v2\/product_tag?post=20101"}],"curies":[{"name":"wp","href":"https:\/\/api.w.org\/{rel}","templated":true}]}}