{"id":20106,"date":"2025-12-04T13:57:40","date_gmt":"2025-12-04T10:57:40","guid":{"rendered":"https:\/\/ceoparts.com\/?post_type=product&#038;p=20106"},"modified":"2026-05-03T16:20:30","modified_gmt":"2026-05-03T13:20:30","slug":"bt-lpe-rre-baco-acil-buton-alt-swtich-264121","status":"publish","type":"product","link":"https:\/\/ceoparts.com\/fr\/urun\/bt-lpe-rre-baco-acil-buton-alt-swtich-264121\/","title":{"rendered":"Interrupteur inf\u00e9rieur du bouton d\u2019arr\u00eat d\u2019urgence BT &#8211; LPE\/RRE"},"content":{"rendered":"<p>Interrupteur inf\u00e9rieur du bouton d\u2019arr\u00eat d\u2019urgence BT &#8211; LPE\/RRE<\/p>\n<p><span dir=\"auto\">BT 264121<\/span><\/p>\n<p><span dir=\"auto\">LPE200\/220\/250<\/span><\/p>","protected":false},"excerpt":{"rendered":"<p data-start=\"2896\" data-end=\"3202\">Le <strong data-start=\"2899\" data-end=\"2970\">micro-contact inf\u00e9rieur du bouton d\u2019arr\u00eat d\u2019urgence BT-LPE\/RRE BACO<\/strong> est un contact utilis\u00e9 dans le syst\u00e8me d\u2019arr\u00eat d\u2019urgence des v\u00e9hicules des s\u00e9ries BT-LPE et RRE (BACO). Il ouvre le circuit \u00e9lectrique lorsqu\u2019on appuie sur le bouton d\u2019arr\u00eat, assurant un arr\u00eat s\u00e9curis\u00e9 du syst\u00e8me. Con\u00e7u pour durer.<\/p>\n<p data-start=\"3204\" data-end=\"3228\"><strong data-start=\"3204\" data-end=\"3226\">Caract\u00e9ristiques :<\/strong><\/p>\n<ul data-start=\"3229\" data-end=\"3647\">\n<li data-start=\"3229\" data-end=\"3316\">\n<p data-start=\"3231\" data-end=\"3316\">Nom du produit: Micro-contact inf\u00e9rieur du bouton d\u2019arr\u00eat d\u2019urgence BT-LPE\/RRE BACO<\/p>\n<\/li>\n<li data-start=\"3317\" data-end=\"3371\">\n<p data-start=\"3319\" data-end=\"3371\">Type: Switch inf\u00e9rieur d\u2019arr\u00eat d\u2019urgence \/ contact<\/p>\n<\/li>\n<li data-start=\"3372\" data-end=\"3421\">\n<p data-start=\"3374\" data-end=\"3421\">Compatibilit\u00e9: V\u00e9hicules BT-LPE et RRE (BACO)<\/p>\n<\/li>\n<li data-start=\"3422\" data-end=\"3490\">\n<p data-start=\"3424\" data-end=\"3490\">Mat\u00e9riau: Bo\u00eetier plastique de qualit\u00e9 avec contacts m\u00e9talliques<\/p>\n<\/li>\n<li data-start=\"3491\" data-end=\"3568\">\n<p data-start=\"3493\" data-end=\"3568\">Utilisation: Syst\u00e8mes de s\u00e9curit\u00e9 d\u2019arr\u00eat d\u2019urgence, panneaux de commande<\/p>\n<\/li>\n<li data-start=\"3569\" data-end=\"3647\">\n<p data-start=\"3571\" data-end=\"3647\">Avantages: D\u00e9clenchement fiable, construction robuste, installation facile<\/p>\n<\/li>\n<\/ul>\n","protected":false},"featured_media":20111,"template":"","meta":[],"product_brand":[],"product_cat":[469,518,251],"product_tag":[],"class_list":{"0":"post-20106","1":"product","2":"type-product","3":"status-publish","4":"has-post-thumbnail","6":"product_cat-elektrik-ve-sistem-parcalari","7":"product_cat-yedek-parca-bt","8":"product_cat-bt","10":"first","11":"instock","12":"taxable","13":"shipping-taxable","14":"purchasable","15":"product-type-simple"},"_links":{"self":[{"href":"https:\/\/ceoparts.com\/fr\/wp-json\/wp\/v2\/product\/20106","targetHints":{"allow":["GET"]}}],"collection":[{"href":"https:\/\/ceoparts.com\/fr\/wp-json\/wp\/v2\/product"}],"about":[{"href":"https:\/\/ceoparts.com\/fr\/wp-json\/wp\/v2\/types\/product"}],"wp:featuredmedia":[{"embeddable":true,"href":"https:\/\/ceoparts.com\/fr\/wp-json\/wp\/v2\/media\/20111"}],"wp:attachment":[{"href":"https:\/\/ceoparts.com\/fr\/wp-json\/wp\/v2\/media?parent=20106"}],"wp:term":[{"taxonomy":"product_brand","embeddable":true,"href":"https:\/\/ceoparts.com\/fr\/wp-json\/wp\/v2\/product_brand?post=20106"},{"taxonomy":"product_cat","embeddable":true,"href":"https:\/\/ceoparts.com\/fr\/wp-json\/wp\/v2\/product_cat?post=20106"},{"taxonomy":"product_tag","embeddable":true,"href":"https:\/\/ceoparts.com\/fr\/wp-json\/wp\/v2\/product_tag?post=20106"}],"curies":[{"name":"wp","href":"https:\/\/api.w.org\/{rel}","templated":true}]}}