{"id":20120,"date":"2025-12-04T15:34:56","date_gmt":"2025-12-04T12:34:56","guid":{"rendered":"https:\/\/ceoparts.com\/?post_type=product&#038;p=20120"},"modified":"2026-05-03T16:17:45","modified_gmt":"2026-05-03T13:17:45","slug":"bt-lpe200-kol-kapagi-7529404","status":"publish","type":"product","link":"https:\/\/ceoparts.com\/fr\/urun\/bt-lpe200-kol-kapagi-7529404\/","title":{"rendered":"BT-LPE200 Cache du levier &#8211; 7529404"},"content":{"rendered":"<p>BT-LPE200 Cache du levier &#8211; 7529404<\/p>","protected":false},"excerpt":{"rendered":"<p data-start=\"2323\" data-end=\"2562\">Le <strong data-start=\"2326\" data-end=\"2367\">couvercle de bras BT-LPE200 \u2013 7529404<\/strong> prot\u00e8ge le m\u00e9canisme du bras de l\u2019op\u00e9rateur tout en offrant une couverture esth\u00e9tique. Sa construction r\u00e9sistante aux d\u00e9formations assure un usage prolong\u00e9 et am\u00e9liore le confort de l\u2019op\u00e9rateur.<\/p>\n<p data-start=\"2564\" data-end=\"2588\"><strong data-start=\"2564\" data-end=\"2586\">Caract\u00e9ristiques :<\/strong><\/p>\n<ul data-start=\"2589\" data-end=\"2879\">\n<li data-start=\"2589\" data-end=\"2646\">\n<p data-start=\"2591\" data-end=\"2646\">Nom du produit: Couvercle de bras BT-LPE200 \u2013 7529404<\/p>\n<\/li>\n<li data-start=\"2647\" data-end=\"2670\">\n<p data-start=\"2649\" data-end=\"2670\">R\u00e9f\u00e9rence : 7529404<\/p>\n<\/li>\n<li data-start=\"2671\" data-end=\"2705\">\n<p data-start=\"2673\" data-end=\"2705\">Compatibilit\u00e9: S\u00e9rie BT-LPE200<\/p>\n<\/li>\n<li data-start=\"2706\" data-end=\"2751\">\n<p data-start=\"2708\" data-end=\"2751\">Mat\u00e9riau: Plastique \/ composite r\u00e9sistant<\/p>\n<\/li>\n<li data-start=\"2752\" data-end=\"2811\">\n<p data-start=\"2754\" data-end=\"2811\">Utilisation: Bras de l\u2019op\u00e9rateur et points de connexion<\/p>\n<\/li>\n<li data-start=\"2812\" data-end=\"2879\">\n<p data-start=\"2814\" data-end=\"2879\">Avantages: Protection, longue dur\u00e9e de vie, installation facile<\/p>\n<\/li>\n<\/ul>\n","protected":false},"featured_media":20122,"template":"","meta":[],"product_brand":[],"product_cat":[472,518,251],"product_tag":[],"class_list":{"0":"post-20120","1":"product","2":"type-product","3":"status-publish","4":"has-post-thumbnail","6":"product_cat-kaporta-aksami","7":"product_cat-yedek-parca-bt","8":"product_cat-bt","10":"first","11":"instock","12":"taxable","13":"shipping-taxable","14":"purchasable","15":"product-type-simple"},"_links":{"self":[{"href":"https:\/\/ceoparts.com\/fr\/wp-json\/wp\/v2\/product\/20120","targetHints":{"allow":["GET"]}}],"collection":[{"href":"https:\/\/ceoparts.com\/fr\/wp-json\/wp\/v2\/product"}],"about":[{"href":"https:\/\/ceoparts.com\/fr\/wp-json\/wp\/v2\/types\/product"}],"wp:featuredmedia":[{"embeddable":true,"href":"https:\/\/ceoparts.com\/fr\/wp-json\/wp\/v2\/media\/20122"}],"wp:attachment":[{"href":"https:\/\/ceoparts.com\/fr\/wp-json\/wp\/v2\/media?parent=20120"}],"wp:term":[{"taxonomy":"product_brand","embeddable":true,"href":"https:\/\/ceoparts.com\/fr\/wp-json\/wp\/v2\/product_brand?post=20120"},{"taxonomy":"product_cat","embeddable":true,"href":"https:\/\/ceoparts.com\/fr\/wp-json\/wp\/v2\/product_cat?post=20120"},{"taxonomy":"product_tag","embeddable":true,"href":"https:\/\/ceoparts.com\/fr\/wp-json\/wp\/v2\/product_tag?post=20120"}],"curies":[{"name":"wp","href":"https:\/\/api.w.org\/{rel}","templated":true}]}}