{"id":20131,"date":"2025-12-05T12:03:28","date_gmt":"2025-12-05T09:03:28","guid":{"rendered":"https:\/\/ceoparts.com\/?post_type=product&#038;p=20131"},"modified":"2026-05-03T16:17:46","modified_gmt":"2026-05-03T13:17:46","slug":"linde-denge-mekanizma-ayagi-1314004000","status":"publish","type":"product","link":"https:\/\/ceoparts.com\/fr\/urun\/linde-denge-mekanizma-ayagi-1314004000\/","title":{"rendered":"Pied du m\u00e9canisme de stabilisation Linde &#8211; 1314004000"},"content":{"rendered":"<p>Pied du m\u00e9canisme de stabilisation Linde &#8211; 1314004000<\/p>","protected":false},"excerpt":{"rendered":"<p data-start=\"2495\" data-end=\"2737\">Le <strong data-start=\"2498\" data-end=\"2552\">pied du m\u00e9canisme d\u2019\u00e9quilibrage Linde \u2013 1314004000<\/strong> est un composant robuste qui fixe solidement le m\u00e9canisme d\u2019\u00e9quilibrage au ch\u00e2ssis du chariot \u00e9l\u00e9vateur. Il am\u00e9liore la stabilit\u00e9 lors de la manipulation et du d\u00e9placement des charges.<\/p>\n<p data-start=\"2739\" data-end=\"2763\"><strong data-start=\"2739\" data-end=\"2761\">Caract\u00e9ristiques :<\/strong><\/p>\n<ul data-start=\"2764\" data-end=\"3107\">\n<li data-start=\"2764\" data-end=\"2834\">\n<p data-start=\"2766\" data-end=\"2834\">Nom du produit: Pied du m\u00e9canisme d\u2019\u00e9quilibrage Linde \u2013 1314004000<\/p>\n<\/li>\n<li data-start=\"2835\" data-end=\"2860\">\n<p data-start=\"2837\" data-end=\"2860\">R\u00e9f\u00e9rence: 1314004000<\/p>\n<\/li>\n<li data-start=\"2861\" data-end=\"2923\">\n<p data-start=\"2863\" data-end=\"2923\">Type: Pied m\u00e9canisme d\u2019\u00e9quilibrage \/ composant de fixation<\/p>\n<\/li>\n<li data-start=\"2924\" data-end=\"2973\">\n<p data-start=\"2926\" data-end=\"2973\">Mat\u00e9riau: Alliage m\u00e9tallique haute r\u00e9sistance<\/p>\n<\/li>\n<li data-start=\"2974\" data-end=\"3034\">\n<p data-start=\"2976\" data-end=\"3034\">Utilisation: Fixation m\u00e9canisme d\u2019\u00e9quilibrage au ch\u00e2ssis<\/p>\n<\/li>\n<li data-start=\"3035\" data-end=\"3107\">\n<p data-start=\"3037\" data-end=\"3107\">Avantages: Montage stable, construction robuste, longue dur\u00e9e de vie<\/p>\n<\/li>\n<\/ul>\n","protected":false},"featured_media":20132,"template":"","meta":[],"product_brand":[],"product_cat":[420,246,523],"product_tag":[],"class_list":{"0":"post-20131","1":"product","2":"type-product","3":"status-publish","4":"has-post-thumbnail","6":"product_cat-denge-mekanizmalar","7":"product_cat-linde","8":"product_cat-yedek-parca-linde","10":"first","11":"instock","12":"taxable","13":"shipping-taxable","14":"purchasable","15":"product-type-simple"},"_links":{"self":[{"href":"https:\/\/ceoparts.com\/fr\/wp-json\/wp\/v2\/product\/20131","targetHints":{"allow":["GET"]}}],"collection":[{"href":"https:\/\/ceoparts.com\/fr\/wp-json\/wp\/v2\/product"}],"about":[{"href":"https:\/\/ceoparts.com\/fr\/wp-json\/wp\/v2\/types\/product"}],"wp:featuredmedia":[{"embeddable":true,"href":"https:\/\/ceoparts.com\/fr\/wp-json\/wp\/v2\/media\/20132"}],"wp:attachment":[{"href":"https:\/\/ceoparts.com\/fr\/wp-json\/wp\/v2\/media?parent=20131"}],"wp:term":[{"taxonomy":"product_brand","embeddable":true,"href":"https:\/\/ceoparts.com\/fr\/wp-json\/wp\/v2\/product_brand?post=20131"},{"taxonomy":"product_cat","embeddable":true,"href":"https:\/\/ceoparts.com\/fr\/wp-json\/wp\/v2\/product_cat?post=20131"},{"taxonomy":"product_tag","embeddable":true,"href":"https:\/\/ceoparts.com\/fr\/wp-json\/wp\/v2\/product_tag?post=20131"}],"curies":[{"name":"wp","href":"https:\/\/api.w.org\/{rel}","templated":true}]}}