{"id":20156,"date":"2025-12-06T10:36:28","date_gmt":"2025-12-06T07:36:28","guid":{"rendered":"https:\/\/ceoparts.com\/?post_type=product&#038;p=20156"},"modified":"2026-05-03T17:37:15","modified_gmt":"2026-05-03T14:37:15","slug":"bt-tesisat-kablosu-7573840","status":"publish","type":"product","link":"https:\/\/ceoparts.com\/fr\/urun\/bt-tesisat-kablosu-7573840\/","title":{"rendered":"C\u00e2ble de faisceau BT \u2013 7573840"},"content":{"rendered":"<p>C\u00e2ble de faisceau BT \u2013 7573840<\/p>","protected":false},"excerpt":{"rendered":"<p data-start=\"2694\" data-end=\"3003\">Le <strong data-start=\"2697\" data-end=\"2734\">c\u00e2ble d\u2019installation BT \u2013 7573840<\/strong> est une pi\u00e8ce robuste utilis\u00e9e dans les chariots \u00e9l\u00e9vateurs et v\u00e9hicules \u00e9lectriques BT pour assurer un flux \u00e9lectrique s\u00fbr et ininterrompu. Sa haute conductivit\u00e9 et son isolation garantissent une longue dur\u00e9e de vie et une meilleure performance du syst\u00e8me \u00e9lectrique.<\/p>\n<p data-start=\"3005\" data-end=\"3029\"><strong data-start=\"3005\" data-end=\"3027\">Caract\u00e9ristiques :<\/strong><\/p>\n<ul data-start=\"3030\" data-end=\"3371\">\n<li data-start=\"3030\" data-end=\"3083\">\n<p data-start=\"3032\" data-end=\"3083\">Nom du produit: C\u00e2ble d\u2019installation BT \u2013 7573840<\/p>\n<\/li>\n<li data-start=\"3084\" data-end=\"3106\">\n<p data-start=\"3086\" data-end=\"3106\">R\u00e9f\u00e9rence: 7573840<\/p>\n<\/li>\n<li data-start=\"3107\" data-end=\"3133\">\n<p data-start=\"3109\" data-end=\"3133\">Type: C\u00e2ble \u00e9lectrique<\/p>\n<\/li>\n<li data-start=\"3134\" data-end=\"3207\">\n<p data-start=\"3136\" data-end=\"3207\">Mat\u00e9riau: Conducteur en cuivre haute conductivit\u00e9 avec gaine isolante<\/p>\n<\/li>\n<li data-start=\"3208\" data-end=\"3297\">\n<p data-start=\"3210\" data-end=\"3297\">Utilisation: Syst\u00e8mes \u00e9lectriques des chariots \u00e9l\u00e9vateurs et v\u00e9hicules \u00e9lectriques BT<\/p>\n<\/li>\n<li data-start=\"3298\" data-end=\"3371\">\n<p data-start=\"3300\" data-end=\"3371\">Avantages: Transmission \u00e9lectrique s\u00fbre, durable, longue dur\u00e9e de vie<\/p>\n<\/li>\n<\/ul>\n","protected":false},"featured_media":20160,"template":"","meta":[],"product_brand":[],"product_cat":[469,518,251],"product_tag":[],"class_list":{"0":"post-20156","1":"product","2":"type-product","3":"status-publish","4":"has-post-thumbnail","6":"product_cat-elektrik-ve-sistem-parcalari","7":"product_cat-yedek-parca-bt","8":"product_cat-bt","10":"first","11":"instock","12":"taxable","13":"shipping-taxable","14":"purchasable","15":"product-type-simple"},"_links":{"self":[{"href":"https:\/\/ceoparts.com\/fr\/wp-json\/wp\/v2\/product\/20156","targetHints":{"allow":["GET"]}}],"collection":[{"href":"https:\/\/ceoparts.com\/fr\/wp-json\/wp\/v2\/product"}],"about":[{"href":"https:\/\/ceoparts.com\/fr\/wp-json\/wp\/v2\/types\/product"}],"wp:featuredmedia":[{"embeddable":true,"href":"https:\/\/ceoparts.com\/fr\/wp-json\/wp\/v2\/media\/20160"}],"wp:attachment":[{"href":"https:\/\/ceoparts.com\/fr\/wp-json\/wp\/v2\/media?parent=20156"}],"wp:term":[{"taxonomy":"product_brand","embeddable":true,"href":"https:\/\/ceoparts.com\/fr\/wp-json\/wp\/v2\/product_brand?post=20156"},{"taxonomy":"product_cat","embeddable":true,"href":"https:\/\/ceoparts.com\/fr\/wp-json\/wp\/v2\/product_cat?post=20156"},{"taxonomy":"product_tag","embeddable":true,"href":"https:\/\/ceoparts.com\/fr\/wp-json\/wp\/v2\/product_tag?post=20156"}],"curies":[{"name":"wp","href":"https:\/\/api.w.org\/{rel}","templated":true}]}}