{"id":20161,"date":"2025-12-06T11:13:59","date_gmt":"2025-12-06T08:13:59","guid":{"rendered":"https:\/\/ceoparts.com\/?post_type=product&#038;p=20161"},"modified":"2026-05-03T17:00:07","modified_gmt":"2026-05-03T14:00:07","slug":"albright-kontaktor-sd-200a-92-24v-7915492113","status":"publish","type":"product","link":"https:\/\/ceoparts.com\/fr\/urun\/albright-kontaktor-sd-200a-92-24v-7915492113\/","title":{"rendered":"Contacteur Albright SD 200A-92 24V \u2013 7915492113"},"content":{"rendered":"<p>Contacteur Albright SD 200A-92 24V \u2013 7915492113<\/p>","protected":false},"excerpt":{"rendered":"<p data-start=\"2654\" data-end=\"2969\">Le <strong data-start=\"2657\" data-end=\"2708\">contacteur Albright SD 200A-92 24V \u2013 7915492113<\/strong> est un contacteur \u00e9lectrique puissant utilis\u00e9 dans les chariots \u00e9l\u00e9vateurs et v\u00e9hicules \u00e9lectriques pour contr\u00f4ler en toute s\u00e9curit\u00e9 les circuits \u00e0 haute intensit\u00e9. Avec une capacit\u00e9 de 200A et une tension de 24V, il offre des performances fiables et durables.<\/p>\n<p data-start=\"2971\" data-end=\"2995\"><strong data-start=\"2971\" data-end=\"2993\">Caract\u00e9ristiques :<\/strong><\/p>\n<ul data-start=\"2996\" data-end=\"3375\">\n<li data-start=\"2996\" data-end=\"3063\">\n<p data-start=\"2998\" data-end=\"3063\">Nom du produit: Contacteur Albright SD 200A-92 24V \u2013 7915492113<\/p>\n<\/li>\n<li data-start=\"3064\" data-end=\"3089\">\n<p data-start=\"3066\" data-end=\"3089\">R\u00e9f\u00e9rence: 7915492113<\/p>\n<\/li>\n<li data-start=\"3090\" data-end=\"3147\">\n<p data-start=\"3092\" data-end=\"3147\">Type: Contacteur \u00e9lectrique \/ circuit haute intensit\u00e9<\/p>\n<\/li>\n<li data-start=\"3148\" data-end=\"3182\">\n<p data-start=\"3150\" data-end=\"3182\">Tension de fonctionnement: 24V<\/p>\n<\/li>\n<li data-start=\"3183\" data-end=\"3208\">\n<p data-start=\"3185\" data-end=\"3208\">Courant nominal: 200A<\/p>\n<\/li>\n<li data-start=\"3209\" data-end=\"3294\">\n<p data-start=\"3211\" data-end=\"3294\">Utilisation: Chariots \u00e9l\u00e9vateurs, v\u00e9hicules \u00e9lectriques, circuits haute intensit\u00e9<\/p>\n<\/li>\n<li data-start=\"3295\" data-end=\"3375\">\n<p data-start=\"3297\" data-end=\"3375\">Avantages: Haute capacit\u00e9 de courant, contr\u00f4le s\u00e9curis\u00e9, longue dur\u00e9e de vie<\/p>\n<\/li>\n<\/ul>\n","protected":false},"featured_media":20165,"template":"","meta":[],"product_brand":[],"product_cat":[462],"product_tag":[],"class_list":{"0":"post-20161","1":"product","2":"type-product","3":"status-publish","4":"has-post-thumbnail","6":"product_cat-kontaktorler","8":"first","9":"instock","10":"taxable","11":"shipping-taxable","12":"purchasable","13":"product-type-simple"},"_links":{"self":[{"href":"https:\/\/ceoparts.com\/fr\/wp-json\/wp\/v2\/product\/20161","targetHints":{"allow":["GET"]}}],"collection":[{"href":"https:\/\/ceoparts.com\/fr\/wp-json\/wp\/v2\/product"}],"about":[{"href":"https:\/\/ceoparts.com\/fr\/wp-json\/wp\/v2\/types\/product"}],"wp:featuredmedia":[{"embeddable":true,"href":"https:\/\/ceoparts.com\/fr\/wp-json\/wp\/v2\/media\/20165"}],"wp:attachment":[{"href":"https:\/\/ceoparts.com\/fr\/wp-json\/wp\/v2\/media?parent=20161"}],"wp:term":[{"taxonomy":"product_brand","embeddable":true,"href":"https:\/\/ceoparts.com\/fr\/wp-json\/wp\/v2\/product_brand?post=20161"},{"taxonomy":"product_cat","embeddable":true,"href":"https:\/\/ceoparts.com\/fr\/wp-json\/wp\/v2\/product_cat?post=20161"},{"taxonomy":"product_tag","embeddable":true,"href":"https:\/\/ceoparts.com\/fr\/wp-json\/wp\/v2\/product_tag?post=20161"}],"curies":[{"name":"wp","href":"https:\/\/api.w.org\/{rel}","templated":true}]}}