{"id":20166,"date":"2025-12-06T11:33:58","date_gmt":"2025-12-06T08:33:58","guid":{"rendered":"https:\/\/ceoparts.com\/?post_type=product&#038;p=20166"},"modified":"2026-05-03T17:37:15","modified_gmt":"2026-05-03T14:37:15","slug":"still-exu-kol-mili-alyanli-45755401700","status":"publish","type":"product","link":"https:\/\/ceoparts.com\/fr\/urun\/still-exu-kol-mili-alyanli-45755401700\/","title":{"rendered":"STILL &#8211; EXU Arbre de levier avec cl\u00e9 Allen &#8211; 45755401700"},"content":{"rendered":"<p>STILL &#8211; EXU Arbre de levier avec cl\u00e9 Allen &#8211; 45755401700<\/p>","protected":false},"excerpt":{"rendered":"<p data-start=\"2354\" data-end=\"2603\">L\u2019<strong data-start=\"2356\" data-end=\"2407\">arbre de bras EXU STILL avec alen \u2013 45755401700<\/strong> est une pi\u00e8ce de rechange durable utilis\u00e9e dans les chariots \u00e9l\u00e9vateurs STILL pour assurer une rotation s\u00e9curis\u00e9e et pr\u00e9cise du m\u00e9canisme du bras op\u00e9rateur. La connexion alen facilite le montage.<\/p>\n<p data-start=\"2605\" data-end=\"2629\"><strong data-start=\"2605\" data-end=\"2627\">Caract\u00e9ristiques :<\/strong><\/p>\n<ul data-start=\"2630\" data-end=\"2933\">\n<li data-start=\"2630\" data-end=\"2697\">\n<p data-start=\"2632\" data-end=\"2697\">Nom du produit: Arbre de bras EXU STILL avec alen \u2013 45755401700<\/p>\n<\/li>\n<li data-start=\"2698\" data-end=\"2724\">\n<p data-start=\"2700\" data-end=\"2724\">R\u00e9f\u00e9rence: 45755401700<\/p>\n<\/li>\n<li data-start=\"2725\" data-end=\"2765\">\n<p data-start=\"2727\" data-end=\"2765\">Type: Arbre de bras \/ connexion alen<\/p>\n<\/li>\n<li data-start=\"2766\" data-end=\"2815\">\n<p data-start=\"2768\" data-end=\"2815\">Mat\u00e9riau: Alliage m\u00e9tallique haute r\u00e9sistance<\/p>\n<\/li>\n<li data-start=\"2816\" data-end=\"2860\">\n<p data-start=\"2818\" data-end=\"2860\">Utilisation: M\u00e9canisme du bras op\u00e9rateur<\/p>\n<\/li>\n<li data-start=\"2861\" data-end=\"2933\">\n<p data-start=\"2863\" data-end=\"2933\">Avantages: Montage facile, construction robuste, longue dur\u00e9e de vie<\/p>\n<\/li>\n<\/ul>\n","protected":false},"featured_media":20170,"template":"","meta":[],"product_brand":[],"product_cat":[467,241,524],"product_tag":[],"class_list":{"0":"post-20166","1":"product","2":"type-product","3":"status-publish","4":"has-post-thumbnail","6":"product_cat-mil-grubu","7":"product_cat-still","8":"product_cat-yedek-parca-still","10":"first","11":"instock","12":"taxable","13":"shipping-taxable","14":"purchasable","15":"product-type-simple"},"_links":{"self":[{"href":"https:\/\/ceoparts.com\/fr\/wp-json\/wp\/v2\/product\/20166","targetHints":{"allow":["GET"]}}],"collection":[{"href":"https:\/\/ceoparts.com\/fr\/wp-json\/wp\/v2\/product"}],"about":[{"href":"https:\/\/ceoparts.com\/fr\/wp-json\/wp\/v2\/types\/product"}],"wp:featuredmedia":[{"embeddable":true,"href":"https:\/\/ceoparts.com\/fr\/wp-json\/wp\/v2\/media\/20170"}],"wp:attachment":[{"href":"https:\/\/ceoparts.com\/fr\/wp-json\/wp\/v2\/media?parent=20166"}],"wp:term":[{"taxonomy":"product_brand","embeddable":true,"href":"https:\/\/ceoparts.com\/fr\/wp-json\/wp\/v2\/product_brand?post=20166"},{"taxonomy":"product_cat","embeddable":true,"href":"https:\/\/ceoparts.com\/fr\/wp-json\/wp\/v2\/product_cat?post=20166"},{"taxonomy":"product_tag","embeddable":true,"href":"https:\/\/ceoparts.com\/fr\/wp-json\/wp\/v2\/product_tag?post=20166"}],"curies":[{"name":"wp","href":"https:\/\/api.w.org\/{rel}","templated":true}]}}