{"id":20175,"date":"2025-12-06T11:58:10","date_gmt":"2025-12-06T08:58:10","guid":{"rendered":"https:\/\/ceoparts.com\/?post_type=product&#038;p=20175"},"modified":"2026-05-03T18:17:28","modified_gmt":"2026-05-03T15:17:28","slug":"linde-kece-9620000542","status":"publish","type":"product","link":"https:\/\/ceoparts.com\/fr\/urun\/linde-kece-9620000542\/","title":{"rendered":"Joint Linde &#8211; 9620000542"},"content":{"rendered":"<p>Joint Linde &#8211; 9620000542<\/p>","protected":false},"excerpt":{"rendered":"<p data-start=\"2395\" data-end=\"2679\">Le <strong data-start=\"2398\" data-end=\"2426\">joint Linde \u2013 9620000542<\/strong> est un \u00e9l\u00e9ment d\u2019\u00e9tanch\u00e9it\u00e9 utilis\u00e9 sur les chariots \u00e9l\u00e9vateurs Linde afin d\u2019emp\u00eacher les fuites d\u2019huile et de prot\u00e9ger contre la poussi\u00e8re et les impuret\u00e9s. Sa conception robuste r\u00e9duit l\u2019usure des pi\u00e8ces mobiles et garantit un fonctionnement durable.<\/p>\n<p data-start=\"2681\" data-end=\"2703\"><strong data-start=\"2681\" data-end=\"2703\">Caract\u00e9ristiques :<\/strong><\/p>\n<ul data-start=\"2704\" data-end=\"3000\">\n<li data-start=\"2704\" data-end=\"2749\">\n<p data-start=\"2706\" data-end=\"2749\">Nom du produit : Joint Linde \u2013 9620000542<\/p>\n<\/li>\n<li data-start=\"2750\" data-end=\"2776\">\n<p data-start=\"2752\" data-end=\"2776\">R\u00e9f\u00e9rence : 9620000542<\/p>\n<\/li>\n<li data-start=\"2777\" data-end=\"2844\">\n<p data-start=\"2779\" data-end=\"2844\">Mat\u00e9riau : Feutre d\u2019\u00e9tanch\u00e9it\u00e9 r\u00e9sistant \u00e0 l\u2019usure et \u00e0 l\u2019huile<\/p>\n<\/li>\n<li data-start=\"2845\" data-end=\"2927\">\n<p data-start=\"2847\" data-end=\"2927\">Domaine d\u2019utilisation : Syst\u00e8mes m\u00e9caniques et hydrauliques des chariots Linde<\/p>\n<\/li>\n<li data-start=\"2928\" data-end=\"3000\">\n<p data-start=\"2930\" data-end=\"3000\">Avantages : \u00c9tanch\u00e9it\u00e9 efficace, longue dur\u00e9e de vie, montage facile<\/p>\n<\/li>\n<\/ul>\n","protected":false},"featured_media":20176,"template":"","meta":[],"product_brand":[],"product_cat":[470,523,246],"product_tag":[],"class_list":{"0":"post-20175","1":"product","2":"type-product","3":"status-publish","4":"has-post-thumbnail","6":"product_cat-diger-yedek-parcalar","7":"product_cat-yedek-parca-linde","8":"product_cat-linde","10":"first","11":"instock","12":"taxable","13":"shipping-taxable","14":"purchasable","15":"product-type-simple"},"_links":{"self":[{"href":"https:\/\/ceoparts.com\/fr\/wp-json\/wp\/v2\/product\/20175","targetHints":{"allow":["GET"]}}],"collection":[{"href":"https:\/\/ceoparts.com\/fr\/wp-json\/wp\/v2\/product"}],"about":[{"href":"https:\/\/ceoparts.com\/fr\/wp-json\/wp\/v2\/types\/product"}],"wp:featuredmedia":[{"embeddable":true,"href":"https:\/\/ceoparts.com\/fr\/wp-json\/wp\/v2\/media\/20176"}],"wp:attachment":[{"href":"https:\/\/ceoparts.com\/fr\/wp-json\/wp\/v2\/media?parent=20175"}],"wp:term":[{"taxonomy":"product_brand","embeddable":true,"href":"https:\/\/ceoparts.com\/fr\/wp-json\/wp\/v2\/product_brand?post=20175"},{"taxonomy":"product_cat","embeddable":true,"href":"https:\/\/ceoparts.com\/fr\/wp-json\/wp\/v2\/product_cat?post=20175"},{"taxonomy":"product_tag","embeddable":true,"href":"https:\/\/ceoparts.com\/fr\/wp-json\/wp\/v2\/product_tag?post=20175"}],"curies":[{"name":"wp","href":"https:\/\/api.w.org\/{rel}","templated":true}]}}