{"id":20206,"date":"2025-12-16T13:51:39","date_gmt":"2025-12-16T10:51:39","guid":{"rendered":"https:\/\/ceoparts.com\/?post_type=product&#038;p=20206"},"modified":"2026-05-03T19:22:50","modified_gmt":"2026-05-03T16:22:50","slug":"jungheinrich-hidrolik-filtre-50297585","status":"publish","type":"product","link":"https:\/\/ceoparts.com\/fr\/urun\/jungheinrich-hidrolik-filtre-50297585\/","title":{"rendered":"Filtre hydraulique Jungheinrich \u2013 50297585"},"content":{"rendered":"<p>Filtre hydraulique Jungheinrich \u2013 50297585<\/p>","protected":false},"excerpt":{"rendered":"<p data-start=\"2595\" data-end=\"2901\">Le <strong data-start=\"2598\" data-end=\"2633\">filtre hydraulique Jungheinrich<\/strong> est utilis\u00e9 dans les chariots \u00e9l\u00e9vateurs afin de maintenir l\u2019huile hydraulique propre en emp\u00eachant les impuret\u00e9s et particules m\u00e9talliques d\u2019endommager le syst\u00e8me. Il prolonge la dur\u00e9e de vie des pompes et des valves hydrauliques et garantit un fonctionnement fiable.<\/p>\n<p data-start=\"2903\" data-end=\"2925\"><strong data-start=\"2903\" data-end=\"2925\">Caract\u00e9ristiques :<\/strong><\/p>\n<ul data-start=\"2926\" data-end=\"3246\">\n<li data-start=\"2926\" data-end=\"2978\">\n<p data-start=\"2928\" data-end=\"2978\">Nom du produit : Filtre hydraulique Jungheinrich<\/p>\n<\/li>\n<li data-start=\"2979\" data-end=\"3008\">\n<p data-start=\"2981\" data-end=\"3008\">R\u00e9f\u00e9rence : Non sp\u00e9cifi\u00e9e<\/p>\n<\/li>\n<li data-start=\"3009\" data-end=\"3090\">\n<p data-start=\"3011\" data-end=\"3090\">Mat\u00e9riau : \u00c9l\u00e9ment filtrant haute performance avec bo\u00eetier m\u00e9tallique robuste<\/p>\n<\/li>\n<li data-start=\"3091\" data-end=\"3166\">\n<p data-start=\"3093\" data-end=\"3166\">Domaine d\u2019utilisation : Syst\u00e8mes hydrauliques des chariots Jungheinrich<\/p>\n<\/li>\n<li data-start=\"3167\" data-end=\"3246\">\n<p data-start=\"3169\" data-end=\"3246\">Avantages : Filtration efficace, protection du syst\u00e8me, longue dur\u00e9e de vie<\/p>\n<\/li>\n<\/ul>\n","protected":false},"featured_media":20211,"template":"","meta":[],"product_brand":[],"product_cat":[236,498,522],"product_tag":[],"class_list":{"0":"post-20206","1":"product","2":"type-product","3":"status-publish","4":"has-post-thumbnail","6":"product_cat-jungheinrich","7":"product_cat-filtre-cesitleri","8":"product_cat-yedek-parca-jungheinrich","10":"first","11":"instock","12":"taxable","13":"shipping-taxable","14":"purchasable","15":"product-type-simple"},"_links":{"self":[{"href":"https:\/\/ceoparts.com\/fr\/wp-json\/wp\/v2\/product\/20206","targetHints":{"allow":["GET"]}}],"collection":[{"href":"https:\/\/ceoparts.com\/fr\/wp-json\/wp\/v2\/product"}],"about":[{"href":"https:\/\/ceoparts.com\/fr\/wp-json\/wp\/v2\/types\/product"}],"wp:featuredmedia":[{"embeddable":true,"href":"https:\/\/ceoparts.com\/fr\/wp-json\/wp\/v2\/media\/20211"}],"wp:attachment":[{"href":"https:\/\/ceoparts.com\/fr\/wp-json\/wp\/v2\/media?parent=20206"}],"wp:term":[{"taxonomy":"product_brand","embeddable":true,"href":"https:\/\/ceoparts.com\/fr\/wp-json\/wp\/v2\/product_brand?post=20206"},{"taxonomy":"product_cat","embeddable":true,"href":"https:\/\/ceoparts.com\/fr\/wp-json\/wp\/v2\/product_cat?post=20206"},{"taxonomy":"product_tag","embeddable":true,"href":"https:\/\/ceoparts.com\/fr\/wp-json\/wp\/v2\/product_tag?post=20206"}],"curies":[{"name":"wp","href":"https:\/\/api.w.org\/{rel}","templated":true}]}}