{"id":20227,"date":"2025-12-17T09:26:56","date_gmt":"2025-12-17T06:26:56","guid":{"rendered":"https:\/\/ceoparts.com\/?post_type=product&#038;p=20227"},"modified":"2026-05-16T11:45:46","modified_gmt":"2026-05-16T08:45:46","slug":"linde-t16-catal-mekanizmasi-tekerleksiz-1318501101-1318501104","status":"publish","type":"product","link":"https:\/\/ceoparts.com\/fr\/urun\/linde-t16-catal-mekanizmasi-tekerleksiz-1318501101-1318501104\/","title":{"rendered":"M\u00e9canisme de fourche Linde T16 (Sans roue) &#8211; 1318501101 &#8211; 1318501104"},"content":{"rendered":"<p>M\u00e9canisme de fourche Linde T16 (Sans roue) &#8211; 1318501101 &#8211; 1318501104<\/p>","protected":false},"excerpt":{"rendered":"<p data-start=\"2700\" data-end=\"3016\">La <strong data-start=\"2703\" data-end=\"2750\">m\u00e9canisme de fourche Linde T16 (sans roues)<\/strong> est un composant robuste de support de fourche pour chariots \u00e9l\u00e9vateurs. Sa conception sans roues offre une assistance stable lors de la manutention des charges. Compatible avec la s\u00e9rie Linde T16 et con\u00e7u pour une longue dur\u00e9e de vie m\u00eame en conditions difficiles.<\/p>\n<p data-start=\"3018\" data-end=\"3042\"><strong data-start=\"3018\" data-end=\"3040\">Caract\u00e9ristiques :<\/strong><\/p>\n<ul data-start=\"3043\" data-end=\"3362\">\n<li data-start=\"3043\" data-end=\"3107\">\n<p data-start=\"3045\" data-end=\"3107\">Nom du produit : M\u00e9canisme de fourche Linde T16 (sans roues)<\/p>\n<\/li>\n<li data-start=\"3108\" data-end=\"3140\">\n<p data-start=\"3110\" data-end=\"3140\">S\u00e9rie compatible : Linde T16<\/p>\n<\/li>\n<li data-start=\"3141\" data-end=\"3185\">\n<p data-start=\"3143\" data-end=\"3185\">Type : M\u00e9canisme de fourche (sans roues)<\/p>\n<\/li>\n<li data-start=\"3186\" data-end=\"3223\">\n<p data-start=\"3188\" data-end=\"3223\">Mat\u00e9riau : Acier haute r\u00e9sistance<\/p>\n<\/li>\n<li data-start=\"3224\" data-end=\"3278\">\n<p data-start=\"3226\" data-end=\"3278\">Utilisation : Support de fourche, avant de chariot<\/p>\n<\/li>\n<li data-start=\"3279\" data-end=\"3362\">\n<p data-start=\"3281\" data-end=\"3362\">Avantages : Construction robuste, longue dur\u00e9e de vie, support de charge stable<\/p>\n<\/li>\n<\/ul>\n","protected":false},"featured_media":20232,"template":"","meta":[],"product_brand":[],"product_cat":[246,406,409,523],"product_tag":[],"class_list":{"0":"post-20227","1":"product","2":"type-product","3":"status-publish","4":"has-post-thumbnail","6":"product_cat-linde","7":"product_cat-catal-mekanizma","8":"product_cat-linde-catal-mekanizma","9":"product_cat-yedek-parca-linde","11":"first","12":"instock","13":"taxable","14":"shipping-taxable","15":"purchasable","16":"product-type-simple"},"_links":{"self":[{"href":"https:\/\/ceoparts.com\/fr\/wp-json\/wp\/v2\/product\/20227","targetHints":{"allow":["GET"]}}],"collection":[{"href":"https:\/\/ceoparts.com\/fr\/wp-json\/wp\/v2\/product"}],"about":[{"href":"https:\/\/ceoparts.com\/fr\/wp-json\/wp\/v2\/types\/product"}],"wp:featuredmedia":[{"embeddable":true,"href":"https:\/\/ceoparts.com\/fr\/wp-json\/wp\/v2\/media\/20232"}],"wp:attachment":[{"href":"https:\/\/ceoparts.com\/fr\/wp-json\/wp\/v2\/media?parent=20227"}],"wp:term":[{"taxonomy":"product_brand","embeddable":true,"href":"https:\/\/ceoparts.com\/fr\/wp-json\/wp\/v2\/product_brand?post=20227"},{"taxonomy":"product_cat","embeddable":true,"href":"https:\/\/ceoparts.com\/fr\/wp-json\/wp\/v2\/product_cat?post=20227"},{"taxonomy":"product_tag","embeddable":true,"href":"https:\/\/ceoparts.com\/fr\/wp-json\/wp\/v2\/product_tag?post=20227"}],"curies":[{"name":"wp","href":"https:\/\/api.w.org\/{rel}","templated":true}]}}