{"id":20253,"date":"2025-12-18T09:12:14","date_gmt":"2025-12-18T06:12:14","guid":{"rendered":"https:\/\/ceoparts.com\/?post_type=product&#038;p=20253"},"modified":"2026-05-16T16:21:31","modified_gmt":"2026-05-16T13:21:31","slug":"korsa-kalin-ses-korna-24v","status":"publish","type":"product","link":"https:\/\/ceoparts.com\/fr\/urun\/korsa-kalin-ses-korna-24v\/","title":{"rendered":"Klaxon fort Korsa 24V"},"content":{"rendered":"<p>Klaxon fort Korsa 24V<\/p>","protected":false},"excerpt":{"rendered":"<p data-start=\"2371\" data-end=\"2591\">Le <strong data-start=\"2374\" data-end=\"2406\">klaxon Korsa \u00e0 son grave 24V<\/strong> est un avertisseur puissant con\u00e7u pour les chariots \u00e9l\u00e9vateurs et v\u00e9hicules industriels. Compatible avec les syst\u00e8mes \u00e9lectriques 24 V, il offre un son fort pour renforcer la s\u00e9curit\u00e9.<\/p>\n<p data-start=\"2593\" data-end=\"2617\"><strong data-start=\"2593\" data-end=\"2615\">Caract\u00e9ristiques :<\/strong><\/p>\n<ul data-start=\"2618\" data-end=\"2932\">\n<li data-start=\"2618\" data-end=\"2664\">\n<p data-start=\"2620\" data-end=\"2664\">Nom du produit: Klaxon Korsa ton grave 24V<\/p>\n<\/li>\n<li data-start=\"2665\" data-end=\"2682\">\n<p data-start=\"2667\" data-end=\"2682\">Tension: 24 V<\/p>\n<\/li>\n<li data-start=\"2683\" data-end=\"2722\">\n<p data-start=\"2685\" data-end=\"2722\">Type: Klaxon \u00e9lectrique (ton grave)<\/p>\n<\/li>\n<li data-start=\"2723\" data-end=\"2768\">\n<p data-start=\"2725\" data-end=\"2768\">Mat\u00e9riau: Bo\u00eetier m\u00e9tal\/plastique robuste<\/p>\n<\/li>\n<li data-start=\"2769\" data-end=\"2862\">\n<p data-start=\"2771\" data-end=\"2862\">Domaine d\u2019utilisation: Chariots \u00e9l\u00e9vateurs, v\u00e9hicules industriels, \u00e9quipements d\u2019entrep\u00f4t<\/p>\n<\/li>\n<li data-start=\"2863\" data-end=\"2932\">\n<p data-start=\"2865\" data-end=\"2932\">Avantages: Son puissant, installation facile, longue dur\u00e9e de vie<\/p>\n<\/li>\n<\/ul>\n","protected":false},"featured_media":20256,"template":"","meta":[],"product_brand":[],"product_cat":[455],"product_tag":[],"class_list":{"0":"post-20253","1":"product","2":"type-product","3":"status-publish","4":"has-post-thumbnail","6":"product_cat-kornalar","8":"first","9":"instock","10":"taxable","11":"shipping-taxable","12":"purchasable","13":"product-type-simple"},"_links":{"self":[{"href":"https:\/\/ceoparts.com\/fr\/wp-json\/wp\/v2\/product\/20253","targetHints":{"allow":["GET"]}}],"collection":[{"href":"https:\/\/ceoparts.com\/fr\/wp-json\/wp\/v2\/product"}],"about":[{"href":"https:\/\/ceoparts.com\/fr\/wp-json\/wp\/v2\/types\/product"}],"wp:featuredmedia":[{"embeddable":true,"href":"https:\/\/ceoparts.com\/fr\/wp-json\/wp\/v2\/media\/20256"}],"wp:attachment":[{"href":"https:\/\/ceoparts.com\/fr\/wp-json\/wp\/v2\/media?parent=20253"}],"wp:term":[{"taxonomy":"product_brand","embeddable":true,"href":"https:\/\/ceoparts.com\/fr\/wp-json\/wp\/v2\/product_brand?post=20253"},{"taxonomy":"product_cat","embeddable":true,"href":"https:\/\/ceoparts.com\/fr\/wp-json\/wp\/v2\/product_cat?post=20253"},{"taxonomy":"product_tag","embeddable":true,"href":"https:\/\/ceoparts.com\/fr\/wp-json\/wp\/v2\/product_tag?post=20253"}],"curies":[{"name":"wp","href":"https:\/\/api.w.org\/{rel}","templated":true}]}}