{"id":20257,"date":"2025-12-18T09:14:01","date_gmt":"2025-12-18T06:14:01","guid":{"rendered":"https:\/\/ceoparts.com\/?post_type=product&#038;p=20257"},"modified":"2026-05-16T10:41:11","modified_gmt":"2026-05-16T07:41:11","slug":"kalorifer-akulu-forklift-80v-900w","status":"publish","type":"product","link":"https:\/\/ceoparts.com\/fr\/urun\/kalorifer-akulu-forklift-80v-900w\/","title":{"rendered":"Chauffage pour chariot \u00e9l\u00e9vateur \u00e0 batterie 80V 900W"},"content":{"rendered":"<p>Chauffage pour chariot \u00e9l\u00e9vateur \u00e0 batterie 80V 900W<\/p>","protected":false},"excerpt":{"rendered":"<p data-start=\"0\" data-end=\"336\"><br data-start=\"2543\" data-end=\"2546\" \/>Le <strong data-start=\"2549\" data-end=\"2605\">chauffage pour chariot \u00e9l\u00e9vateur \u00e9lectrique 80V 900W<\/strong> assure une temp\u00e9rature id\u00e9ale dans la cabine op\u00e9rateur, offrant un environnement de travail confortable et efficace par temps froid. Sa structure performante permet un chauffage rapide et efficace, int\u00e9gr\u00e9 au syst\u00e8me de batterie du chariot.<\/p>\n<p data-start=\"2848\" data-end=\"3214\"><strong data-start=\"2848\" data-end=\"2870\">Caract\u00e9ristiques :<\/strong><br data-start=\"2870\" data-end=\"2873\" \/><strong data-start=\"2873\" data-end=\"2893\">Nom du produit :<\/strong> Chauffage pour chariot \u00e9l\u00e9vateur \u00e9lectrique 80V 900W<br data-start=\"2946\" data-end=\"2949\" \/><strong data-start=\"2949\" data-end=\"2964\">R\u00e9f\u00e9rence :<\/strong> Aucune<br data-start=\"2971\" data-end=\"2974\" \/><strong data-start=\"2974\" data-end=\"2988\">Mat\u00e9riau :<\/strong> Corps en m\u00e9tal r\u00e9sistant \u00e0 la chaleur et syst\u00e8me de r\u00e9sistance<br data-start=\"3051\" data-end=\"3054\" \/><strong data-start=\"3054\" data-end=\"3077\">Zone d\u2019utilisation:<\/strong> Cabines d\u2019op\u00e9rateur de chariots \u00e9l\u00e9vateurs \u00e9lectriques<br data-start=\"3132\" data-end=\"3135\" \/><strong data-start=\"3135\" data-end=\"3148\">Avantage:<\/strong> Chauffage puissant, installation facile, efficacit\u00e9 \u00e9nerg\u00e9tique<\/p>\n<p data-start=\"3216\" data-end=\"3555\">\n","protected":false},"featured_media":14892,"template":"","meta":[],"product_brand":[],"product_cat":[470],"product_tag":[],"class_list":{"0":"post-20257","1":"product","2":"type-product","3":"status-publish","4":"has-post-thumbnail","6":"product_cat-diger-yedek-parcalar","8":"first","9":"instock","10":"taxable","11":"shipping-taxable","12":"purchasable","13":"product-type-simple"},"_links":{"self":[{"href":"https:\/\/ceoparts.com\/fr\/wp-json\/wp\/v2\/product\/20257","targetHints":{"allow":["GET"]}}],"collection":[{"href":"https:\/\/ceoparts.com\/fr\/wp-json\/wp\/v2\/product"}],"about":[{"href":"https:\/\/ceoparts.com\/fr\/wp-json\/wp\/v2\/types\/product"}],"wp:featuredmedia":[{"embeddable":true,"href":"https:\/\/ceoparts.com\/fr\/wp-json\/wp\/v2\/media\/14892"}],"wp:attachment":[{"href":"https:\/\/ceoparts.com\/fr\/wp-json\/wp\/v2\/media?parent=20257"}],"wp:term":[{"taxonomy":"product_brand","embeddable":true,"href":"https:\/\/ceoparts.com\/fr\/wp-json\/wp\/v2\/product_brand?post=20257"},{"taxonomy":"product_cat","embeddable":true,"href":"https:\/\/ceoparts.com\/fr\/wp-json\/wp\/v2\/product_cat?post=20257"},{"taxonomy":"product_tag","embeddable":true,"href":"https:\/\/ceoparts.com\/fr\/wp-json\/wp\/v2\/product_tag?post=20257"}],"curies":[{"name":"wp","href":"https:\/\/api.w.org\/{rel}","templated":true}]}}