{"id":20264,"date":"2025-12-18T16:44:34","date_gmt":"2025-12-18T13:44:34","guid":{"rendered":"https:\/\/ceoparts.com\/?post_type=product&#038;p=20264"},"modified":"2026-05-16T20:06:26","modified_gmt":"2026-05-16T17:06:26","slug":"still-yuk-teker-baglanti-somunu-0009050241","status":"publish","type":"product","link":"https:\/\/ceoparts.com\/fr\/urun\/still-yuk-teker-baglanti-somunu-0009050241\/","title":{"rendered":"Still &#8211; \u00c9crou de fixation de roue de charge &#8211; 0009050241"},"content":{"rendered":"<p>Still &#8211; \u00c9crou de fixation de roue de charge &#8211; 0009050241<\/p>","protected":false},"excerpt":{"rendered":"<p data-start=\"2210\" data-end=\"2451\">L\u2019<strong data-start=\"2212\" data-end=\"2270\">\u00e9crou de fixation de roue de charge Still \u2013 0009050241<\/strong> est une \u00e9crou haute r\u00e9sistance utilis\u00e9e pour fixer la roue de charge \u00e0 l\u2019essieu sur les chariots \u00e9l\u00e9vateurs et v\u00e9hicules d\u2019entrep\u00f4t. Il assure un fonctionnement stable sous charge.<\/p>\n<p data-start=\"2453\" data-end=\"2477\"><strong data-start=\"2453\" data-end=\"2475\">Caract\u00e9ristiques :<\/strong><\/p>\n<ul data-start=\"2478\" data-end=\"2765\">\n<li data-start=\"2478\" data-end=\"2553\">\n<p data-start=\"2480\" data-end=\"2553\">Nom du produit : \u00c9crou de fixation de roue de charge Still \u2013 0009050241<\/p>\n<\/li>\n<li data-start=\"2554\" data-end=\"2580\">\n<p data-start=\"2556\" data-end=\"2580\">R\u00e9f\u00e9rence : 0009050241<\/p>\n<\/li>\n<li data-start=\"2581\" data-end=\"2618\">\n<p data-start=\"2583\" data-end=\"2618\">Mat\u00e9riau : Acier haute r\u00e9sistance<\/p>\n<\/li>\n<li data-start=\"2619\" data-end=\"2695\">\n<p data-start=\"2621\" data-end=\"2695\">Domaine d\u2019utilisation : Assemblage de roues de charge sur chariots Still<\/p>\n<\/li>\n<li data-start=\"2696\" data-end=\"2765\">\n<p data-start=\"2698\" data-end=\"2765\">Avantages : Fixation s\u00fbre, grande r\u00e9sistance, longue dur\u00e9e de vie<\/p>\n<\/li>\n<\/ul>\n","protected":false},"featured_media":20270,"template":"","meta":[],"product_brand":[],"product_cat":[241,470,524],"product_tag":[],"class_list":{"0":"post-20264","1":"product","2":"type-product","3":"status-publish","4":"has-post-thumbnail","6":"product_cat-still","7":"product_cat-diger-yedek-parcalar","8":"product_cat-yedek-parca-still","10":"first","11":"instock","12":"taxable","13":"shipping-taxable","14":"purchasable","15":"product-type-simple"},"_links":{"self":[{"href":"https:\/\/ceoparts.com\/fr\/wp-json\/wp\/v2\/product\/20264","targetHints":{"allow":["GET"]}}],"collection":[{"href":"https:\/\/ceoparts.com\/fr\/wp-json\/wp\/v2\/product"}],"about":[{"href":"https:\/\/ceoparts.com\/fr\/wp-json\/wp\/v2\/types\/product"}],"wp:featuredmedia":[{"embeddable":true,"href":"https:\/\/ceoparts.com\/fr\/wp-json\/wp\/v2\/media\/20270"}],"wp:attachment":[{"href":"https:\/\/ceoparts.com\/fr\/wp-json\/wp\/v2\/media?parent=20264"}],"wp:term":[{"taxonomy":"product_brand","embeddable":true,"href":"https:\/\/ceoparts.com\/fr\/wp-json\/wp\/v2\/product_brand?post=20264"},{"taxonomy":"product_cat","embeddable":true,"href":"https:\/\/ceoparts.com\/fr\/wp-json\/wp\/v2\/product_cat?post=20264"},{"taxonomy":"product_tag","embeddable":true,"href":"https:\/\/ceoparts.com\/fr\/wp-json\/wp\/v2\/product_tag?post=20264"}],"curies":[{"name":"wp","href":"https:\/\/api.w.org\/{rel}","templated":true}]}}