{"id":20273,"date":"2025-12-19T09:00:47","date_gmt":"2025-12-19T06:00:47","guid":{"rendered":"https:\/\/ceoparts.com\/?post_type=product&#038;p=20273"},"modified":"2026-05-16T19:47:05","modified_gmt":"2026-05-16T16:47:05","slug":"jungheinrich-fren-manyetigi-51703170","status":"publish","type":"product","link":"https:\/\/ceoparts.com\/fr\/urun\/jungheinrich-fren-manyetigi-51703170\/","title":{"rendered":"Jungheinrich Aimant de frein &#8211; 51703170"},"content":{"rendered":"<p>Jungheinrich Aimant de frein &#8211; 51703170<\/p>","protected":false},"excerpt":{"rendered":"<p data-start=\"2495\" data-end=\"2730\">Le <strong data-start=\"2498\" data-end=\"2542\">magn\u00e9to de frein Jungheinrich \u2013 51703170<\/strong> est un composant \u00e9lectromagn\u00e9tique utilis\u00e9 dans les syst\u00e8mes de freinage des chariots \u00e9l\u00e9vateurs Jungheinrich. Il assure une r\u00e9action de frein fiable et rapide et une longue dur\u00e9e de vie.<\/p>\n<p data-start=\"2732\" data-end=\"2755\"><strong data-start=\"2732\" data-end=\"2753\">Caract\u00e9ristiques:<\/strong><\/p>\n<ul data-start=\"2756\" data-end=\"3064\">\n<li data-start=\"2756\" data-end=\"2817\">\n<p data-start=\"2758\" data-end=\"2817\">Nom du produit : Magn\u00e9to de frein Jungheinrich \u2013 51703170<\/p>\n<\/li>\n<li data-start=\"2818\" data-end=\"2842\">\n<p data-start=\"2820\" data-end=\"2842\">R\u00e9f\u00e9rence : 51703170<\/p>\n<\/li>\n<li data-start=\"2843\" data-end=\"2887\">\n<p data-start=\"2845\" data-end=\"2887\">Type : Aimant de frein \u00e9lectromagn\u00e9tique<\/p>\n<\/li>\n<li data-start=\"2888\" data-end=\"2950\">\n<p data-start=\"2890\" data-end=\"2950\">Mat\u00e9riau : Construction \u00e9lectromagn\u00e9tique de haute qualit\u00e9<\/p>\n<\/li>\n<li data-start=\"2951\" data-end=\"3002\">\n<p data-start=\"2953\" data-end=\"3002\">Utilisation : Syst\u00e8mes de freinage Jungheinrich<\/p>\n<\/li>\n<li data-start=\"3003\" data-end=\"3064\">\n<p data-start=\"3005\" data-end=\"3064\">Avantages : R\u00e9ponse rapide, freinage fiable, longue dur\u00e9e<\/p>\n<\/li>\n<\/ul>\n","protected":false},"featured_media":20274,"template":"","meta":[],"product_brand":[],"product_cat":[236,449,522],"product_tag":[],"class_list":{"0":"post-20273","1":"product","2":"type-product","3":"status-publish","4":"has-post-thumbnail","6":"product_cat-jungheinrich","7":"product_cat-fren-sistem-parcalari","8":"product_cat-yedek-parca-jungheinrich","10":"first","11":"instock","12":"taxable","13":"shipping-taxable","14":"purchasable","15":"product-type-simple"},"_links":{"self":[{"href":"https:\/\/ceoparts.com\/fr\/wp-json\/wp\/v2\/product\/20273","targetHints":{"allow":["GET"]}}],"collection":[{"href":"https:\/\/ceoparts.com\/fr\/wp-json\/wp\/v2\/product"}],"about":[{"href":"https:\/\/ceoparts.com\/fr\/wp-json\/wp\/v2\/types\/product"}],"wp:featuredmedia":[{"embeddable":true,"href":"https:\/\/ceoparts.com\/fr\/wp-json\/wp\/v2\/media\/20274"}],"wp:attachment":[{"href":"https:\/\/ceoparts.com\/fr\/wp-json\/wp\/v2\/media?parent=20273"}],"wp:term":[{"taxonomy":"product_brand","embeddable":true,"href":"https:\/\/ceoparts.com\/fr\/wp-json\/wp\/v2\/product_brand?post=20273"},{"taxonomy":"product_cat","embeddable":true,"href":"https:\/\/ceoparts.com\/fr\/wp-json\/wp\/v2\/product_cat?post=20273"},{"taxonomy":"product_tag","embeddable":true,"href":"https:\/\/ceoparts.com\/fr\/wp-json\/wp\/v2\/product_tag?post=20273"}],"curies":[{"name":"wp","href":"https:\/\/api.w.org\/{rel}","templated":true}]}}