{"id":20278,"date":"2025-12-19T09:27:26","date_gmt":"2025-12-19T06:27:26","guid":{"rendered":"https:\/\/ceoparts.com\/?post_type=product&#038;p=20278"},"modified":"2026-05-16T18:47:27","modified_gmt":"2026-05-16T15:47:27","slug":"albright-kontaktor-24v-ru80-5096","status":"publish","type":"product","link":"https:\/\/ceoparts.com\/fr\/urun\/albright-kontaktor-24v-ru80-5096\/","title":{"rendered":"Contacteur Albright 24V \u2013 RU80-5096"},"content":{"rendered":"<p>Contacteur Albright 24V \u2013 RU80-5096<\/p>","protected":false},"excerpt":{"rendered":"<p data-start=\"2703\" data-end=\"2991\">Le <strong data-start=\"2706\" data-end=\"2745\">contacteur Albright 24V \u2013 RU80-5096<\/strong> est un contacteur de puissance robuste con\u00e7u pour les syst\u00e8mes \u00e9lectriques 24 V des chariots \u00e9l\u00e9vateurs \u00e0 batterie et des \u00e9quipements industriels. Sa construction solide assure une commutation fiable de forts courants et une longue dur\u00e9e de vie.<\/p>\n<p data-start=\"2993\" data-end=\"3015\"><strong data-start=\"2993\" data-end=\"3015\">Caract\u00e9ristiques :<\/strong><\/p>\n<ul data-start=\"3016\" data-end=\"3399\">\n<li data-start=\"3016\" data-end=\"3072\">\n<p data-start=\"3018\" data-end=\"3072\">Nom du produit : Contacteur Albright 24V \u2013 RU80-5096<\/p>\n<\/li>\n<li data-start=\"3073\" data-end=\"3098\">\n<p data-start=\"3075\" data-end=\"3098\">R\u00e9f\u00e9rence : RU80-5096<\/p>\n<\/li>\n<li data-start=\"3099\" data-end=\"3117\">\n<p data-start=\"3101\" data-end=\"3117\">Tension : 24 V<\/p>\n<\/li>\n<li data-start=\"3118\" data-end=\"3152\">\n<p data-start=\"3120\" data-end=\"3152\">Type : Contacteur de puissance<\/p>\n<\/li>\n<li data-start=\"3153\" data-end=\"3222\">\n<p data-start=\"3155\" data-end=\"3222\">Mat\u00e9riau : Bo\u00eetier m\u00e9tallique robuste et contacts haute intensit\u00e9<\/p>\n<\/li>\n<li data-start=\"3223\" data-end=\"3316\">\n<p data-start=\"3225\" data-end=\"3316\">Utilisation : Chariots \u00e9l\u00e9vateurs \u00e0 batterie, v\u00e9hicules \u00e9lectriques, circuits industriels<\/p>\n<\/li>\n<li data-start=\"3317\" data-end=\"3399\">\n<p data-start=\"3319\" data-end=\"3399\">Avantages : Haute capacit\u00e9 de courant, commutation fiable, longue dur\u00e9e de vie<\/p>\n<\/li>\n<\/ul>\n","protected":false},"featured_media":20281,"template":"","meta":[],"product_brand":[],"product_cat":[462],"product_tag":[],"class_list":{"0":"post-20278","1":"product","2":"type-product","3":"status-publish","4":"has-post-thumbnail","6":"product_cat-kontaktorler","8":"first","9":"instock","10":"taxable","11":"shipping-taxable","12":"purchasable","13":"product-type-simple"},"_links":{"self":[{"href":"https:\/\/ceoparts.com\/fr\/wp-json\/wp\/v2\/product\/20278","targetHints":{"allow":["GET"]}}],"collection":[{"href":"https:\/\/ceoparts.com\/fr\/wp-json\/wp\/v2\/product"}],"about":[{"href":"https:\/\/ceoparts.com\/fr\/wp-json\/wp\/v2\/types\/product"}],"wp:featuredmedia":[{"embeddable":true,"href":"https:\/\/ceoparts.com\/fr\/wp-json\/wp\/v2\/media\/20281"}],"wp:attachment":[{"href":"https:\/\/ceoparts.com\/fr\/wp-json\/wp\/v2\/media?parent=20278"}],"wp:term":[{"taxonomy":"product_brand","embeddable":true,"href":"https:\/\/ceoparts.com\/fr\/wp-json\/wp\/v2\/product_brand?post=20278"},{"taxonomy":"product_cat","embeddable":true,"href":"https:\/\/ceoparts.com\/fr\/wp-json\/wp\/v2\/product_cat?post=20278"},{"taxonomy":"product_tag","embeddable":true,"href":"https:\/\/ceoparts.com\/fr\/wp-json\/wp\/v2\/product_tag?post=20278"}],"curies":[{"name":"wp","href":"https:\/\/api.w.org\/{rel}","templated":true}]}}