{"id":20283,"date":"2025-12-19T09:41:19","date_gmt":"2025-12-19T06:41:19","guid":{"rendered":"https:\/\/ceoparts.com\/?post_type=product&#038;p=20283"},"modified":"2026-05-16T14:48:38","modified_gmt":"2026-05-16T11:48:38","slug":"fren-manyetigi-lp200-7552246","status":"publish","type":"product","link":"https:\/\/ceoparts.com\/fr\/urun\/fren-manyetigi-lp200-7552246\/","title":{"rendered":"Aimant de frein LPE200 &#8211; 7552246"},"content":{"rendered":"<p>Aimant de frein LPE200 &#8211; 7552246<\/p>","protected":false},"excerpt":{"rendered":"<p data-start=\"2162\" data-end=\"2363\">Le <strong data-start=\"2165\" data-end=\"2200\">aimant de frein LPE200 \u2013 7552246<\/strong> est un composant \u00e9lectromagn\u00e9tique utilis\u00e9 dans les syst\u00e8mes de freinage des v\u00e9hicules industriels et de manutention, garantissant un freinage rapide et s\u00e9curis\u00e9.<\/p>\n<p data-start=\"2365\" data-end=\"2387\"><strong data-start=\"2365\" data-end=\"2387\">Caract\u00e9ristiques :<\/strong><\/p>\n<ul data-start=\"2388\" data-end=\"2685\">\n<li data-start=\"2388\" data-end=\"2440\">\n<p data-start=\"2390\" data-end=\"2440\">Nom du produit : Aimant de frein LPE200 \u2013 7552246<\/p>\n<\/li>\n<li data-start=\"2441\" data-end=\"2464\">\n<p data-start=\"2443\" data-end=\"2464\">R\u00e9f\u00e9rence : 7552246<\/p>\n<\/li>\n<li data-start=\"2465\" data-end=\"2483\">\n<p data-start=\"2467\" data-end=\"2483\">Mod\u00e8le : LPE200<\/p>\n<\/li>\n<li data-start=\"2484\" data-end=\"2528\">\n<p data-start=\"2486\" data-end=\"2528\">Type : Aimant de frein \u00e9lectromagn\u00e9tique<\/p>\n<\/li>\n<li data-start=\"2529\" data-end=\"2616\">\n<p data-start=\"2531\" data-end=\"2616\">Utilisation : Syst\u00e8mes de freinage pour chariots \u00e9l\u00e9vateurs et v\u00e9hicules d\u2019entrep\u00f4t<\/p>\n<\/li>\n<li data-start=\"2617\" data-end=\"2685\">\n<p data-start=\"2619\" data-end=\"2685\">Avantages : R\u00e9ponse rapide, freinage fiable, longue dur\u00e9e de vie<\/p>\n<\/li>\n<\/ul>\n","protected":false},"featured_media":20284,"template":"","meta":[],"product_brand":[],"product_cat":[449],"product_tag":[],"class_list":{"0":"post-20283","1":"product","2":"type-product","3":"status-publish","4":"has-post-thumbnail","6":"product_cat-fren-sistem-parcalari","8":"first","9":"instock","10":"taxable","11":"shipping-taxable","12":"purchasable","13":"product-type-simple"},"_links":{"self":[{"href":"https:\/\/ceoparts.com\/fr\/wp-json\/wp\/v2\/product\/20283","targetHints":{"allow":["GET"]}}],"collection":[{"href":"https:\/\/ceoparts.com\/fr\/wp-json\/wp\/v2\/product"}],"about":[{"href":"https:\/\/ceoparts.com\/fr\/wp-json\/wp\/v2\/types\/product"}],"wp:featuredmedia":[{"embeddable":true,"href":"https:\/\/ceoparts.com\/fr\/wp-json\/wp\/v2\/media\/20284"}],"wp:attachment":[{"href":"https:\/\/ceoparts.com\/fr\/wp-json\/wp\/v2\/media?parent=20283"}],"wp:term":[{"taxonomy":"product_brand","embeddable":true,"href":"https:\/\/ceoparts.com\/fr\/wp-json\/wp\/v2\/product_brand?post=20283"},{"taxonomy":"product_cat","embeddable":true,"href":"https:\/\/ceoparts.com\/fr\/wp-json\/wp\/v2\/product_cat?post=20283"},{"taxonomy":"product_tag","embeddable":true,"href":"https:\/\/ceoparts.com\/fr\/wp-json\/wp\/v2\/product_tag?post=20283"}],"curies":[{"name":"wp","href":"https:\/\/api.w.org\/{rel}","templated":true}]}}