{"id":20290,"date":"2025-12-19T10:24:33","date_gmt":"2025-12-19T07:24:33","guid":{"rendered":"https:\/\/ceoparts.com\/?post_type=product&#038;p=20290"},"modified":"2026-05-16T17:34:03","modified_gmt":"2026-05-16T14:34:03","slug":"kontaktor-tamir-takimi","status":"publish","type":"product","link":"https:\/\/ceoparts.com\/fr\/urun\/kontaktor-tamir-takimi\/","title":{"rendered":"Kit de r\u00e9paration de contacteur"},"content":{"rendered":"<p>Kit de r\u00e9paration de contacteur<\/p>","protected":false},"excerpt":{"rendered":"<p data-start=\"2198\" data-end=\"2431\">Le <strong data-start=\"2201\" data-end=\"2236\">kit de r\u00e9paration de contacteur<\/strong> est utilis\u00e9 pour l\u2019entretien et la remise en \u00e9tat des contacteurs sur les chariots \u00e9l\u00e9vateurs et \u00e9quipements industriels. Il permet de remplacer les pi\u00e8ces us\u00e9es et de r\u00e9tablir les performances.<\/p>\n<p data-start=\"2433\" data-end=\"2455\"><strong data-start=\"2433\" data-end=\"2455\">Caract\u00e9ristiques :<\/strong><\/p>\n<ul data-start=\"2456\" data-end=\"2737\">\n<li data-start=\"2456\" data-end=\"2508\">\n<p data-start=\"2458\" data-end=\"2508\">Nom du produit : Kit de r\u00e9paration de contacteur<\/p>\n<\/li>\n<li data-start=\"2509\" data-end=\"2585\">\n<p data-start=\"2511\" data-end=\"2585\">Contenu : Contacts, ressorts et pi\u00e8ces de r\u00e9paration <em data-start=\"2564\" data-end=\"2583\">(selon le mod\u00e8le)<\/em><\/p>\n<\/li>\n<li data-start=\"2586\" data-end=\"2650\">\n<p data-start=\"2588\" data-end=\"2650\">Utilisation : Contacteurs industriels et chariots \u00e9l\u00e9vateurs<\/p>\n<\/li>\n<li data-start=\"2651\" data-end=\"2737\">\n<p data-start=\"2653\" data-end=\"2737\">Avantages : R\u00e9paration \u00e9conomique, performances restaur\u00e9es, dur\u00e9e de vie prolong\u00e9e<\/p>\n<\/li>\n<\/ul>\n","protected":false},"featured_media":20295,"template":"","meta":[],"product_brand":[],"product_cat":[462],"product_tag":[],"class_list":{"0":"post-20290","1":"product","2":"type-product","3":"status-publish","4":"has-post-thumbnail","6":"product_cat-kontaktorler","8":"first","9":"instock","10":"taxable","11":"shipping-taxable","12":"purchasable","13":"product-type-simple"},"_links":{"self":[{"href":"https:\/\/ceoparts.com\/fr\/wp-json\/wp\/v2\/product\/20290","targetHints":{"allow":["GET"]}}],"collection":[{"href":"https:\/\/ceoparts.com\/fr\/wp-json\/wp\/v2\/product"}],"about":[{"href":"https:\/\/ceoparts.com\/fr\/wp-json\/wp\/v2\/types\/product"}],"wp:featuredmedia":[{"embeddable":true,"href":"https:\/\/ceoparts.com\/fr\/wp-json\/wp\/v2\/media\/20295"}],"wp:attachment":[{"href":"https:\/\/ceoparts.com\/fr\/wp-json\/wp\/v2\/media?parent=20290"}],"wp:term":[{"taxonomy":"product_brand","embeddable":true,"href":"https:\/\/ceoparts.com\/fr\/wp-json\/wp\/v2\/product_brand?post=20290"},{"taxonomy":"product_cat","embeddable":true,"href":"https:\/\/ceoparts.com\/fr\/wp-json\/wp\/v2\/product_cat?post=20290"},{"taxonomy":"product_tag","embeddable":true,"href":"https:\/\/ceoparts.com\/fr\/wp-json\/wp\/v2\/product_tag?post=20290"}],"curies":[{"name":"wp","href":"https:\/\/api.w.org\/{rel}","templated":true}]}}