{"id":20296,"date":"2025-12-19T10:58:53","date_gmt":"2025-12-19T07:58:53","guid":{"rendered":"https:\/\/ceoparts.com\/?post_type=product&#038;p=20296"},"modified":"2026-05-16T17:05:41","modified_gmt":"2026-05-16T14:05:41","slug":"albright-kontaktor-ed250b34","status":"publish","type":"product","link":"https:\/\/ceoparts.com\/fr\/urun\/albright-kontaktor-ed250b34\/","title":{"rendered":"Contacteur Albright &#8211; ED250B34"},"content":{"rendered":"<p>Contacteur Albright &#8211; ED250B34<\/p>","protected":false},"excerpt":{"rendered":"<p data-start=\"2257\" data-end=\"2478\">Le <strong data-start=\"2260\" data-end=\"2294\">contacteur Albright \u2013 ED250B34<\/strong> est con\u00e7u pour la commutation de forts courants dans les chariots \u00e9l\u00e9vateurs \u00e9lectriques et les syst\u00e8mes industriels. Sa conception robuste garantit une performance fiable et durable.<\/p>\n<p data-start=\"2480\" data-end=\"2502\"><strong data-start=\"2480\" data-end=\"2502\">Caract\u00e9ristiques :<\/strong><\/p>\n<ul data-start=\"2503\" data-end=\"2793\">\n<li data-start=\"2503\" data-end=\"2554\">\n<p data-start=\"2505\" data-end=\"2554\">Nom du produit : Contacteur Albright \u2013 ED250B34<\/p>\n<\/li>\n<li data-start=\"2555\" data-end=\"2579\">\n<p data-start=\"2557\" data-end=\"2579\">R\u00e9f\u00e9rence : ED250B34<\/p>\n<\/li>\n<li data-start=\"2580\" data-end=\"2601\">\n<p data-start=\"2582\" data-end=\"2601\">Marque : Albright<\/p>\n<\/li>\n<li data-start=\"2602\" data-end=\"2636\">\n<p data-start=\"2604\" data-end=\"2636\">Type : Contacteur de puissance<\/p>\n<\/li>\n<li data-start=\"2637\" data-end=\"2710\">\n<p data-start=\"2639\" data-end=\"2710\">Utilisation : Chariots \u00e9l\u00e9vateurs \u00e9lectriques et syst\u00e8mes industriels<\/p>\n<\/li>\n<li data-start=\"2711\" data-end=\"2793\">\n<p data-start=\"2713\" data-end=\"2793\">Avantages : Haute capacit\u00e9 de courant, commutation fiable, longue dur\u00e9e de vie<\/p>\n<\/li>\n<\/ul>\n","protected":false},"featured_media":20299,"template":"","meta":[],"product_brand":[],"product_cat":[462],"product_tag":[],"class_list":{"0":"post-20296","1":"product","2":"type-product","3":"status-publish","4":"has-post-thumbnail","6":"product_cat-kontaktorler","8":"first","9":"instock","10":"taxable","11":"shipping-taxable","12":"purchasable","13":"product-type-simple"},"_links":{"self":[{"href":"https:\/\/ceoparts.com\/fr\/wp-json\/wp\/v2\/product\/20296","targetHints":{"allow":["GET"]}}],"collection":[{"href":"https:\/\/ceoparts.com\/fr\/wp-json\/wp\/v2\/product"}],"about":[{"href":"https:\/\/ceoparts.com\/fr\/wp-json\/wp\/v2\/types\/product"}],"wp:featuredmedia":[{"embeddable":true,"href":"https:\/\/ceoparts.com\/fr\/wp-json\/wp\/v2\/media\/20299"}],"wp:attachment":[{"href":"https:\/\/ceoparts.com\/fr\/wp-json\/wp\/v2\/media?parent=20296"}],"wp:term":[{"taxonomy":"product_brand","embeddable":true,"href":"https:\/\/ceoparts.com\/fr\/wp-json\/wp\/v2\/product_brand?post=20296"},{"taxonomy":"product_cat","embeddable":true,"href":"https:\/\/ceoparts.com\/fr\/wp-json\/wp\/v2\/product_cat?post=20296"},{"taxonomy":"product_tag","embeddable":true,"href":"https:\/\/ceoparts.com\/fr\/wp-json\/wp\/v2\/product_tag?post=20296"}],"curies":[{"name":"wp","href":"https:\/\/api.w.org\/{rel}","templated":true}]}}