{"id":20303,"date":"2025-12-19T12:50:46","date_gmt":"2025-12-19T09:50:46","guid":{"rendered":"https:\/\/ceoparts.com\/?post_type=product&#038;p=20303"},"modified":"2026-05-16T17:17:48","modified_gmt":"2026-05-16T14:17:48","slug":"bt-lpe-spe-platform-7566866-031","status":"publish","type":"product","link":"https:\/\/ceoparts.com\/fr\/urun\/bt-lpe-spe-platform-7566866-031\/","title":{"rendered":"Plateforme BT LPE \/ SPE &#8211; 7566866-031"},"content":{"rendered":"<p>Plateforme BT LPE \/ SPE &#8211; 7566866-031<\/p>","protected":false},"excerpt":{"rendered":"<p data-start=\"2313\" data-end=\"2548\">La <strong data-start=\"2316\" data-end=\"2357\">plateforme BT LPE \/ SPE \u2013 7566866-031<\/strong> est utilis\u00e9e dans les applications d\u2019entrep\u00f4t et de logistique afin d\u2019offrir \u00e0 l\u2019op\u00e9rateur une surface de travail stable et s\u00e9curis\u00e9e. Sa structure robuste est con\u00e7ue pour un usage intensif.<\/p>\n<p data-start=\"2550\" data-end=\"2572\"><strong data-start=\"2550\" data-end=\"2572\">Caract\u00e9ristiques :<\/strong><\/p>\n<ul data-start=\"2573\" data-end=\"2826\">\n<li data-start=\"2573\" data-end=\"2631\">\n<p data-start=\"2575\" data-end=\"2631\">Nom du produit : Plateforme BT LPE \/ SPE \u2013 7566866-031<\/p>\n<\/li>\n<li data-start=\"2632\" data-end=\"2659\">\n<p data-start=\"2634\" data-end=\"2659\">R\u00e9f\u00e9rence : 7566866-031<\/p>\n<\/li>\n<li data-start=\"2660\" data-end=\"2712\">\n<p data-start=\"2662\" data-end=\"2712\">Mat\u00e9riau : Structure m\u00e9tallique haute r\u00e9sistance<\/p>\n<\/li>\n<li data-start=\"2713\" data-end=\"2768\">\n<p data-start=\"2715\" data-end=\"2768\">Utilisation : V\u00e9hicules de manutention BT LPE \/ SPE<\/p>\n<\/li>\n<li data-start=\"2769\" data-end=\"2826\">\n<p data-start=\"2771\" data-end=\"2826\">Avantages : S\u00e9curit\u00e9, robustesse, longue dur\u00e9e de vie<\/p>\n<\/li>\n<\/ul>\n","protected":false},"featured_media":20305,"template":"","meta":[],"product_brand":[],"product_cat":[251,472,518],"product_tag":[],"class_list":{"0":"post-20303","1":"product","2":"type-product","3":"status-publish","4":"has-post-thumbnail","6":"product_cat-bt","7":"product_cat-kaporta-aksami","8":"product_cat-yedek-parca-bt","10":"first","11":"instock","12":"taxable","13":"shipping-taxable","14":"purchasable","15":"product-type-simple"},"_links":{"self":[{"href":"https:\/\/ceoparts.com\/fr\/wp-json\/wp\/v2\/product\/20303","targetHints":{"allow":["GET"]}}],"collection":[{"href":"https:\/\/ceoparts.com\/fr\/wp-json\/wp\/v2\/product"}],"about":[{"href":"https:\/\/ceoparts.com\/fr\/wp-json\/wp\/v2\/types\/product"}],"wp:featuredmedia":[{"embeddable":true,"href":"https:\/\/ceoparts.com\/fr\/wp-json\/wp\/v2\/media\/20305"}],"wp:attachment":[{"href":"https:\/\/ceoparts.com\/fr\/wp-json\/wp\/v2\/media?parent=20303"}],"wp:term":[{"taxonomy":"product_brand","embeddable":true,"href":"https:\/\/ceoparts.com\/fr\/wp-json\/wp\/v2\/product_brand?post=20303"},{"taxonomy":"product_cat","embeddable":true,"href":"https:\/\/ceoparts.com\/fr\/wp-json\/wp\/v2\/product_cat?post=20303"},{"taxonomy":"product_tag","embeddable":true,"href":"https:\/\/ceoparts.com\/fr\/wp-json\/wp\/v2\/product_tag?post=20303"}],"curies":[{"name":"wp","href":"https:\/\/api.w.org\/{rel}","templated":true}]}}