{"id":20309,"date":"2025-12-19T13:09:52","date_gmt":"2025-12-19T10:09:52","guid":{"rendered":"https:\/\/ceoparts.com\/?post_type=product&#038;p=20309"},"modified":"2026-05-16T15:08:44","modified_gmt":"2026-05-16T12:08:44","slug":"jungheinrich-kece-51058822","status":"publish","type":"product","link":"https:\/\/ceoparts.com\/fr\/urun\/jungheinrich-kece-51058822\/","title":{"rendered":"\u0421\u0430\u043b\u044c\u043d\u0438\u043a Jungheinrich &#8211; 51058822"},"content":{"rendered":"<p>\u0421\u0430\u043b\u044c\u043d\u0438\u043a Jungheinrich &#8211; 51058822<\/p>","protected":false},"excerpt":{"rendered":"<p data-start=\"2280\" data-end=\"2489\">Le <strong data-start=\"2283\" data-end=\"2316\">joint Jungheinrich \u2013 51058822<\/strong> est utilis\u00e9 sur les chariots \u00e9l\u00e9vateurs afin d\u2019assurer une \u00e9tanch\u00e9it\u00e9 optimale des syst\u00e8mes hydrauliques et m\u00e9caniques, emp\u00eachant les fuites d\u2019huile et l\u2019entr\u00e9e de salet\u00e9s.<\/p>\n<p data-start=\"2491\" data-end=\"2513\"><strong data-start=\"2491\" data-end=\"2513\">Caract\u00e9ristiques :<\/strong><\/p>\n<ul data-start=\"2514\" data-end=\"2792\">\n<li data-start=\"2514\" data-end=\"2564\">\n<p data-start=\"2516\" data-end=\"2564\">Nom du produit : Joint Jungheinrich \u2013 51058822<\/p>\n<\/li>\n<li data-start=\"2565\" data-end=\"2589\">\n<p data-start=\"2567\" data-end=\"2589\">R\u00e9f\u00e9rence : 51058822<\/p>\n<\/li>\n<li data-start=\"2590\" data-end=\"2659\">\n<p data-start=\"2592\" data-end=\"2659\">Mat\u00e9riau : Mat\u00e9riau d\u2019\u00e9tanch\u00e9it\u00e9 r\u00e9sistant \u00e0 l\u2019huile et \u00e0 l\u2019usure<\/p>\n<\/li>\n<li data-start=\"2660\" data-end=\"2726\">\n<p data-start=\"2662\" data-end=\"2726\">Utilisation : Syst\u00e8mes hydrauliques et m\u00e9caniques Jungheinrich<\/p>\n<\/li>\n<li data-start=\"2727\" data-end=\"2792\">\n<p data-start=\"2729\" data-end=\"2792\">Avantages : \u00c9tanch\u00e9it\u00e9 \u00e9lev\u00e9e, longue dur\u00e9e de vie, fiabilit\u00e9<\/p>\n<\/li>\n<\/ul>\n","protected":false},"featured_media":20312,"template":"","meta":[],"product_brand":[],"product_cat":[236,470,522],"product_tag":[],"class_list":{"0":"post-20309","1":"product","2":"type-product","3":"status-publish","4":"has-post-thumbnail","6":"product_cat-jungheinrich","7":"product_cat-diger-yedek-parcalar","8":"product_cat-yedek-parca-jungheinrich","10":"first","11":"instock","12":"taxable","13":"shipping-taxable","14":"purchasable","15":"product-type-simple"},"_links":{"self":[{"href":"https:\/\/ceoparts.com\/fr\/wp-json\/wp\/v2\/product\/20309","targetHints":{"allow":["GET"]}}],"collection":[{"href":"https:\/\/ceoparts.com\/fr\/wp-json\/wp\/v2\/product"}],"about":[{"href":"https:\/\/ceoparts.com\/fr\/wp-json\/wp\/v2\/types\/product"}],"wp:featuredmedia":[{"embeddable":true,"href":"https:\/\/ceoparts.com\/fr\/wp-json\/wp\/v2\/media\/20312"}],"wp:attachment":[{"href":"https:\/\/ceoparts.com\/fr\/wp-json\/wp\/v2\/media?parent=20309"}],"wp:term":[{"taxonomy":"product_brand","embeddable":true,"href":"https:\/\/ceoparts.com\/fr\/wp-json\/wp\/v2\/product_brand?post=20309"},{"taxonomy":"product_cat","embeddable":true,"href":"https:\/\/ceoparts.com\/fr\/wp-json\/wp\/v2\/product_cat?post=20309"},{"taxonomy":"product_tag","embeddable":true,"href":"https:\/\/ceoparts.com\/fr\/wp-json\/wp\/v2\/product_tag?post=20309"}],"curies":[{"name":"wp","href":"https:\/\/api.w.org\/{rel}","templated":true}]}}