{"id":20316,"date":"2025-12-19T13:21:02","date_gmt":"2025-12-19T10:21:02","guid":{"rendered":"https:\/\/ceoparts.com\/?post_type=product&#038;p=20316"},"modified":"2026-05-16T15:27:44","modified_gmt":"2026-05-16T12:27:44","slug":"kontak-anahtari-801","status":"publish","type":"product","link":"https:\/\/ceoparts.com\/fr\/urun\/kontak-anahtari-801\/","title":{"rendered":"Commutateur d\u2019allumage 801 &#8211;  5008280"},"content":{"rendered":"<p>Commutateur d\u2019allumage 801 &#8211;  5008280<\/p>","protected":false},"excerpt":{"rendered":"<p data-start=\"2315\" data-end=\"2545\">Le <strong data-start=\"2318\" data-end=\"2352\">contacteur \u00e0 cl\u00e9 801 \u2013 5008280<\/strong> est utilis\u00e9 sur les chariots \u00e9l\u00e9vateurs et v\u00e9hicules industriels pour commander l\u2019alimentation \u00e9lectrique en toute s\u00e9curit\u00e9. Sa conception robuste garantit un fonctionnement fiable et durable.<\/p>\n<p data-start=\"2547\" data-end=\"2569\"><strong data-start=\"2547\" data-end=\"2569\">Caract\u00e9ristiques :<\/strong><\/p>\n<ul data-start=\"2570\" data-end=\"2874\">\n<li data-start=\"2570\" data-end=\"2621\">\n<p data-start=\"2572\" data-end=\"2621\">Nom du produit : Contacteur \u00e0 cl\u00e9 801 \u2013 5008280<\/p>\n<\/li>\n<li data-start=\"2622\" data-end=\"2645\">\n<p data-start=\"2624\" data-end=\"2645\">R\u00e9f\u00e9rence : 5008280<\/p>\n<\/li>\n<li data-start=\"2646\" data-end=\"2660\">\n<p data-start=\"2648\" data-end=\"2660\">Type : 801<\/p>\n<\/li>\n<li data-start=\"2661\" data-end=\"2720\">\n<p data-start=\"2663\" data-end=\"2720\">Mat\u00e9riau : Bo\u00eetier m\u00e9tallique avec contacts \u00e9lectriques<\/p>\n<\/li>\n<li data-start=\"2721\" data-end=\"2804\">\n<p data-start=\"2723\" data-end=\"2804\">Domaine d\u2019utilisation : Syst\u00e8mes \u00e9lectriques industriels et chariots \u00e9l\u00e9vateurs<\/p>\n<\/li>\n<li data-start=\"2805\" data-end=\"2874\">\n<p data-start=\"2807\" data-end=\"2874\">Avantages : D\u00e9marrage fiable, longue dur\u00e9e de vie, montage facile<\/p>\n<\/li>\n<\/ul>\n","protected":false},"featured_media":20317,"template":"","meta":[],"product_brand":[],"product_cat":[469],"product_tag":[],"class_list":{"0":"post-20316","1":"product","2":"type-product","3":"status-publish","4":"has-post-thumbnail","6":"product_cat-elektrik-ve-sistem-parcalari","8":"first","9":"instock","10":"taxable","11":"shipping-taxable","12":"purchasable","13":"product-type-simple"},"_links":{"self":[{"href":"https:\/\/ceoparts.com\/fr\/wp-json\/wp\/v2\/product\/20316","targetHints":{"allow":["GET"]}}],"collection":[{"href":"https:\/\/ceoparts.com\/fr\/wp-json\/wp\/v2\/product"}],"about":[{"href":"https:\/\/ceoparts.com\/fr\/wp-json\/wp\/v2\/types\/product"}],"wp:featuredmedia":[{"embeddable":true,"href":"https:\/\/ceoparts.com\/fr\/wp-json\/wp\/v2\/media\/20317"}],"wp:attachment":[{"href":"https:\/\/ceoparts.com\/fr\/wp-json\/wp\/v2\/media?parent=20316"}],"wp:term":[{"taxonomy":"product_brand","embeddable":true,"href":"https:\/\/ceoparts.com\/fr\/wp-json\/wp\/v2\/product_brand?post=20316"},{"taxonomy":"product_cat","embeddable":true,"href":"https:\/\/ceoparts.com\/fr\/wp-json\/wp\/v2\/product_cat?post=20316"},{"taxonomy":"product_tag","embeddable":true,"href":"https:\/\/ceoparts.com\/fr\/wp-json\/wp\/v2\/product_tag?post=20316"}],"curies":[{"name":"wp","href":"https:\/\/api.w.org\/{rel}","templated":true}]}}