{"id":20352,"date":"2025-12-24T11:01:37","date_gmt":"2025-12-24T08:01:37","guid":{"rendered":"https:\/\/ceoparts.com\/?post_type=product&#038;p=20352"},"modified":"2026-05-16T17:40:48","modified_gmt":"2026-05-16T14:40:48","slug":"kalorifer-sirocco-12-48v-1500w","status":"publish","type":"product","link":"https:\/\/ceoparts.com\/fr\/urun\/kalorifer-sirocco-12-48v-1500w\/","title":{"rendered":"Chauffage SIROCO 12\/48V 1500W"},"content":{"rendered":"<p>Chauffage SIROCO 12\/48V 1500W<\/p>","protected":false},"excerpt":{"rendered":"<p data-start=\"99\" data-end=\"412\"><br data-start=\"2643\" data-end=\"2646\" \/>Le <strong data-start=\"2649\" data-end=\"2682\">Kalorifer Sirocco 12\/48V 1500W<\/strong> utilis\u00e9 dans les cabines de chariots \u00e9l\u00e9vateurs et de machines de chantier est un chauffage puissant et efficace, con\u00e7u pour offrir une temp\u00e9rature agr\u00e9able \u00e0 l\u2019int\u00e9rieur de la cabine op\u00e9rateur. Gr\u00e2ce \u00e0 sa plage de tension de 12V \u00e0 80V et sa puissance de 1500W, il garantit confort et s\u00e9curit\u00e9 dans les environnements froids.<\/p>\n<p data-start=\"3010\" data-end=\"3353\"><strong data-start=\"3010\" data-end=\"3032\">Caract\u00e9ristiques :<\/strong><br data-start=\"3032\" data-end=\"3035\" \/><strong data-start=\"3035\" data-end=\"3055\">Nom du produit :<\/strong> Kalorifer Siroco 12\/48V 1500W<br data-start=\"3085\" data-end=\"3088\" \/><strong data-start=\"3088\" data-end=\"3103\">R\u00e9f\u00e9rence :<\/strong> &#8211;<br data-start=\"3105\" data-end=\"3108\" \/><strong data-start=\"3108\" data-end=\"3122\">Mat\u00e9riau :<\/strong> M\u00e9tal de haute qualit\u00e9 et plastique r\u00e9sistant \u00e0 la chaleur<br data-start=\"3181\" data-end=\"3184\" \/><strong data-start=\"3184\" data-end=\"3207\">Zone d\u2019utilisation:<\/strong> Cabines de chariots \u00e9l\u00e9vateurs et de machines de chantier<br data-start=\"3265\" data-end=\"3268\" \/><strong data-start=\"3268\" data-end=\"3281\">Avantage:<\/strong> Large plage de tension, chauffage puissant, design compact et robuste<\/p>\n<p data-start=\"3355\" data-end=\"3705\">\n","protected":false},"featured_media":14953,"template":"","meta":[],"product_brand":[],"product_cat":[470],"product_tag":[],"class_list":{"0":"post-20352","1":"product","2":"type-product","3":"status-publish","4":"has-post-thumbnail","6":"product_cat-diger-yedek-parcalar","8":"first","9":"instock","10":"taxable","11":"shipping-taxable","12":"purchasable","13":"product-type-simple"},"_links":{"self":[{"href":"https:\/\/ceoparts.com\/fr\/wp-json\/wp\/v2\/product\/20352","targetHints":{"allow":["GET"]}}],"collection":[{"href":"https:\/\/ceoparts.com\/fr\/wp-json\/wp\/v2\/product"}],"about":[{"href":"https:\/\/ceoparts.com\/fr\/wp-json\/wp\/v2\/types\/product"}],"wp:featuredmedia":[{"embeddable":true,"href":"https:\/\/ceoparts.com\/fr\/wp-json\/wp\/v2\/media\/14953"}],"wp:attachment":[{"href":"https:\/\/ceoparts.com\/fr\/wp-json\/wp\/v2\/media?parent=20352"}],"wp:term":[{"taxonomy":"product_brand","embeddable":true,"href":"https:\/\/ceoparts.com\/fr\/wp-json\/wp\/v2\/product_brand?post=20352"},{"taxonomy":"product_cat","embeddable":true,"href":"https:\/\/ceoparts.com\/fr\/wp-json\/wp\/v2\/product_cat?post=20352"},{"taxonomy":"product_tag","embeddable":true,"href":"https:\/\/ceoparts.com\/fr\/wp-json\/wp\/v2\/product_tag?post=20352"}],"curies":[{"name":"wp","href":"https:\/\/api.w.org\/{rel}","templated":true}]}}