{"id":20404,"date":"2025-12-29T16:20:47","date_gmt":"2025-12-29T13:20:47","guid":{"rendered":"https:\/\/ceoparts.com\/?post_type=product&#038;p=20404"},"modified":"2026-05-16T21:02:06","modified_gmt":"2026-05-16T18:02:06","slug":"hyster-kaldirma-indirme-butonu-sol-s1-6s","status":"publish","type":"product","link":"https:\/\/ceoparts.com\/fr\/urun\/hyster-kaldirma-indirme-butonu-sol-s1-6s\/","title":{"rendered":"Bouton de levage \/ descente gauche Hyster &#8211; S1.6s"},"content":{"rendered":"<p>Bouton de levage \/ descente gauche Hyster &#8211; S1.6s<\/p>","protected":false},"excerpt":{"rendered":"<p data-start=\"2342\" data-end=\"2591\">Le <strong data-start=\"2345\" data-end=\"2400\">bouton de levage \/ descente Hyster \u2013 Gauche (S1.6s)<\/strong> permet un contr\u00f4le pr\u00e9cis et s\u00e9curis\u00e9 des fonctions de levage et de descente sur les chariots \u00e9l\u00e9vateurs. Sa conception robuste garantit une utilisation fiable m\u00eame en conditions intensives.<\/p>\n<p data-start=\"2593\" data-end=\"2615\"><strong data-start=\"2593\" data-end=\"2615\">Caract\u00e9ristiques :<\/strong><\/p>\n<ul data-start=\"2616\" data-end=\"2914\">\n<li data-start=\"2616\" data-end=\"2688\">\n<p data-start=\"2618\" data-end=\"2688\">Nom du produit : Bouton de levage \/ descente Hyster \u2013 Gauche (S1.6s)<\/p>\n<\/li>\n<li data-start=\"2689\" data-end=\"2710\">\n<p data-start=\"2691\" data-end=\"2710\">R\u00e9f\u00e9rence : S1.6s<\/p>\n<\/li>\n<li data-start=\"2711\" data-end=\"2786\">\n<p data-start=\"2713\" data-end=\"2786\">Mat\u00e9riau : Bo\u00eetier plastique haute r\u00e9sistance avec contacts \u00e9lectriques<\/p>\n<\/li>\n<li data-start=\"2787\" data-end=\"2842\">\n<p data-start=\"2789\" data-end=\"2842\">Domaine d\u2019utilisation : Syst\u00e8mes de commande Hyster<\/p>\n<\/li>\n<li data-start=\"2843\" data-end=\"2914\">\n<p data-start=\"2845\" data-end=\"2914\">Avantages : Contr\u00f4le pr\u00e9cis, structure robuste, installation facile<\/p>\n<\/li>\n<\/ul>\n","protected":false},"featured_media":20407,"template":"","meta":[],"product_brand":[],"product_cat":[454,256,520],"product_tag":[],"class_list":{"0":"post-20404","1":"product","2":"type-product","3":"status-publish","4":"has-post-thumbnail","6":"product_cat-switch-ve-buton","7":"product_cat-hyster","8":"product_cat-yedek-parca-hyster","10":"first","11":"instock","12":"taxable","13":"shipping-taxable","14":"purchasable","15":"product-type-simple"},"_links":{"self":[{"href":"https:\/\/ceoparts.com\/fr\/wp-json\/wp\/v2\/product\/20404","targetHints":{"allow":["GET"]}}],"collection":[{"href":"https:\/\/ceoparts.com\/fr\/wp-json\/wp\/v2\/product"}],"about":[{"href":"https:\/\/ceoparts.com\/fr\/wp-json\/wp\/v2\/types\/product"}],"wp:featuredmedia":[{"embeddable":true,"href":"https:\/\/ceoparts.com\/fr\/wp-json\/wp\/v2\/media\/20407"}],"wp:attachment":[{"href":"https:\/\/ceoparts.com\/fr\/wp-json\/wp\/v2\/media?parent=20404"}],"wp:term":[{"taxonomy":"product_brand","embeddable":true,"href":"https:\/\/ceoparts.com\/fr\/wp-json\/wp\/v2\/product_brand?post=20404"},{"taxonomy":"product_cat","embeddable":true,"href":"https:\/\/ceoparts.com\/fr\/wp-json\/wp\/v2\/product_cat?post=20404"},{"taxonomy":"product_tag","embeddable":true,"href":"https:\/\/ceoparts.com\/fr\/wp-json\/wp\/v2\/product_tag?post=20404"}],"curies":[{"name":"wp","href":"https:\/\/api.w.org\/{rel}","templated":true}]}}