{"id":20408,"date":"2025-12-29T16:53:51","date_gmt":"2025-12-29T13:53:51","guid":{"rendered":"https:\/\/ceoparts.com\/?post_type=product&#038;p=20408"},"modified":"2026-05-16T15:08:43","modified_gmt":"2026-05-16T12:08:43","slug":"jungheinrich-metal-plaka-51129986","status":"publish","type":"product","link":"https:\/\/ceoparts.com\/fr\/urun\/jungheinrich-metal-plaka-51129986\/","title":{"rendered":"Plaque m\u00e9tallique Jungheinrich &#8211; 51129986"},"content":{"rendered":"<p>Plaque m\u00e9tallique Jungheinrich &#8211; 51129986<\/p>","protected":false},"excerpt":{"rendered":"<p data-start=\"2299\" data-end=\"2545\">La <strong data-start=\"2302\" data-end=\"2347\">plaque m\u00e9tallique Jungheinrich \u2013 51129986<\/strong> est utilis\u00e9e dans les chariots \u00e9l\u00e9vateurs comme \u00e9l\u00e9ment de support, de fixation ou de protection au sein du ch\u00e2ssis et des syst\u00e8mes m\u00e9caniques. Sa conception robuste garantit une grande durabilit\u00e9.<\/p>\n<p data-start=\"2547\" data-end=\"2569\"><strong data-start=\"2547\" data-end=\"2569\">Caract\u00e9ristiques :<\/strong><\/p>\n<ul data-start=\"2570\" data-end=\"2843\">\n<li data-start=\"2570\" data-end=\"2632\">\n<p data-start=\"2572\" data-end=\"2632\">Nom du produit : Plaque m\u00e9tallique Jungheinrich \u2013 51129986<\/p>\n<\/li>\n<li data-start=\"2633\" data-end=\"2657\">\n<p data-start=\"2635\" data-end=\"2657\">R\u00e9f\u00e9rence : 51129986<\/p>\n<\/li>\n<li data-start=\"2658\" data-end=\"2695\">\n<p data-start=\"2660\" data-end=\"2695\">Mat\u00e9riau : M\u00e9tal haute r\u00e9sistance<\/p>\n<\/li>\n<li data-start=\"2696\" data-end=\"2769\">\n<p data-start=\"2698\" data-end=\"2769\">Domaine d\u2019utilisation : Ch\u00e2ssis et composants m\u00e9caniques Jungheinrich<\/p>\n<\/li>\n<li data-start=\"2770\" data-end=\"2843\">\n<p data-start=\"2772\" data-end=\"2843\">Avantages : Structure robuste, longue dur\u00e9e de vie, ajustement pr\u00e9cis<\/p>\n<\/li>\n<\/ul>\n","protected":false},"featured_media":20410,"template":"","meta":[],"product_brand":[],"product_cat":[470,236,522],"product_tag":[],"class_list":{"0":"post-20408","1":"product","2":"type-product","3":"status-publish","4":"has-post-thumbnail","6":"product_cat-diger-yedek-parcalar","7":"product_cat-jungheinrich","8":"product_cat-yedek-parca-jungheinrich","10":"first","11":"instock","12":"taxable","13":"shipping-taxable","14":"purchasable","15":"product-type-simple"},"_links":{"self":[{"href":"https:\/\/ceoparts.com\/fr\/wp-json\/wp\/v2\/product\/20408","targetHints":{"allow":["GET"]}}],"collection":[{"href":"https:\/\/ceoparts.com\/fr\/wp-json\/wp\/v2\/product"}],"about":[{"href":"https:\/\/ceoparts.com\/fr\/wp-json\/wp\/v2\/types\/product"}],"wp:featuredmedia":[{"embeddable":true,"href":"https:\/\/ceoparts.com\/fr\/wp-json\/wp\/v2\/media\/20410"}],"wp:attachment":[{"href":"https:\/\/ceoparts.com\/fr\/wp-json\/wp\/v2\/media?parent=20408"}],"wp:term":[{"taxonomy":"product_brand","embeddable":true,"href":"https:\/\/ceoparts.com\/fr\/wp-json\/wp\/v2\/product_brand?post=20408"},{"taxonomy":"product_cat","embeddable":true,"href":"https:\/\/ceoparts.com\/fr\/wp-json\/wp\/v2\/product_cat?post=20408"},{"taxonomy":"product_tag","embeddable":true,"href":"https:\/\/ceoparts.com\/fr\/wp-json\/wp\/v2\/product_tag?post=20408"}],"curies":[{"name":"wp","href":"https:\/\/api.w.org\/{rel}","templated":true}]}}