{"id":20421,"date":"2025-12-30T10:49:47","date_gmt":"2025-12-30T07:49:47","guid":{"rendered":"https:\/\/ceoparts.com\/?post_type=product&#038;p=20421"},"modified":"2026-05-16T08:33:39","modified_gmt":"2026-05-16T05:33:39","slug":"elektronik-kart-redresor","status":"publish","type":"product","link":"https:\/\/ceoparts.com\/fr\/urun\/elektronik-kart-redresor\/","title":{"rendered":"Carte \u00e9lectronique &#8211; Redresseur"},"content":{"rendered":"<p>Carte \u00e9lectronique &#8211; Redresseur<\/p>","protected":false},"excerpt":{"rendered":"<p data-start=\"2507\" data-end=\"2764\">La <strong data-start=\"2510\" data-end=\"2545\">carte \u00e9lectronique \u2013 redresseur<\/strong> est utilis\u00e9e dans les chariots \u00e9l\u00e9vateurs pour convertir l\u2019\u00e9nergie \u00e9lectrique en courant continu et garantir un fonctionnement stable et s\u00e9curis\u00e9. Elle r\u00e9gule le flux \u00e9lectrique et prot\u00e8ge les composants \u00e9lectroniques.<\/p>\n<p data-start=\"2766\" data-end=\"2788\"><strong data-start=\"2766\" data-end=\"2788\">Caract\u00e9ristiques :<\/strong><\/p>\n<ul data-start=\"2789\" data-end=\"3155\">\n<li data-start=\"2789\" data-end=\"2841\">\n<p data-start=\"2791\" data-end=\"2841\">Nom du produit : Carte \u00e9lectronique \u2013 redresseur<\/p>\n<\/li>\n<li data-start=\"2842\" data-end=\"2889\">\n<p data-start=\"2844\" data-end=\"2889\">R\u00e9f\u00e9rence : Non sp\u00e9cifi\u00e9e \/ selon le mod\u00e8le<\/p>\n<\/li>\n<li data-start=\"2890\" data-end=\"2969\">\n<p data-start=\"2892\" data-end=\"2969\">Mat\u00e9riau : Carte \u00e9lectronique avec composants de puissance de haute qualit\u00e9<\/p>\n<\/li>\n<li data-start=\"2970\" data-end=\"3067\">\n<p data-start=\"2972\" data-end=\"3067\">Domaine d\u2019utilisation : Syst\u00e8mes de charge et de gestion de l\u2019\u00e9nergie des chariots \u00e9l\u00e9vateurs<\/p>\n<\/li>\n<li data-start=\"3068\" data-end=\"3155\">\n<p data-start=\"3070\" data-end=\"3155\">Avantages : Conversion stable du courant, protection du syst\u00e8me, performance fiable<\/p>\n<\/li>\n<\/ul>\n","protected":false},"featured_media":20424,"template":"","meta":[],"product_brand":[],"product_cat":[431],"product_tag":[],"class_list":{"0":"post-20421","1":"product","2":"type-product","3":"status-publish","4":"has-post-thumbnail","6":"product_cat-ekranlar-ve-kartlar","8":"first","9":"instock","10":"taxable","11":"shipping-taxable","12":"purchasable","13":"product-type-simple"},"_links":{"self":[{"href":"https:\/\/ceoparts.com\/fr\/wp-json\/wp\/v2\/product\/20421","targetHints":{"allow":["GET"]}}],"collection":[{"href":"https:\/\/ceoparts.com\/fr\/wp-json\/wp\/v2\/product"}],"about":[{"href":"https:\/\/ceoparts.com\/fr\/wp-json\/wp\/v2\/types\/product"}],"wp:featuredmedia":[{"embeddable":true,"href":"https:\/\/ceoparts.com\/fr\/wp-json\/wp\/v2\/media\/20424"}],"wp:attachment":[{"href":"https:\/\/ceoparts.com\/fr\/wp-json\/wp\/v2\/media?parent=20421"}],"wp:term":[{"taxonomy":"product_brand","embeddable":true,"href":"https:\/\/ceoparts.com\/fr\/wp-json\/wp\/v2\/product_brand?post=20421"},{"taxonomy":"product_cat","embeddable":true,"href":"https:\/\/ceoparts.com\/fr\/wp-json\/wp\/v2\/product_cat?post=20421"},{"taxonomy":"product_tag","embeddable":true,"href":"https:\/\/ceoparts.com\/fr\/wp-json\/wp\/v2\/product_tag?post=20421"}],"curies":[{"name":"wp","href":"https:\/\/api.w.org\/{rel}","templated":true}]}}