{"id":20425,"date":"2025-12-30T11:56:39","date_gmt":"2025-12-30T08:56:39","guid":{"rendered":"https:\/\/ceoparts.com\/?post_type=product&#038;p=20425"},"modified":"2026-05-16T13:15:32","modified_gmt":"2026-05-16T10:15:32","slug":"jungheinrich-hidrolik-filtre-50453457","status":"publish","type":"product","link":"https:\/\/ceoparts.com\/fr\/urun\/jungheinrich-hidrolik-filtre-50453457\/","title":{"rendered":"Filtre hydraulique Jungheinrich &#8211; 50453457"},"content":{"rendered":"<p>Filtre hydraulique Jungheinrich &#8211; 50453457<\/p>\n<p>ERD 220<br \/>\nEJC 110\/112<br \/>\nWP 10\/12<br \/>\nESD 120<br \/>\nESE 120<br \/>\nECE 220 HP AC<br \/>\nECE 310<br \/>\nECE 320<br \/>\nEJG 06-10<br \/>\nEJE 220r\/222r<br \/>\nEJC 110\/112<br \/>\nWP 10\/12<br \/>\nERE 225<br \/>\nEJE 116\/118\/120<br \/>\nEJE 220\/225<br \/>\nEJE 220\/225 (USA)<br \/>\nECE 320<br \/>\nEJC 110\/112<br \/>\nWP 10\/12<br \/>\nPW30 51080765 8.07 &#8211; 1<br \/>\n2WP6000<br \/>\nEJC 110\/112<br \/>\nWP 10\/12<br \/>\nECE 310<br \/>\nECE 225 HP<br \/>\nEZS 570<br \/>\nEJE 235<br \/>\nERE 225 KP<br \/>\nEJE 116n\/120n<br \/>\nESE 420\/430<br \/>\nERE 120n<br \/>\nEJC 110n\/112n<br \/>\nEZS 350\/ EZS C40<br \/>\nECE 320<br \/>\nESE 220\/3201<br \/>\nEKS 110 ZZ<br \/>\nESE 533<br \/>\nECE 220\/225<br \/>\nERE 120<br \/>\nEJE120N<br \/>\nERE 120n (NICHIYU)<br \/>\nEJC 110N, (NICHIYU)<br \/>\nECE 320<br \/>\nECE 310<br \/>\nECE 225 HP<br \/>\nEZS 350\/ EZS C40<br \/>\nEZS 130<br \/>\nECR 327\/336<br \/>\nPWR30\/40<br \/>\nECE 220\/225 (US)<br \/>\nECD 220<br \/>\nEJE 220r\/225r<br \/>\nEJE 230<br \/>\nERE 225a<br \/>\nECE 118<br \/>\nWR30\/WR40<br \/>\nEJR 120n<br \/>\nEKS 110 E<br \/>\nEKS 110 ZZ<br \/>\nEZS 570\/ 580\/ 590<br \/>\nEJR 120n (NICHIYU)<br \/>\nEJC B12N<br \/>\nEJE 116n\/120n<br \/>\nERE 120n<br \/>\nEJR 120n<br \/>\nEJC 110n\/112n<br \/>\nEJC B12N<br \/>\nEJE 222\/225<br \/>\nPW30P<br \/>\n2WP6000<br \/>\nESE 120<br \/>\nESD 120<br \/>\nEZS 130<br \/>\nEJE 230-235<\/p>\n<p>50453457<\/p>","protected":false},"excerpt":{"rendered":"<p data-start=\"2565\" data-end=\"2843\">Le <strong data-start=\"2568\" data-end=\"2603\">filtre hydraulique Jungheinrich<\/strong> est con\u00e7u pour maintenir l\u2019huile hydraulique propre et prot\u00e9ger les composants essentiels tels que la pompe, les valves et les v\u00e9rins. Il \u00e9limine efficacement les impuret\u00e9s et les particules m\u00e9talliques, am\u00e9liorant la fiabilit\u00e9 du syst\u00e8me.<\/p>\n<p data-start=\"2845\" data-end=\"2867\"><strong data-start=\"2845\" data-end=\"2867\">Caract\u00e9ristiques :<\/strong><\/p>\n<ul data-start=\"2868\" data-end=\"3204\">\n<li data-start=\"2868\" data-end=\"2920\">\n<p data-start=\"2870\" data-end=\"2920\">Nom du produit : Filtre hydraulique Jungheinrich<\/p>\n<\/li>\n<li data-start=\"2921\" data-end=\"2960\">\n<p data-start=\"2923\" data-end=\"2960\">R\u00e9f\u00e9rence : Compatible Jungheinrich<\/p>\n<\/li>\n<li data-start=\"2961\" data-end=\"3037\">\n<p data-start=\"2963\" data-end=\"3037\">Mat\u00e9riau : \u00c9l\u00e9ment filtrant papier \/ synth\u00e9tique avec bo\u00eetier m\u00e9tallique<\/p>\n<\/li>\n<li data-start=\"3038\" data-end=\"3124\">\n<p data-start=\"3040\" data-end=\"3124\">Domaine d\u2019utilisation : Syst\u00e8mes hydrauliques des chariots \u00e9l\u00e9vateurs Jungheinrich<\/p>\n<\/li>\n<li data-start=\"3125\" data-end=\"3204\">\n<p data-start=\"3127\" data-end=\"3204\">Avantages : Filtration efficace, protection du syst\u00e8me, longue dur\u00e9e de vie<\/p>\n<\/li>\n<\/ul>\n","protected":false},"featured_media":20428,"template":"","meta":[],"product_brand":[],"product_cat":[498,236,246,522,523],"product_tag":[],"class_list":{"0":"post-20425","1":"product","2":"type-product","3":"status-publish","4":"has-post-thumbnail","6":"product_cat-filtre-cesitleri","7":"product_cat-jungheinrich","8":"product_cat-linde","9":"product_cat-yedek-parca-jungheinrich","10":"product_cat-yedek-parca-linde","12":"first","13":"instock","14":"taxable","15":"shipping-taxable","16":"purchasable","17":"product-type-simple"},"_links":{"self":[{"href":"https:\/\/ceoparts.com\/fr\/wp-json\/wp\/v2\/product\/20425","targetHints":{"allow":["GET"]}}],"collection":[{"href":"https:\/\/ceoparts.com\/fr\/wp-json\/wp\/v2\/product"}],"about":[{"href":"https:\/\/ceoparts.com\/fr\/wp-json\/wp\/v2\/types\/product"}],"wp:featuredmedia":[{"embeddable":true,"href":"https:\/\/ceoparts.com\/fr\/wp-json\/wp\/v2\/media\/20428"}],"wp:attachment":[{"href":"https:\/\/ceoparts.com\/fr\/wp-json\/wp\/v2\/media?parent=20425"}],"wp:term":[{"taxonomy":"product_brand","embeddable":true,"href":"https:\/\/ceoparts.com\/fr\/wp-json\/wp\/v2\/product_brand?post=20425"},{"taxonomy":"product_cat","embeddable":true,"href":"https:\/\/ceoparts.com\/fr\/wp-json\/wp\/v2\/product_cat?post=20425"},{"taxonomy":"product_tag","embeddable":true,"href":"https:\/\/ceoparts.com\/fr\/wp-json\/wp\/v2\/product_tag?post=20425"}],"curies":[{"name":"wp","href":"https:\/\/api.w.org\/{rel}","templated":true}]}}