{"id":20433,"date":"2025-12-30T15:32:06","date_gmt":"2025-12-30T12:32:06","guid":{"rendered":"https:\/\/ceoparts.com\/?post_type=product&#038;p=20433"},"modified":"2026-05-17T02:44:47","modified_gmt":"2026-05-16T23:44:47","slug":"5x30x22-mm-jungheinrich-burc-51025560","status":"publish","type":"product","link":"https:\/\/ceoparts.com\/fr\/urun\/5x30x22-mm-jungheinrich-burc-51025560\/","title":{"rendered":"Bague Jungheinrich &#8211; 51025560"},"content":{"rendered":"<p>Bague Jungheinrich &#8211; 51025560<\/p>\n<p>Jungheinrich 51025560<\/p>\n<table border=\"0\" frame=\"void\" rules=\"none\" cellspacing=\"0\">\n<colgroup>\n<col width=\"120\" \/>\n<col width=\"86\" \/><\/colgroup>\n<tbody>\n<tr>\n<td align=\"left\" width=\"120\" height=\"18\">Sonderbau<\/td>\n<td align=\"left\" width=\"86\">12.04 &#8211;<\/td>\n<\/tr>\n<tr>\n<td align=\"left\" height=\"17\">ERE 225<\/td>\n<td align=\"left\">9.07 &#8211;<\/td>\n<\/tr>\n<tr>\n<td align=\"left\" height=\"17\">ERE 225 KP<\/td>\n<td align=\"left\">7.08 &#8211;<\/td>\n<\/tr>\n<tr>\n<td align=\"left\" height=\"17\">ERD 220<\/td>\n<td align=\"left\">6.10 &#8211;<\/td>\n<\/tr>\n<\/tbody>\n<\/table>","protected":false},"excerpt":{"rendered":"<p data-start=\"2528\" data-end=\"2795\">La <strong data-start=\"2531\" data-end=\"2564\">bague Jungheinrich 5x30x22 mm<\/strong> est utilis\u00e9e dans les chariots \u00e9l\u00e9vateurs afin de r\u00e9duire les frottements entre les pi\u00e8ces mobiles et de maintenir un alignement correct. Sa r\u00e9sistance \u00e9lev\u00e9e \u00e0 l\u2019usure garantit une longue dur\u00e9e de vie et un fonctionnement stable.<\/p>\n<p data-start=\"2797\" data-end=\"2819\"><strong data-start=\"2797\" data-end=\"2819\">Caract\u00e9ristiques :<\/strong><\/p>\n<ul data-start=\"2820\" data-end=\"3142\">\n<li data-start=\"2820\" data-end=\"2870\">\n<p data-start=\"2822\" data-end=\"2870\">Nom du produit : Bague Jungheinrich 5x30x22 mm<\/p>\n<\/li>\n<li data-start=\"2871\" data-end=\"2910\">\n<p data-start=\"2873\" data-end=\"2910\">R\u00e9f\u00e9rence : Compatible Jungheinrich<\/p>\n<\/li>\n<li data-start=\"2911\" data-end=\"2942\">\n<p data-start=\"2913\" data-end=\"2942\">Dimensions : 5 x 30 x 22 mm<\/p>\n<\/li>\n<li data-start=\"2943\" data-end=\"2995\">\n<p data-start=\"2945\" data-end=\"2995\">Mat\u00e9riau : M\u00e9tal \/ composite r\u00e9sistant \u00e0 l\u2019usure<\/p>\n<\/li>\n<li data-start=\"2996\" data-end=\"3070\">\n<p data-start=\"2998\" data-end=\"3070\">Domaine d\u2019utilisation : Syst\u00e8mes m\u00e9caniques et de ch\u00e2ssis Jungheinrich<\/p>\n<\/li>\n<li data-start=\"3071\" data-end=\"3142\">\n<p data-start=\"3073\" data-end=\"3142\">Avantages : Faible friction, longue dur\u00e9e de vie, ajustement pr\u00e9cis<\/p>\n<\/li>\n<\/ul>\n<p>&nbsp;<\/p>\n","protected":false},"featured_media":20434,"template":"","meta":[],"product_brand":[],"product_cat":[465,236,522],"product_tag":[],"class_list":{"0":"post-20433","1":"product","2":"type-product","3":"status-publish","4":"has-post-thumbnail","6":"product_cat-catal-burclari","7":"product_cat-jungheinrich","8":"product_cat-yedek-parca-jungheinrich","10":"first","11":"instock","12":"taxable","13":"shipping-taxable","14":"purchasable","15":"product-type-simple"},"_links":{"self":[{"href":"https:\/\/ceoparts.com\/fr\/wp-json\/wp\/v2\/product\/20433","targetHints":{"allow":["GET"]}}],"collection":[{"href":"https:\/\/ceoparts.com\/fr\/wp-json\/wp\/v2\/product"}],"about":[{"href":"https:\/\/ceoparts.com\/fr\/wp-json\/wp\/v2\/types\/product"}],"wp:featuredmedia":[{"embeddable":true,"href":"https:\/\/ceoparts.com\/fr\/wp-json\/wp\/v2\/media\/20434"}],"wp:attachment":[{"href":"https:\/\/ceoparts.com\/fr\/wp-json\/wp\/v2\/media?parent=20433"}],"wp:term":[{"taxonomy":"product_brand","embeddable":true,"href":"https:\/\/ceoparts.com\/fr\/wp-json\/wp\/v2\/product_brand?post=20433"},{"taxonomy":"product_cat","embeddable":true,"href":"https:\/\/ceoparts.com\/fr\/wp-json\/wp\/v2\/product_cat?post=20433"},{"taxonomy":"product_tag","embeddable":true,"href":"https:\/\/ceoparts.com\/fr\/wp-json\/wp\/v2\/product_tag?post=20433"}],"curies":[{"name":"wp","href":"https:\/\/api.w.org\/{rel}","templated":true}]}}