{"id":20486,"date":"2025-12-31T14:40:48","date_gmt":"2025-12-31T11:40:48","guid":{"rendered":"https:\/\/ceoparts.com\/?post_type=product&#038;p=20486"},"modified":"2026-05-17T23:38:02","modified_gmt":"2026-05-17T20:38:02","slug":"20x118-jungheinrich-aks-mili-51506044","status":"publish","type":"product","link":"https:\/\/ceoparts.com\/fr\/urun\/20x118-jungheinrich-aks-mili-51506044\/","title":{"rendered":"Axe Jungheinrich 20&#215;118 &#8211; 51506044"},"content":{"rendered":"<p>Axe Jungheinrich 20&#215;118 &#8211; 51506044<\/p>","protected":false},"excerpt":{"rendered":"<p data-start=\"2629\" data-end=\"2951\">L\u2019<strong data-start=\"2631\" data-end=\"2677\">axe de roue 20\u00d7118 Jungheinrich \u2013 51506044<\/strong> est une pi\u00e8ce de transmission robuste con\u00e7ue pour assurer un transfert de puissance fiable et s\u00e9curis\u00e9 sur les chariots \u00e9l\u00e9vateurs Jungheinrich. Ses dimensions pr\u00e9cises garantissent une parfaite compatibilit\u00e9 avec les syst\u00e8mes d\u2019essieu et de roue, m\u00eame sous fortes charges.<\/p>\n<p data-start=\"2953\" data-end=\"2975\"><strong data-start=\"2953\" data-end=\"2975\">Caract\u00e9ristiques :<\/strong><\/p>\n<ul data-start=\"2976\" data-end=\"3267\">\n<li data-start=\"2976\" data-end=\"3031\">\n<p data-start=\"2978\" data-end=\"3031\">Nom du produit : Axe 20\u00d7118 Jungheinrich \u2013 51506044<\/p>\n<\/li>\n<li data-start=\"3032\" data-end=\"3056\">\n<p data-start=\"3034\" data-end=\"3056\">R\u00e9f\u00e9rence : 51506044<\/p>\n<\/li>\n<li data-start=\"3057\" data-end=\"3085\">\n<p data-start=\"3059\" data-end=\"3085\">Dimensions : 20 \u00d7 118 mm<\/p>\n<\/li>\n<li data-start=\"3086\" data-end=\"3123\">\n<p data-start=\"3088\" data-end=\"3123\">Mat\u00e9riau : Acier haute r\u00e9sistance<\/p>\n<\/li>\n<li data-start=\"3124\" data-end=\"3193\">\n<p data-start=\"3126\" data-end=\"3193\">Domaine d\u2019utilisation : Syst\u00e8mes d\u2019essieu et de roue Jungheinrich<\/p>\n<\/li>\n<li data-start=\"3194\" data-end=\"3267\">\n<p data-start=\"3196\" data-end=\"3267\">Avantages : Grande robustesse, ajustement pr\u00e9cis, longue dur\u00e9e de vie<\/p>\n<\/li>\n<\/ul>\n","protected":false},"featured_media":20489,"template":"","meta":[],"product_brand":[],"product_cat":[467,236,522],"product_tag":[],"class_list":{"0":"post-20486","1":"product","2":"type-product","3":"status-publish","4":"has-post-thumbnail","6":"product_cat-mil-grubu","7":"product_cat-jungheinrich","8":"product_cat-yedek-parca-jungheinrich","10":"first","11":"instock","12":"taxable","13":"shipping-taxable","14":"purchasable","15":"product-type-simple"},"_links":{"self":[{"href":"https:\/\/ceoparts.com\/fr\/wp-json\/wp\/v2\/product\/20486","targetHints":{"allow":["GET"]}}],"collection":[{"href":"https:\/\/ceoparts.com\/fr\/wp-json\/wp\/v2\/product"}],"about":[{"href":"https:\/\/ceoparts.com\/fr\/wp-json\/wp\/v2\/types\/product"}],"wp:featuredmedia":[{"embeddable":true,"href":"https:\/\/ceoparts.com\/fr\/wp-json\/wp\/v2\/media\/20489"}],"wp:attachment":[{"href":"https:\/\/ceoparts.com\/fr\/wp-json\/wp\/v2\/media?parent=20486"}],"wp:term":[{"taxonomy":"product_brand","embeddable":true,"href":"https:\/\/ceoparts.com\/fr\/wp-json\/wp\/v2\/product_brand?post=20486"},{"taxonomy":"product_cat","embeddable":true,"href":"https:\/\/ceoparts.com\/fr\/wp-json\/wp\/v2\/product_cat?post=20486"},{"taxonomy":"product_tag","embeddable":true,"href":"https:\/\/ceoparts.com\/fr\/wp-json\/wp\/v2\/product_tag?post=20486"}],"curies":[{"name":"wp","href":"https:\/\/api.w.org\/{rel}","templated":true}]}}